{"id":4091,"date":"2018-08-01T15:26:00","date_gmt":"2018-08-01T15:26:00","guid":{"rendered":"http:\/\/trenaferragens1.hospedagemdesites.ws\/produto\/import-placeholder-for-5472\/"},"modified":"2018-08-01T15:26:22","modified_gmt":"2018-08-01T15:26:22","slug":"anel-vedacao-c-guia-mundial","status":"publish","type":"product","link":"https:\/\/trenaferragens.com.br\/?product=anel-vedacao-c-guia-mundial","title":{"rendered":"Anel Veda\u00e7\u00e3o C\/Guia Mundial"},"content":{"rendered":"<p>Anel Veda\u00e7\u00e3o C\/Guia Mundial<\/p>\n<h3>Mundial Prime<\/h3>\n<p>A Mundial Prime conta com um portf\u00f3lio com mais de 300 produtos &#8211; que atende o segmento automotivo e de constru\u00e7\u00e3o &#8211; e encantam mais de 4,5 mil clientes. Estes dois setores representam 60% do faturamento da marca, j\u00e1 os outros 40% s\u00e3o provenientes da tinta spray, que atende os dois mercados.<\/p>\n<p>A empresa conta com uma equipe de 70 representantes comerciais que cobrem todos os estados brasileiros. As regi\u00f5es Sul e Sudeste representaram, juntas, mais de 75% das vendas da Mundial Prime em 2015. O foco da empresa, agora, \u00e9 ampliar sua participa\u00e7\u00e3o nos mercados do Centro-Oeste, Norte e Nordeste.<\/p>\n<p>No Brasil, os produtos Mundial Prime est\u00e3o presentes em redes de materiais de constru\u00e7\u00e3o, home centers, distribuidores de ferragens e produtos automotivo, ind\u00fastria, supermercados, lojas de tintas, autope\u00e7as e motope\u00e7as, al\u00e9m de redes de posto de combust\u00edveis. S\u00e3o disponibilizados treinamento t\u00e9cnico de aplica\u00e7\u00e3o, manuseio e armazenamento de produtos.<\/p>\n<p>A Mundial Prime tamb\u00e9m exporta para o Uruguai, Argentina, Bol\u00edvia, Paraguai e Col\u00f4mbia. Com a inaugura\u00e7\u00e3o da nova f\u00e1brica, em Curitiba, e a amplia\u00e7\u00e3o da capacidade produtiva, projeta-se maior atua\u00e7\u00e3o no mercado da Am\u00e9rica Latina, com a busca de players em diversos segmentos.<\/p>\n","protected":false},"excerpt":{"rendered":"<p>Anel Veda\u00e7\u00e3o C\/Guia Mundial<\/p>\n<h4>Descri\u00e7\u00e3o<\/h4>\n<p>O anel de veda\u00e7\u00e3o com guia para vaso sanit\u00e1rio Mundial Prime \u00e9 f\u00e1cil de instalar e dispensa manuten\u00e7\u00e3o. Feito com borracha sint\u00e9tica ele \u00e9 flex\u00edvel,\u00a0na medida certa e adapta-se ao seu encaixe, evitando vazamentos de l\u00edquido ou mau cheiro (possui guia que facilita a instala\u00e7\u00e3o)<\/p>\n","protected":false},"featured_media":1144,"comment_status":"open","ping_status":"closed","template":"","meta":[],"product_cat":[1856],"product_tag":[644],"_links":{"self":[{"href":"https:\/\/trenaferragens.com.br\/index.php?rest_route=\/wp\/v2\/product\/4091"}],"collection":[{"href":"https:\/\/trenaferragens.com.br\/index.php?rest_route=\/wp\/v2\/product"}],"about":[{"href":"https:\/\/trenaferragens.com.br\/index.php?rest_route=\/wp\/v2\/types\/product"}],"replies":[{"embeddable":true,"href":"https:\/\/trenaferragens.com.br\/index.php?rest_route=%2Fwp%2Fv2%2Fcomments&post=4091"}],"wp:featuredmedia":[{"embeddable":true,"href":"https:\/\/trenaferragens.com.br\/index.php?rest_route=\/wp\/v2\/media\/1144"}],"wp:attachment":[{"href":"https:\/\/trenaferragens.com.br\/index.php?rest_route=%2Fwp%2Fv2%2Fmedia&parent=4091"}],"wp:term":[{"taxonomy":"product_cat","embeddable":true,"href":"https:\/\/trenaferragens.com.br\/index.php?rest_route=%2Fwp%2Fv2%2Fproduct_cat&post=4091"},{"taxonomy":"product_tag","embeddable":true,"href":"https:\/\/trenaferragens.com.br\/index.php?rest_route=%2Fwp%2Fv2%2Fproduct_tag&post=4091"}],"curies":[{"name":"wp","href":"https:\/\/api.w.org\/{rel}","templated":true}]}}