{"id":4093,"date":"2018-08-01T15:26:02","date_gmt":"2018-08-01T15:26:02","guid":{"rendered":"http:\/\/trenaferragens1.hospedagemdesites.ws\/produto\/import-placeholder-for-5477\/"},"modified":"2018-08-01T15:26:23","modified_gmt":"2018-08-01T15:26:23","slug":"silicone-bisnaga-50g-incolor-mundial","status":"publish","type":"product","link":"https:\/\/trenaferragens.com.br\/?product=silicone-bisnaga-50g-incolor-mundial","title":{"rendered":"Silicone Bisnaga 50G Incolor Mundial"},"content":{"rendered":"<p>Silicone Bisnaga 50G Incolor Mundial<\/p>\n<h3>Mundial Prime<\/h3>\n<p>A Mundial Prime conta com um portf\u00f3lio com mais de 300 produtos &#8211; que atende o segmento automotivo e de constru\u00e7\u00e3o &#8211; e encantam mais de 4,5 mil clientes. Estes dois setores representam 60% do faturamento da marca, j\u00e1 os outros 40% s\u00e3o provenientes da tinta spray, que atende os dois mercados.<\/p>\n<p>A empresa conta com uma equipe de 70 representantes comerciais que cobrem todos os estados brasileiros. As regi\u00f5es Sul e Sudeste representaram, juntas, mais de 75% das vendas da Mundial Prime em 2015. O foco da empresa, agora, \u00e9 ampliar sua participa\u00e7\u00e3o nos mercados do Centro-Oeste, Norte e Nordeste.<\/p>\n<p>No Brasil, os produtos Mundial Prime est\u00e3o presentes em redes de materiais de constru\u00e7\u00e3o, home centers, distribuidores de ferragens e produtos automotivo, ind\u00fastria, supermercados, lojas de tintas, autope\u00e7as e motope\u00e7as, al\u00e9m de redes de posto de combust\u00edveis. S\u00e3o disponibilizados treinamento t\u00e9cnico de aplica\u00e7\u00e3o, manuseio e armazenamento de produtos.<\/p>\n<p>A Mundial Prime tamb\u00e9m exporta para o Uruguai, Argentina, Bol\u00edvia, Paraguai e Col\u00f4mbia. Com a inaugura\u00e7\u00e3o da nova f\u00e1brica, em Curitiba, e a amplia\u00e7\u00e3o da capacidade produtiva, projeta-se maior atua\u00e7\u00e3o no mercado da Am\u00e9rica Latina, com a busca de players em diversos segmentos.<\/p>\n","protected":false},"excerpt":{"rendered":"<p>Silicone Bisnaga 50G Incolor Mundial<\/p>\n<h4>\u00a0Descri\u00e7\u00e3o<\/h4>\n<p>O adesivo de silicone Mundial Prime \u00e9 um adesivo vedante, que polimeriza em contato com o ar, transformando-se em uma massa similar \u00e0 borracha. \u00c9 de f\u00e1cil ader\u00eancia em materiais como: azulejos, vidros, metais, cer\u00e2micas, m\u00e1rmores, granitos, pl\u00e1sticos, tecidos e couros. O tempo de cura \u00e9 de 15 minutos. O adesivo de silicone Mundial Prime forma uma pel\u00edcula flex\u00edvel, imperme\u00e1vel, resistente aos raios ultravioleta e a rea\u00e7\u00f5es de temperatura.<\/p>\n","protected":false},"featured_media":1159,"comment_status":"open","ping_status":"closed","template":"","meta":[],"product_cat":[1856],"product_tag":[646],"_links":{"self":[{"href":"https:\/\/trenaferragens.com.br\/index.php?rest_route=\/wp\/v2\/product\/4093"}],"collection":[{"href":"https:\/\/trenaferragens.com.br\/index.php?rest_route=\/wp\/v2\/product"}],"about":[{"href":"https:\/\/trenaferragens.com.br\/index.php?rest_route=\/wp\/v2\/types\/product"}],"replies":[{"embeddable":true,"href":"https:\/\/trenaferragens.com.br\/index.php?rest_route=%2Fwp%2Fv2%2Fcomments&post=4093"}],"wp:featuredmedia":[{"embeddable":true,"href":"https:\/\/trenaferragens.com.br\/index.php?rest_route=\/wp\/v2\/media\/1159"}],"wp:attachment":[{"href":"https:\/\/trenaferragens.com.br\/index.php?rest_route=%2Fwp%2Fv2%2Fmedia&parent=4093"}],"wp:term":[{"taxonomy":"product_cat","embeddable":true,"href":"https:\/\/trenaferragens.com.br\/index.php?rest_route=%2Fwp%2Fv2%2Fproduct_cat&post=4093"},{"taxonomy":"product_tag","embeddable":true,"href":"https:\/\/trenaferragens.com.br\/index.php?rest_route=%2Fwp%2Fv2%2Fproduct_tag&post=4093"}],"curies":[{"name":"wp","href":"https:\/\/api.w.org\/{rel}","templated":true}]}}