{"id":4095,"date":"2018-08-01T15:26:04","date_gmt":"2018-08-01T15:26:04","guid":{"rendered":"http:\/\/trenaferragens1.hospedagemdesites.ws\/produto\/import-placeholder-for-5482\/"},"modified":"2018-08-01T15:26:24","modified_gmt":"2018-08-01T15:26:24","slug":"limpa-contatos-300ml-spray","status":"publish","type":"product","link":"https:\/\/trenaferragens.com.br\/?product=limpa-contatos-300ml-spray","title":{"rendered":"Limpa Contatos 300ML Spray"},"content":{"rendered":"<p>Limpa Contatos 300ML Spray<\/p>\n<h3>Mundial Prime<\/h3>\n<p>A Mundial Prime conta com um portf\u00f3lio com mais de 300 produtos &#8211; que atende o segmento automotivo e de constru\u00e7\u00e3o &#8211; e encantam mais de 4,5 mil clientes. Estes dois setores representam 60% do faturamento da marca, j\u00e1 os outros 40% s\u00e3o provenientes da tinta spray, que atende os dois mercados.<\/p>\n<p>A empresa conta com uma equipe de 70 representantes comerciais que cobrem todos os estados brasileiros. As regi\u00f5es Sul e Sudeste representaram, juntas, mais de 75% das vendas da Mundial Prime em 2015. O foco da empresa, agora, \u00e9 ampliar sua participa\u00e7\u00e3o nos mercados do Centro-Oeste, Norte e Nordeste.<\/p>\n<p>No Brasil, os produtos Mundial Prime est\u00e3o presentes em redes de materiais de constru\u00e7\u00e3o, home centers, distribuidores de ferragens e produtos automotivo, ind\u00fastria, supermercados, lojas de tintas, autope\u00e7as e motope\u00e7as, al\u00e9m de redes de posto de combust\u00edveis. S\u00e3o disponibilizados treinamento t\u00e9cnico de aplica\u00e7\u00e3o, manuseio e armazenamento de produtos.<\/p>\n<p>A Mundial Prime tamb\u00e9m exporta para o Uruguai, Argentina, Bol\u00edvia, Paraguai e Col\u00f4mbia. Com a inaugura\u00e7\u00e3o da nova f\u00e1brica, em Curitiba, e a amplia\u00e7\u00e3o da capacidade produtiva, projeta-se maior atua\u00e7\u00e3o no mercado da Am\u00e9rica Latina, com a busca de players em diversos segmentos.<\/p>\n","protected":false},"excerpt":{"rendered":"<p>Limpa Contatos 300ML Spray<\/p>\n<h4>Descri\u00e7\u00e3o<\/h4>\n<p>O Limpa Contato N\u00e3o Inflam\u00e1vel \u00e9 um produto elaborado para ser utilizado como limpador e restaurador da continuidade el\u00e9trica em circuitos eletro-eletr\u00f4nicos sem a necessidade da desmontagem do equipamento. Possui um excelente poder de limpeza dos aparelhos que tenham res\u00edduos de graxa, poeira ou outros elementos que impe\u00e7am a continuidade el\u00e9trica.<\/p>\n<p>Locais de aplica\u00e7\u00e3o: \u00f3timo para aplica\u00e7\u00e3o em conectores, cabos de vela, sistemas de inje\u00e7\u00e3o eletr\u00f4nica, antenas el\u00e9tricas, seletores de voltagem, sintonizadores, tampas de distribuidores, circuitos impressos, meios magn\u00e9ticos, c\u00e2meras fotogr\u00e1ficas, sensores \u00f3pticos, rel\u00eas de mudan\u00e7a, contatos de aparelhos telef\u00f4nicos e outros aparelhos e sistemas que necessitem deste tipo de limpeza.<\/p>\n","protected":false},"featured_media":1161,"comment_status":"open","ping_status":"closed","template":"","meta":[],"product_cat":[1855],"product_tag":[648],"_links":{"self":[{"href":"https:\/\/trenaferragens.com.br\/index.php?rest_route=\/wp\/v2\/product\/4095"}],"collection":[{"href":"https:\/\/trenaferragens.com.br\/index.php?rest_route=\/wp\/v2\/product"}],"about":[{"href":"https:\/\/trenaferragens.com.br\/index.php?rest_route=\/wp\/v2\/types\/product"}],"replies":[{"embeddable":true,"href":"https:\/\/trenaferragens.com.br\/index.php?rest_route=%2Fwp%2Fv2%2Fcomments&post=4095"}],"wp:featuredmedia":[{"embeddable":true,"href":"https:\/\/trenaferragens.com.br\/index.php?rest_route=\/wp\/v2\/media\/1161"}],"wp:attachment":[{"href":"https:\/\/trenaferragens.com.br\/index.php?rest_route=%2Fwp%2Fv2%2Fmedia&parent=4095"}],"wp:term":[{"taxonomy":"product_cat","embeddable":true,"href":"https:\/\/trenaferragens.com.br\/index.php?rest_route=%2Fwp%2Fv2%2Fproduct_cat&post=4095"},{"taxonomy":"product_tag","embeddable":true,"href":"https:\/\/trenaferragens.com.br\/index.php?rest_route=%2Fwp%2Fv2%2Fproduct_tag&post=4095"}],"curies":[{"name":"wp","href":"https:\/\/api.w.org\/{rel}","templated":true}]}}