{"id":4098,"date":"2018-08-01T15:26:06","date_gmt":"2018-08-01T15:26:06","guid":{"rendered":"http:\/\/trenaferragens1.hospedagemdesites.ws\/produto\/import-placeholder-for-5498\/"},"modified":"2018-08-01T15:26:50","modified_gmt":"2018-08-01T15:26:50","slug":"cartucho-gas-190grs","status":"publish","type":"product","link":"https:\/\/trenaferragens.com.br\/?product=cartucho-gas-190grs","title":{"rendered":"Cartucho G\u00e1s 190GRS"},"content":{"rendered":"<p>Cartucho G\u00e1s 190GRS<\/p>\n<p>Somos uma empresa Brasileira, por\u00e9m com sotaque de Gringo, em atividade desde 2010, sempre com o objetivo primordial de atender bem nossos clientes, atrav\u00e9s de uma comunica\u00e7\u00e3o eficiente, com entregas imediatas, pre\u00e7os superconvidativos atrav\u00e9s de nossas promo\u00e7\u00f5es especiais.<\/p>\n<p>Nossos produtos importados, s\u00e3o de \u00f3tima qualidade, seguindo normas t\u00e9cnicas internacionais e nacionais, com um selo de Garantia de 2 Anos\u00a0que fala mais alto.<\/p>\n<p>Oferecemos a nossos clientes produtos com excelente rentabilidade e plena satisfa\u00e7\u00e3o para o \u00a0consumidor final.<\/p>\n<p>A for\u00e7a da chama, ilumina nosso caminho de bons neg\u00f3cios com nossos clientes parceiros de todo Brasil.<\/p>\n","protected":false},"excerpt":{"rendered":"<p>Cartucho G\u00e1s 190GRS<\/p>\n<p>G\u00c1S 190\u00a0GRAMAS para Ma\u00e7arico port\u00e1til &#8211; G\u00e1s inflam\u00e1vel\u00a0contido em \u00a0refil sob press\u00e3o.<\/p>\n<p>Validade do produto: Indeterminado<\/p>\n<p>Embalagem: REFIL, N\u00c3O REUTILIZ\u00c1VEL<\/p>\n<p>Aten\u00e7\u00e3o: \u00a0LEIA ATENTAMENTE\u00a0as instru\u00e7\u00f5es ANTES DO USO<\/p>\n<p>Composi\u00e7\u00e3o:\u00a0G\u00e1s 100% Butano<\/p>\n","protected":false},"featured_media":1164,"comment_status":"open","ping_status":"closed","template":"","meta":[],"product_cat":[1854],"product_tag":[651],"_links":{"self":[{"href":"https:\/\/trenaferragens.com.br\/index.php?rest_route=\/wp\/v2\/product\/4098"}],"collection":[{"href":"https:\/\/trenaferragens.com.br\/index.php?rest_route=\/wp\/v2\/product"}],"about":[{"href":"https:\/\/trenaferragens.com.br\/index.php?rest_route=\/wp\/v2\/types\/product"}],"replies":[{"embeddable":true,"href":"https:\/\/trenaferragens.com.br\/index.php?rest_route=%2Fwp%2Fv2%2Fcomments&post=4098"}],"wp:featuredmedia":[{"embeddable":true,"href":"https:\/\/trenaferragens.com.br\/index.php?rest_route=\/wp\/v2\/media\/1164"}],"wp:attachment":[{"href":"https:\/\/trenaferragens.com.br\/index.php?rest_route=%2Fwp%2Fv2%2Fmedia&parent=4098"}],"wp:term":[{"taxonomy":"product_cat","embeddable":true,"href":"https:\/\/trenaferragens.com.br\/index.php?rest_route=%2Fwp%2Fv2%2Fproduct_cat&post=4098"},{"taxonomy":"product_tag","embeddable":true,"href":"https:\/\/trenaferragens.com.br\/index.php?rest_route=%2Fwp%2Fv2%2Fproduct_tag&post=4098"}],"curies":[{"name":"wp","href":"https:\/\/api.w.org\/{rel}","templated":true}]}}