{"id":4099,"date":"2018-08-01T15:26:29","date_gmt":"2018-08-01T15:26:29","guid":{"rendered":"http:\/\/trenaferragens1.hospedagemdesites.ws\/produto\/import-placeholder-for-5500\/"},"modified":"2018-08-01T15:26:51","modified_gmt":"2018-08-01T15:26:51","slug":"macarico-portatil-2it","status":"publish","type":"product","link":"https:\/\/trenaferragens.com.br\/?product=macarico-portatil-2it","title":{"rendered":"Ma\u00e7arico Port\u00e1til &#8211; 2IT"},"content":{"rendered":"<p>Ma\u00e7arico Port\u00e1til &#8211; 2IT<\/p>\n<p>Somos uma empresa Brasileira, por\u00e9m com sotaque de Gringo, em atividade desde 2010, sempre com o objetivo primordial de atender bem nossos clientes, atrav\u00e9s de uma comunica\u00e7\u00e3o eficiente, com entregas imediatas, pre\u00e7os superconvidativos atrav\u00e9s de nossas promo\u00e7\u00f5es especiais.<\/p>\n<p>Nossos produtos importados, s\u00e3o de \u00f3tima qualidade, seguindo normas t\u00e9cnicas internacionais e nacionais, com um selo de Garantia de 2 Anos\u00a0que fala mais alto.<\/p>\n<p>Oferecemos a nossos clientes produtos com excelente rentabilidade e plena satisfa\u00e7\u00e3o para o \u00a0consumidor final.<\/p>\n<p>A for\u00e7a da chama, ilumina nosso caminho de bons neg\u00f3cios com nossos clientes parceiros de todo Brasil.<\/p>\n","protected":false},"excerpt":{"rendered":"<p>Ma\u00e7arico Port\u00e1til &#8211; 2IT<\/p>\n<p><span class=\"goog-text-highlight\">MA\u00c7ARICO PORT\u00c1TIL 2IT marca ITALGAS, produto de pequeno porte, qualidade extrema e grande efici\u00eancia, com dois anos de garantia, importado, pode ser usado em diversas aplica\u00e7\u00f5es em muitas \u00e1reas profissionais.\u00a0<\/span>Fabricado segundo normas internacionais. 02 anos de garantia. Adapt\u00e1vel facilmente para o refil de g\u00e1s de 227 gramas, durante o uso pode pode ser inclinado em qualquer \u00e2ngulo. F\u00e1cil de carregar e manusear. O g\u00e1s \u00e9 fornecido avulso, veja nossa se\u00e7\u00e3o G\u00e1s 227g.<\/p>\n<p>Acendimento: Autom\u00e1tico.<\/p>\n<p>Embalagem do produto: Blister<\/p>\n<p>Validade do produto lacrado: Indeterminado<\/p>\n<p>Aten\u00e7\u00e3o ANTES DE USAR: Leia atentamente o Manual de Instru\u00e7\u00f5es e recomenda\u00e7\u00f5es, impresso no interior da cartela de papel\u00e3o do pr\u00f3prio produto.<\/p>\n<p>&nbsp;<\/p>\n","protected":false},"featured_media":1165,"comment_status":"open","ping_status":"closed","template":"","meta":[],"product_cat":[1854],"product_tag":[652],"_links":{"self":[{"href":"https:\/\/trenaferragens.com.br\/index.php?rest_route=\/wp\/v2\/product\/4099"}],"collection":[{"href":"https:\/\/trenaferragens.com.br\/index.php?rest_route=\/wp\/v2\/product"}],"about":[{"href":"https:\/\/trenaferragens.com.br\/index.php?rest_route=\/wp\/v2\/types\/product"}],"replies":[{"embeddable":true,"href":"https:\/\/trenaferragens.com.br\/index.php?rest_route=%2Fwp%2Fv2%2Fcomments&post=4099"}],"wp:featuredmedia":[{"embeddable":true,"href":"https:\/\/trenaferragens.com.br\/index.php?rest_route=\/wp\/v2\/media\/1165"}],"wp:attachment":[{"href":"https:\/\/trenaferragens.com.br\/index.php?rest_route=%2Fwp%2Fv2%2Fmedia&parent=4099"}],"wp:term":[{"taxonomy":"product_cat","embeddable":true,"href":"https:\/\/trenaferragens.com.br\/index.php?rest_route=%2Fwp%2Fv2%2Fproduct_cat&post=4099"},{"taxonomy":"product_tag","embeddable":true,"href":"https:\/\/trenaferragens.com.br\/index.php?rest_route=%2Fwp%2Fv2%2Fproduct_tag&post=4099"}],"curies":[{"name":"wp","href":"https:\/\/api.w.org\/{rel}","templated":true}]}}