{"id":4101,"date":"2018-08-01T15:26:31","date_gmt":"2018-08-01T15:26:31","guid":{"rendered":"http:\/\/trenaferragens1.hospedagemdesites.ws\/produto\/import-placeholder-for-5504\/"},"modified":"2018-08-01T15:26:53","modified_gmt":"2018-08-01T15:26:53","slug":"macarico-portatil-6it","status":"publish","type":"product","link":"https:\/\/trenaferragens.com.br\/?product=macarico-portatil-6it","title":{"rendered":"Ma\u00e7arico Port\u00e1til 6IT"},"content":{"rendered":"<p>Ma\u00e7arico Port\u00e1til 6IT<\/p>\n<p>Somos uma empresa Brasileira, por\u00e9m com sotaque de Gringo, em atividade desde 2010, sempre com o objetivo primordial de atender bem nossos clientes, atrav\u00e9s de uma comunica\u00e7\u00e3o eficiente, com entregas imediatas, pre\u00e7os superconvidativos atrav\u00e9s de nossas promo\u00e7\u00f5es especiais.<\/p>\n<p>Nossos produtos importados, s\u00e3o de \u00f3tima qualidade, seguindo normas t\u00e9cnicas internacionais e nacionais, com um selo de Garantia de 2 Anos\u00a0que fala mais alto.<\/p>\n<p>Oferecemos a nossos clientes produtos com excelente rentabilidade e plena satisfa\u00e7\u00e3o para o \u00a0consumidor final.<\/p>\n<p>A for\u00e7a da chama, ilumina nosso caminho de bons neg\u00f3cios com nossos clientes parceiros de todo Brasil.<\/p>\n","protected":false},"excerpt":{"rendered":"<p>Ma\u00e7arico Port\u00e1til 6IT<\/p>\n<p><span class=\"goog-text-highlight\">MA\u00c7ARICO PORT\u00c1TIL 6IT marca ITALGAS, produto de pequeno porte, qualidade extrema e grande efici\u00eancia, com dois anos de garantia, importado, pode ser usado em diversas aplica\u00e7\u00f5es em muitas \u00e1reas profissionais.\u00a0<\/span>Fabricado segundo normas internacionais. 02 anos de garantia. Utiliza\u00e7\u00e3o do cilindro\u00a0<span class=\"goog-text-highlight\">\u00a0de G\u00e1s MAPP de 400 gramas, durante o uso pode ser mantido inclinado em qualquer \u00e2ngulo.\u00a0<\/span>F\u00e1cil de carregar e manusear. O g\u00e1s n\u00e3o est\u00e1 junto com o Ma\u00e7arico e \u00e9 fornecido de forma avulsa, veja nossa se\u00e7\u00e3o G\u00c1S MAPP 400g.<\/p>\n<p>Acendimento: Autom\u00e1tico.<\/p>\n<p>Embalagem do produto: Blister.<\/p>\n<p>Validade do produto lacrado: Indeterminado<\/p>\n<p>Aten\u00e7\u00e3o ANTES DE USAR: Leia atentamente o Manual de Instru\u00e7\u00f5es e recomenda\u00e7\u00f5es, impresso no verso do Blister e tamb\u00e9m como instru\u00e7\u00f5es no cilindro do G\u00e1s de usar.<\/p>\n","protected":false},"featured_media":1167,"comment_status":"open","ping_status":"closed","template":"","meta":[],"product_cat":[1854],"product_tag":[654],"_links":{"self":[{"href":"https:\/\/trenaferragens.com.br\/index.php?rest_route=\/wp\/v2\/product\/4101"}],"collection":[{"href":"https:\/\/trenaferragens.com.br\/index.php?rest_route=\/wp\/v2\/product"}],"about":[{"href":"https:\/\/trenaferragens.com.br\/index.php?rest_route=\/wp\/v2\/types\/product"}],"replies":[{"embeddable":true,"href":"https:\/\/trenaferragens.com.br\/index.php?rest_route=%2Fwp%2Fv2%2Fcomments&post=4101"}],"wp:featuredmedia":[{"embeddable":true,"href":"https:\/\/trenaferragens.com.br\/index.php?rest_route=\/wp\/v2\/media\/1167"}],"wp:attachment":[{"href":"https:\/\/trenaferragens.com.br\/index.php?rest_route=%2Fwp%2Fv2%2Fmedia&parent=4101"}],"wp:term":[{"taxonomy":"product_cat","embeddable":true,"href":"https:\/\/trenaferragens.com.br\/index.php?rest_route=%2Fwp%2Fv2%2Fproduct_cat&post=4101"},{"taxonomy":"product_tag","embeddable":true,"href":"https:\/\/trenaferragens.com.br\/index.php?rest_route=%2Fwp%2Fv2%2Fproduct_tag&post=4101"}],"curies":[{"name":"wp","href":"https:\/\/api.w.org\/{rel}","templated":true}]}}