{"id":4102,"date":"2018-08-01T15:26:32","date_gmt":"2018-08-01T15:26:32","guid":{"rendered":"http:\/\/trenaferragens1.hospedagemdesites.ws\/produto\/import-placeholder-for-5506\/"},"modified":"2018-08-01T15:26:54","modified_gmt":"2018-08-01T15:26:54","slug":"macarico-portatil-ns-504-4it","status":"publish","type":"product","link":"https:\/\/trenaferragens.com.br\/?product=macarico-portatil-ns-504-4it","title":{"rendered":"Ma\u00e7arico Port\u00e1til NS-504 (4IT)"},"content":{"rendered":"<p>Ma\u00e7arico Port\u00e1til NS-504 (4IT)<\/p>\n<p>Somos uma empresa Brasileira, por\u00e9m com sotaque de Gringo, em atividade desde 2010, sempre com o objetivo primordial de atender bem nossos clientes, atrav\u00e9s de uma comunica\u00e7\u00e3o eficiente, com entregas imediatas, pre\u00e7os superconvidativos atrav\u00e9s de nossas promo\u00e7\u00f5es especiais.<\/p>\n<p>Nossos produtos importados, s\u00e3o de \u00f3tima qualidade, seguindo normas t\u00e9cnicas internacionais e nacionais, com um selo de Garantia de 2 Anos\u00a0que fala mais alto.<\/p>\n<p>Oferecemos a nossos clientes produtos com excelente rentabilidade e plena satisfa\u00e7\u00e3o para o \u00a0consumidor final.<\/p>\n<p>A for\u00e7a da chama, ilumina nosso caminho de bons neg\u00f3cios com nossos clientes parceiros de todo Brasil.<\/p>\n","protected":false},"excerpt":{"rendered":"<p>Ma\u00e7arico Port\u00e1til NS-504 (4IT)<\/p>\n","protected":false},"featured_media":1168,"comment_status":"open","ping_status":"closed","template":"","meta":[],"product_cat":[1854],"product_tag":[655],"_links":{"self":[{"href":"https:\/\/trenaferragens.com.br\/index.php?rest_route=\/wp\/v2\/product\/4102"}],"collection":[{"href":"https:\/\/trenaferragens.com.br\/index.php?rest_route=\/wp\/v2\/product"}],"about":[{"href":"https:\/\/trenaferragens.com.br\/index.php?rest_route=\/wp\/v2\/types\/product"}],"replies":[{"embeddable":true,"href":"https:\/\/trenaferragens.com.br\/index.php?rest_route=%2Fwp%2Fv2%2Fcomments&post=4102"}],"wp:featuredmedia":[{"embeddable":true,"href":"https:\/\/trenaferragens.com.br\/index.php?rest_route=\/wp\/v2\/media\/1168"}],"wp:attachment":[{"href":"https:\/\/trenaferragens.com.br\/index.php?rest_route=%2Fwp%2Fv2%2Fmedia&parent=4102"}],"wp:term":[{"taxonomy":"product_cat","embeddable":true,"href":"https:\/\/trenaferragens.com.br\/index.php?rest_route=%2Fwp%2Fv2%2Fproduct_cat&post=4102"},{"taxonomy":"product_tag","embeddable":true,"href":"https:\/\/trenaferragens.com.br\/index.php?rest_route=%2Fwp%2Fv2%2Fproduct_tag&post=4102"}],"curies":[{"name":"wp","href":"https:\/\/api.w.org\/{rel}","templated":true}]}}