{"id":4111,"date":"2018-08-01T15:26:39","date_gmt":"2018-08-01T15:26:39","guid":{"rendered":"http:\/\/trenaferragens1.hospedagemdesites.ws\/produto\/import-placeholder-for-5534\/"},"modified":"2018-08-01T15:27:02","modified_gmt":"2018-08-01T15:27:02","slug":"selador-acrilico","status":"publish","type":"product","link":"https:\/\/trenaferragens.com.br\/?product=selador-acrilico","title":{"rendered":"Selador Acr\u00edlico"},"content":{"rendered":"<p>Selador Acr\u00edlico<\/p>\n<p>CORAL<\/p>\n<p>Levar cor para a vida das pessoas. Essa \u00e9 a miss\u00e3o da Coral, marca que atua no mercado brasileiro de tintas h\u00e1 mais de cinco d\u00e9cadas. Desde que foi fundada, em 1954, a Coral desenvolve produtos e servi\u00e7os de alta qualidade, al\u00e9m de tecnologias que auxiliam consumidores e pintores a transformar casas, escrit\u00f3rios, pr\u00e9dios hist\u00f3ricos e todo tipo de constru\u00e7\u00e3o com uma simples pintura.<\/p>\n<p>Cor est\u00e1 no DNA da Coral. Sua paleta \u00e9 a mais completa do mercado, com 2.016 tons \u2013 todos com nomes, o que facilita a memoriza\u00e7\u00e3o. A expertise na \u00e1rea resultou ainda na cria\u00e7\u00e3o de ferramentas que ajudam na escolha e na combina\u00e7\u00e3o de tonalidades. E mais: anualmente, a marca aponta a cor que ser\u00e1 tend\u00eancia nos meses seguintes, gra\u00e7as ao Colour Futures, um estudo internacional que re\u00fane especialistas dos quatro cantos do planeta. Em fun\u00e7\u00e3o dessa postura, a Coral consolidou-se como geradora de tend\u00eancias, ultrapassando as fronteiras da ind\u00fastria qu\u00edmica e se posicionando como uma marca tamb\u00e9m presente nas \u00e1reas de arquitetura, decora\u00e7\u00e3o e design.<\/p>\n","protected":false},"excerpt":{"rendered":"<p>Selador Acr\u00edlico<\/p>\n<p>DISPON\u00cdVEL NOS TAMANHOS:<\/p>\n<p>Selador Acr\u00edlico 3,6L<\/p>\n<p>Selador Acr\u00edlico 18L<\/p>\n<p class=\"fl-prod-key-facts\">Informa\u00e7\u00f5es<\/p>\n<p><strong>Pinta at\u00e9<\/strong>\u00a0\u2248 6 m\u00b2\/L<\/p>\n<p><strong>Tempo de secagem<\/strong>\u00a0Ao toque: 30min Entre dem\u00e3os: 4h Final: 5h<\/p>\n<p><strong>N\u00famero de dem\u00e3os<\/strong>\u00a01<\/p>\n<p class=\"no-margin fl-prod-key-facts\">Descri\u00e7\u00e3o de produtos<\/p>\n<p>Para proteger e manter sua pintura bonita e nova por muito mais tempo \u00e9 necess\u00e1rio fazer uma boa prepara\u00e7\u00e3o da superf\u00edcie. Indicado para paredes novas, o Selador Acr\u00edlico impermeabiliza e uniformiza as mais diversas superf\u00edcies de alvenaria devido ao seu poder selante e \u00f3tima ader\u00eancia. \u00c9 um fundo de cor branco fosco, dilu\u00edvel em \u00e1gua e de r\u00e1pida secagem. Com grande poder de preenchimento e cobertura, pode ser aplicado em ambientes internos e externos e prepara a superf\u00edcie para os demais cuidados que sua parede necessita. Uma lata de 18L rende at\u00e9 100m\u00b2.<\/p>\n","protected":false},"featured_media":1200,"comment_status":"open","ping_status":"closed","template":"","meta":[],"product_cat":[178],"product_tag":[664],"_links":{"self":[{"href":"https:\/\/trenaferragens.com.br\/index.php?rest_route=\/wp\/v2\/product\/4111"}],"collection":[{"href":"https:\/\/trenaferragens.com.br\/index.php?rest_route=\/wp\/v2\/product"}],"about":[{"href":"https:\/\/trenaferragens.com.br\/index.php?rest_route=\/wp\/v2\/types\/product"}],"replies":[{"embeddable":true,"href":"https:\/\/trenaferragens.com.br\/index.php?rest_route=%2Fwp%2Fv2%2Fcomments&post=4111"}],"wp:featuredmedia":[{"embeddable":true,"href":"https:\/\/trenaferragens.com.br\/index.php?rest_route=\/wp\/v2\/media\/1200"}],"wp:attachment":[{"href":"https:\/\/trenaferragens.com.br\/index.php?rest_route=%2Fwp%2Fv2%2Fmedia&parent=4111"}],"wp:term":[{"taxonomy":"product_cat","embeddable":true,"href":"https:\/\/trenaferragens.com.br\/index.php?rest_route=%2Fwp%2Fv2%2Fproduct_cat&post=4111"},{"taxonomy":"product_tag","embeddable":true,"href":"https:\/\/trenaferragens.com.br\/index.php?rest_route=%2Fwp%2Fv2%2Fproduct_tag&post=4111"}],"curies":[{"name":"wp","href":"https:\/\/api.w.org\/{rel}","templated":true}]}}