{"id":4182,"date":"2018-08-01T15:28:40","date_gmt":"2018-08-01T15:28:40","guid":{"rendered":"http:\/\/trenaferragens1.hospedagemdesites.ws\/produto\/import-placeholder-for-5695\/"},"modified":"2021-08-18T12:15:38","modified_gmt":"2021-08-18T12:15:38","slug":"torneira-c-filtro-fixa-abs-1160-c50-cr","status":"publish","type":"product","link":"https:\/\/trenaferragens.com.br\/?product=torneira-c-filtro-fixa-abs-1160-c50-cr","title":{"rendered":"Torneira C\/Filtro Fixa ABS 1160 C50 CR"},"content":{"rendered":"<p>Torneira C\/Filtro Fixa ABS 1160 C50 CR<\/p>\n<p>LE\u00c3O<\/p>\n<p>Desenvolver solu\u00e7\u00f5es com qualidade, inova\u00e7\u00e3o e requinte s\u00e3o pr\u00e1ticas primordiais para a Le\u00e3o Metais. Localizada em Loanda, no Noroeste do Paran\u00e1, a empresa foi fundada em 15 de abril de 1999 e possui uma das maiores ind\u00fastrias de metais sanit\u00e1rios do sul do pa\u00eds, se firmando no mercado nacional como uma das principais empresas do segmento.<\/p>\n<p>Na sede da Le\u00e3o, de onde saem os produtos que agradam aos clientes mais exigentes, os detalhes de cada pe\u00e7a s\u00e3o devidamente apurados para que o resultado final seja o melhor. Tudo \u00e9 verificado e testado antes de entrar na embalagem e ser despachado para nossos pontos de vendas.<\/p>\n<p>A tecnologia tamb\u00e9m est\u00e1 presente na Le\u00e3o. O constante investimento em maquin\u00e1rio de \u00faltima gera\u00e7\u00e3o proporciona melhores produtos, com acabamento mais refinado e seguran\u00e7a na hora da instala\u00e7\u00e3o.<\/p>\n<p>A Le\u00e3o Metais \u00e9 uma empresa ecologicamente respons\u00e1vel que busca cuidar dos recursos naturais. Toda \u00e1gua utilizada no processo de cromagem \u00e9 rigorosamente filtrada e tratada para retornar ao meio ambiente. Assim, a qualidade de vida das futuras gera\u00e7\u00f5es n\u00e3o ser\u00e1 comprometida.<\/p>\n<p>Le\u00e3o Metais. Compromisso com a qualidade, com seus clientes e com o futuro.<\/p>\n","protected":false},"excerpt":{"rendered":"<p>Torneira C\/Filtro Fixa ABS 1160 C50 CR<\/p>\n","protected":false},"featured_media":1347,"comment_status":"open","ping_status":"closed","template":"","meta":[],"product_cat":[1188],"product_tag":[736],"_links":{"self":[{"href":"https:\/\/trenaferragens.com.br\/index.php?rest_route=\/wp\/v2\/product\/4182"}],"collection":[{"href":"https:\/\/trenaferragens.com.br\/index.php?rest_route=\/wp\/v2\/product"}],"about":[{"href":"https:\/\/trenaferragens.com.br\/index.php?rest_route=\/wp\/v2\/types\/product"}],"replies":[{"embeddable":true,"href":"https:\/\/trenaferragens.com.br\/index.php?rest_route=%2Fwp%2Fv2%2Fcomments&post=4182"}],"wp:featuredmedia":[{"embeddable":true,"href":"https:\/\/trenaferragens.com.br\/index.php?rest_route=\/wp\/v2\/media\/1347"}],"wp:attachment":[{"href":"https:\/\/trenaferragens.com.br\/index.php?rest_route=%2Fwp%2Fv2%2Fmedia&parent=4182"}],"wp:term":[{"taxonomy":"product_cat","embeddable":true,"href":"https:\/\/trenaferragens.com.br\/index.php?rest_route=%2Fwp%2Fv2%2Fproduct_cat&post=4182"},{"taxonomy":"product_tag","embeddable":true,"href":"https:\/\/trenaferragens.com.br\/index.php?rest_route=%2Fwp%2Fv2%2Fproduct_tag&post=4182"}],"curies":[{"name":"wp","href":"https:\/\/api.w.org\/{rel}","templated":true}]}}