{"id":4217,"date":"2018-08-01T15:29:33","date_gmt":"2018-08-01T15:29:33","guid":{"rendered":"http:\/\/trenaferragens1.hospedagemdesites.ws\/produto\/import-placeholder-for-5778\/"},"modified":"2018-08-01T15:29:59","modified_gmt":"2018-08-01T15:29:59","slug":"refil-p-filtro-multivazao-2215","status":"publish","type":"product","link":"https:\/\/trenaferragens.com.br\/?product=refil-p-filtro-multivazao-2215","title":{"rendered":"Refil P\/Filtro Multivaz\u00e3o 2215"},"content":{"rendered":"<p>Refil P\/Filtro Multivaz\u00e3o 2215<\/p>\n<p><span style=\"font-size: 14.4px;\">LE\u00c3O<\/span><\/p>\n<p>Desenvolver solu\u00e7\u00f5es com qualidade, inova\u00e7\u00e3o e requinte s\u00e3o pr\u00e1ticas primordiais para a Le\u00e3o Metais. Localizada em Loanda, no Noroeste do Paran\u00e1, a empresa foi fundada em 15 de abril de 1999 e possui uma das maiores ind\u00fastrias de metais sanit\u00e1rios do sul do pa\u00eds, se firmando no mercado nacional como uma das principais empresas do segmento.<\/p>\n<p>Na sede da Le\u00e3o, de onde saem os produtos que agradam aos clientes mais exigentes, os detalhes de cada pe\u00e7a s\u00e3o devidamente apurados para que o resultado final seja o melhor. Tudo \u00e9 verificado e testado antes de entrar na embalagem e ser despachado para nossos pontos de vendas.<\/p>\n<p>A tecnologia tamb\u00e9m est\u00e1 presente na Le\u00e3o. O constante investimento em maquin\u00e1rio de \u00faltima gera\u00e7\u00e3o proporciona melhores produtos, com acabamento mais refinado e seguran\u00e7a na hora da instala\u00e7\u00e3o.<\/p>\n<p>A Le\u00e3o Metais \u00e9 uma empresa ecologicamente respons\u00e1vel que busca cuidar dos recursos naturais. Toda \u00e1gua utilizada no processo de cromagem \u00e9 rigorosamente filtrada e tratada para retornar ao meio ambiente. Assim, a qualidade de vida das futuras gera\u00e7\u00f5es n\u00e3o ser\u00e1 comprometida.<\/p>\n<p>Le\u00e3o Metais. Compromisso com a qualidade, com seus clientes e com o futuro.<\/p>\n","protected":false},"excerpt":{"rendered":"<p>Refil P\/Filtro Multivaz\u00e3o 2215<\/p>\n<p>&nbsp;<\/p>\n<p>&nbsp;<\/p>\n<p>&nbsp;<\/p>\n","protected":false},"featured_media":1422,"comment_status":"open","ping_status":"closed","template":"","meta":[],"product_cat":[169],"product_tag":[771],"_links":{"self":[{"href":"https:\/\/trenaferragens.com.br\/index.php?rest_route=\/wp\/v2\/product\/4217"}],"collection":[{"href":"https:\/\/trenaferragens.com.br\/index.php?rest_route=\/wp\/v2\/product"}],"about":[{"href":"https:\/\/trenaferragens.com.br\/index.php?rest_route=\/wp\/v2\/types\/product"}],"replies":[{"embeddable":true,"href":"https:\/\/trenaferragens.com.br\/index.php?rest_route=%2Fwp%2Fv2%2Fcomments&post=4217"}],"wp:featuredmedia":[{"embeddable":true,"href":"https:\/\/trenaferragens.com.br\/index.php?rest_route=\/wp\/v2\/media\/1422"}],"wp:attachment":[{"href":"https:\/\/trenaferragens.com.br\/index.php?rest_route=%2Fwp%2Fv2%2Fmedia&parent=4217"}],"wp:term":[{"taxonomy":"product_cat","embeddable":true,"href":"https:\/\/trenaferragens.com.br\/index.php?rest_route=%2Fwp%2Fv2%2Fproduct_cat&post=4217"},{"taxonomy":"product_tag","embeddable":true,"href":"https:\/\/trenaferragens.com.br\/index.php?rest_route=%2Fwp%2Fv2%2Fproduct_tag&post=4217"}],"curies":[{"name":"wp","href":"https:\/\/api.w.org\/{rel}","templated":true}]}}