{"id":4224,"date":"2018-08-01T15:29:39","date_gmt":"2018-08-01T15:29:39","guid":{"rendered":"http:\/\/trenaferragens1.hospedagemdesites.ws\/produto\/import-placeholder-for-5792\/"},"modified":"2018-08-01T15:30:05","modified_gmt":"2018-08-01T15:30:05","slug":"barra-de-apoio","status":"publish","type":"product","link":"https:\/\/trenaferragens.com.br\/?product=barra-de-apoio","title":{"rendered":"Barra de Apoio"},"content":{"rendered":"<p>Barra de Apoio<\/p>\n<p>A Jackwal \u00e9 uma empresa industrial instalada em \u00e1rea pr\u00f3pria, com 100.000 m2 de terreno e 16.000 m2 de \u00e1rea constru\u00edda, localizada no Distrito Industrial de Gravata\u00ed, no Estado do Rio Grande do Sul, Brasil. Sua origem foi uma pequena oficina para a fabrica\u00e7\u00e3o de fogareiros e ma\u00e7aricos de querosene \u00e0 press\u00e3o, instalada em 1949 por J. Aloys Griebeler, ga\u00facho com not\u00e1vel esp\u00edrito empresarial.<\/p>\n<p>Com tradi\u00e7\u00e3o de mais de 60 anos produzindo artigos de g\u00e1s e acess\u00f3rios de banheiro, ela atende, atualmente, o mercado brasileiro e internacional, exportando para v\u00e1rios pa\u00edses, em especial Am\u00e9rica Latina e \u00c1frica<\/p>\n","protected":false},"excerpt":{"rendered":"<p>Barra de Apoio<\/p>\n<p>DISPON\u00cdVEL NAS OP\u00c7\u00d5ES<\/p>\n<p>Barra de Apoio 30cm<\/p>\n<p>Barra de Apoio 40cm<\/p>\n<p>Barra de Apoio 60cm<\/p>\n<p>Barra de Apoio 70cm<\/p>\n<p>Barra de Apoio 80cm<\/p>\n<p>&nbsp;<\/p>\n","protected":false},"featured_media":1428,"comment_status":"open","ping_status":"closed","template":"","meta":[],"product_cat":[1188],"product_tag":[778],"_links":{"self":[{"href":"https:\/\/trenaferragens.com.br\/index.php?rest_route=\/wp\/v2\/product\/4224"}],"collection":[{"href":"https:\/\/trenaferragens.com.br\/index.php?rest_route=\/wp\/v2\/product"}],"about":[{"href":"https:\/\/trenaferragens.com.br\/index.php?rest_route=\/wp\/v2\/types\/product"}],"replies":[{"embeddable":true,"href":"https:\/\/trenaferragens.com.br\/index.php?rest_route=%2Fwp%2Fv2%2Fcomments&post=4224"}],"wp:featuredmedia":[{"embeddable":true,"href":"https:\/\/trenaferragens.com.br\/index.php?rest_route=\/wp\/v2\/media\/1428"}],"wp:attachment":[{"href":"https:\/\/trenaferragens.com.br\/index.php?rest_route=%2Fwp%2Fv2%2Fmedia&parent=4224"}],"wp:term":[{"taxonomy":"product_cat","embeddable":true,"href":"https:\/\/trenaferragens.com.br\/index.php?rest_route=%2Fwp%2Fv2%2Fproduct_cat&post=4224"},{"taxonomy":"product_tag","embeddable":true,"href":"https:\/\/trenaferragens.com.br\/index.php?rest_route=%2Fwp%2Fv2%2Fproduct_tag&post=4224"}],"curies":[{"name":"wp","href":"https:\/\/api.w.org\/{rel}","templated":true}]}}