{"id":4258,"date":"2018-08-01T15:30:50","date_gmt":"2018-08-01T15:30:50","guid":{"rendered":"http:\/\/trenaferragens1.hospedagemdesites.ws\/produto\/import-placeholder-for-5870\/"},"modified":"2018-08-01T15:31:22","modified_gmt":"2018-08-01T15:31:22","slug":"macarico-lanca-chamas-5-8-2000","status":"publish","type":"product","link":"https:\/\/trenaferragens.com.br\/?product=macarico-lanca-chamas-5-8-2000","title":{"rendered":"Ma\u00e7arico Lan\u00e7a Chamas 5\/8 2000"},"content":{"rendered":"<p>Ma\u00e7arico Lan\u00e7a Chamas 5\/8 2000<\/p>\n<p><span style=\"font-size: 14.4px;\">A Jackwal \u00e9 uma empresa industrial instalada em \u00e1rea pr\u00f3pria, com 100.000 m2 de terreno e 16.000 m2 de \u00e1rea constru\u00edda, localizada no Distrito Industrial de Gravata\u00ed, no Estado do Rio Grande do Sul, Brasil. Sua origem foi uma pequena oficina para a fabrica\u00e7\u00e3o de fogareiros e ma\u00e7aricos de querosene \u00e0 press\u00e3o, instalada em 1949 por J. Aloys Griebeler, ga\u00facho com not\u00e1vel esp\u00edrito empresarial.<\/span><\/p>\n<p>Com tradi\u00e7\u00e3o de mais de 60 anos produzindo artigos de g\u00e1s e acess\u00f3rios de banheiro, ela atende, atualmente, o mercado brasileiro e internacional, exportando para v\u00e1rios pa\u00edses, em especial Am\u00e9rica Latina e \u00c1frica.<\/p>\n","protected":false},"excerpt":{"rendered":"<p>Ma\u00e7arico Lan\u00e7a Chamas 5\/8 2000<\/p>\n","protected":false},"featured_media":1500,"comment_status":"open","ping_status":"closed","template":"","meta":[],"product_cat":[1854],"product_tag":[812],"_links":{"self":[{"href":"https:\/\/trenaferragens.com.br\/index.php?rest_route=\/wp\/v2\/product\/4258"}],"collection":[{"href":"https:\/\/trenaferragens.com.br\/index.php?rest_route=\/wp\/v2\/product"}],"about":[{"href":"https:\/\/trenaferragens.com.br\/index.php?rest_route=\/wp\/v2\/types\/product"}],"replies":[{"embeddable":true,"href":"https:\/\/trenaferragens.com.br\/index.php?rest_route=%2Fwp%2Fv2%2Fcomments&post=4258"}],"wp:featuredmedia":[{"embeddable":true,"href":"https:\/\/trenaferragens.com.br\/index.php?rest_route=\/wp\/v2\/media\/1500"}],"wp:attachment":[{"href":"https:\/\/trenaferragens.com.br\/index.php?rest_route=%2Fwp%2Fv2%2Fmedia&parent=4258"}],"wp:term":[{"taxonomy":"product_cat","embeddable":true,"href":"https:\/\/trenaferragens.com.br\/index.php?rest_route=%2Fwp%2Fv2%2Fproduct_cat&post=4258"},{"taxonomy":"product_tag","embeddable":true,"href":"https:\/\/trenaferragens.com.br\/index.php?rest_route=%2Fwp%2Fv2%2Fproduct_tag&post=4258"}],"curies":[{"name":"wp","href":"https:\/\/api.w.org\/{rel}","templated":true}]}}