{"id":4261,"date":"2018-08-01T15:30:53","date_gmt":"2018-08-01T15:30:53","guid":{"rendered":"http:\/\/trenaferragens1.hospedagemdesites.ws\/produto\/import-placeholder-for-5878\/"},"modified":"2018-08-01T15:31:24","modified_gmt":"2018-08-01T15:31:24","slug":"registro-p-gas-2-saidas-2p-45-ultragas","status":"publish","type":"product","link":"https:\/\/trenaferragens.com.br\/?product=registro-p-gas-2-saidas-2p-45-ultragas","title":{"rendered":"Registro P\/G\u00e1s 2 Sa\u00eddas 2P-45 Ultrag\u00e1s"},"content":{"rendered":"<p>Registro P\/G\u00e1s 2 Sa\u00eddas 2P-45 Ultrag\u00e1s<\/p>\n<p><span style=\"font-size: 14.4px;\">A Jackwal \u00e9 uma empresa industrial instalada em \u00e1rea pr\u00f3pria, com 100.000 m2 de terreno e 16.000 m2 de \u00e1rea constru\u00edda, localizada no Distrito Industrial de Gravata\u00ed, no Estado do Rio Grande do Sul, Brasil. Sua origem foi uma pequena oficina para a fabrica\u00e7\u00e3o de fogareiros e ma\u00e7aricos de querosene \u00e0 press\u00e3o, instalada em 1949 por J. Aloys Griebeler, ga\u00facho com not\u00e1vel esp\u00edrito empresarial.<\/span><\/p>\n<p>Com tradi\u00e7\u00e3o de mais de 60 anos produzindo artigos de g\u00e1s e acess\u00f3rios de banheiro, ela atende, atualmente, o mercado brasileiro e internacional, exportando para v\u00e1rios pa\u00edses, em especial Am\u00e9rica Latina e \u00c1frica.<\/p>\n","protected":false},"excerpt":{"rendered":"<p>Registro P\/G\u00e1s 2 Sa\u00eddas 2P-45 Ultrag\u00e1s<\/p>\n","protected":false},"featured_media":1503,"comment_status":"open","ping_status":"closed","template":"","meta":[],"product_cat":[1854],"product_tag":[815],"_links":{"self":[{"href":"https:\/\/trenaferragens.com.br\/index.php?rest_route=\/wp\/v2\/product\/4261"}],"collection":[{"href":"https:\/\/trenaferragens.com.br\/index.php?rest_route=\/wp\/v2\/product"}],"about":[{"href":"https:\/\/trenaferragens.com.br\/index.php?rest_route=\/wp\/v2\/types\/product"}],"replies":[{"embeddable":true,"href":"https:\/\/trenaferragens.com.br\/index.php?rest_route=%2Fwp%2Fv2%2Fcomments&post=4261"}],"wp:featuredmedia":[{"embeddable":true,"href":"https:\/\/trenaferragens.com.br\/index.php?rest_route=\/wp\/v2\/media\/1503"}],"wp:attachment":[{"href":"https:\/\/trenaferragens.com.br\/index.php?rest_route=%2Fwp%2Fv2%2Fmedia&parent=4261"}],"wp:term":[{"taxonomy":"product_cat","embeddable":true,"href":"https:\/\/trenaferragens.com.br\/index.php?rest_route=%2Fwp%2Fv2%2Fproduct_cat&post=4261"},{"taxonomy":"product_tag","embeddable":true,"href":"https:\/\/trenaferragens.com.br\/index.php?rest_route=%2Fwp%2Fv2%2Fproduct_tag&post=4261"}],"curies":[{"name":"wp","href":"https:\/\/api.w.org\/{rel}","templated":true}]}}