{"id":4273,"date":"2018-08-01T15:31:07","date_gmt":"2018-08-01T15:31:07","guid":{"rendered":"http:\/\/trenaferragens1.hospedagemdesites.ws\/produto\/import-placeholder-for-5907\/"},"modified":"2018-08-01T15:31:54","modified_gmt":"2018-08-01T15:31:54","slug":"cadeado-pado-tetra-50mm","status":"publish","type":"product","link":"https:\/\/trenaferragens.com.br\/?product=cadeado-pado-tetra-50mm","title":{"rendered":"Cadeado Pado Tetra 50MM"},"content":{"rendered":"<p>Cadeado Pado Tetra 50MM<\/p>\n<p>PADO<\/p>\n<p>OLHAR PARA O FUTURO \u00c9 VIVER O PRESENTE, RESPEITANDO O PASSADO.<\/p>\n<p>Nossa hist\u00f3ria tem in\u00edcio em 1936, em S\u00e3o Paulo, quando os imigrantes italianos, Joaquim Paioletti e Francisco Ragosta fundaram a PADO: era, ent\u00e3o, apenas uma fundi\u00e7\u00e3o, que atendia encomendas de arreios e estribos para cavalos. Mais tarde, associaram-se ao alem\u00e3o Dorner. Da\u00ed surgiu o nome PADO, resultado da fus\u00e3o das duas primeiras s\u00edlabas dos sobrenomes Paioletti e Dorner. Em 1998, sob novo comando acion\u00e1rio, nosso parque fabril foi transferido para Camb\u00e9, Norte do Paran\u00e1. Atualmente a PADO \u00e9 uma das maiores e mais importantes empresas do Brasil. Uma empresa com responsabilidade social, a PADO cuida para que seus colaboradores recebam sempre toda a aten\u00e7\u00e3o necess\u00e1ria. Al\u00e9m de colaborar com as a\u00e7\u00f5es sociais e de cidadania que j\u00e1 fazem parte do dia-a-dia de seus funcion\u00e1rios.<\/p>\n","protected":false},"excerpt":{"rendered":"<p>Cadeado Pado Tetra 50MM<\/p>\n<p>&nbsp;<\/p>\n","protected":false},"featured_media":1536,"comment_status":"open","ping_status":"closed","template":"","meta":[],"product_cat":[198,314],"product_tag":[827],"_links":{"self":[{"href":"https:\/\/trenaferragens.com.br\/index.php?rest_route=\/wp\/v2\/product\/4273"}],"collection":[{"href":"https:\/\/trenaferragens.com.br\/index.php?rest_route=\/wp\/v2\/product"}],"about":[{"href":"https:\/\/trenaferragens.com.br\/index.php?rest_route=\/wp\/v2\/types\/product"}],"replies":[{"embeddable":true,"href":"https:\/\/trenaferragens.com.br\/index.php?rest_route=%2Fwp%2Fv2%2Fcomments&post=4273"}],"wp:featuredmedia":[{"embeddable":true,"href":"https:\/\/trenaferragens.com.br\/index.php?rest_route=\/wp\/v2\/media\/1536"}],"wp:attachment":[{"href":"https:\/\/trenaferragens.com.br\/index.php?rest_route=%2Fwp%2Fv2%2Fmedia&parent=4273"}],"wp:term":[{"taxonomy":"product_cat","embeddable":true,"href":"https:\/\/trenaferragens.com.br\/index.php?rest_route=%2Fwp%2Fv2%2Fproduct_cat&post=4273"},{"taxonomy":"product_tag","embeddable":true,"href":"https:\/\/trenaferragens.com.br\/index.php?rest_route=%2Fwp%2Fv2%2Fproduct_tag&post=4273"}],"curies":[{"name":"wp","href":"https:\/\/api.w.org\/{rel}","templated":true}]}}