{"id":4287,"date":"2018-08-01T15:31:43","date_gmt":"2018-08-01T15:31:43","guid":{"rendered":"http:\/\/trenaferragens1.hospedagemdesites.ws\/produto\/import-placeholder-for-5951\/"},"modified":"2018-08-01T15:32:08","modified_gmt":"2018-08-01T15:32:08","slug":"fixa-tudo-branco","status":"publish","type":"product","link":"https:\/\/trenaferragens.com.br\/?product=fixa-tudo-branco","title":{"rendered":"Fixa Tudo Branco"},"content":{"rendered":"<p>Fixa Tudo Branco<\/p>\n<p>AMAZONAS<\/p>\n<p>O Grupo Amazonas produz mais de 1.400 variedades de adesivos e selantes para os mais diversos segmentos, com destaque para constru\u00e7\u00e3o civil, cal\u00e7ados, embalagens, m\u00f3veis, estofados, colch\u00f5es, artesanato, gr\u00e1fico e automotivo.<\/p>\n<p>A inova\u00e7\u00e3o est\u00e1 no DNA da empresa, sendo a primeira ind\u00fastria brasileira a desenvolver adesivos para solados \u2013 at\u00e9 ent\u00e3o esse trabalho era feito com pregos ou grude de farinha! No segmento de constru\u00e7\u00e3o foi pioneira no lan\u00e7amento do FixaTudo, produto ideal para fixa\u00e7\u00e3o, veda\u00e7\u00e3o, reparos e manuten\u00e7\u00f5es residenciais em geral, e que se tornou um marco no setor.<\/p>\n<p>A empresa, que tamb\u00e9m foi a primeira a fabricar no Brasil adesivos base \u00e1gua, sem tolueno, e a pioneira no fornecimento de cola em espuma antichama para o setor moveleiro, continua inovando e, hoje, tem entre seus carros-chefes os adesivos hotmelt, as modernas linhas de metalocenos e PSA, processando, ao todo, mais de 43 mil toneladas\/ano entre adesivos e selantes.<\/p>\n<p>Como qualidade \u00e9 quest\u00e3o essencial, uma preocupa\u00e7\u00e3o do Grupo Amazonas \u00e9 fazer com que os adesivos e selantes tenham excelente rendimento e efici\u00eancia. Para isso, a ind\u00fastria prioriza os materiais nobres, empregando o que h\u00e1 de mais moderno na ind\u00fastria qu\u00edmica, sem perder de vista a sustentabilidade do produto.<\/p>\n<p>&nbsp;<\/p>\n","protected":false},"excerpt":{"rendered":"<p>Fixa Tudo Branco<\/p>\n<p>DISPON\u00cdVEL NAS OP\u00c7\u00d5ES<\/p>\n<p>Fixa Tudo Branco Bisnaga 85GR<\/p>\n<p>Fixa Tudo Branco Tubo 400GR<\/p>\n<p>Desenvolvido para colar, selar e vedar os mais diversos materiais, \u00e9 resistente ao amarelamento, tra\u00e7\u00e3o e rasgamento. Excelente desempenho em \u00e1reas com vibra\u00e7\u00f5es, al\u00e9m de absorver impactos e suportar tens\u00f5es.<\/p>\n<p>Aplica\u00e7\u00e3o: \u00d3tima ades\u00e3o a materiais como: espelhos, cubas, pias, m\u00e1rmores, pedras em geral, chapas de metal e zinco, calhas, rufos, vidros, concretos, madeiras, alvenarias, pisos cer\u00e2micos, azulejos, box de banheiros, telhas e constru\u00e7\u00e3o, reforma e transforma\u00e7\u00f5es de ve\u00edculos. Usado tamb\u00e9m na forma\u00e7\u00e3o de juntas de pisos e paredes, dilata\u00e7\u00e3o e folgas entre tijolos.<\/p>\n<p>Cor: branca<\/p>\n<p>Embalagens: Blister (85 gr)<\/p>\n<p>Indica\u00e7\u00e3o: Desenvolvido para Colar, Selar e Vedar os mais diversos materiais, como :espelhos, cubas, pias, m\u00e1rmores, pedras em geral, chapas de metal e zinco, calhas, rufos, vidros, concretos, madeiras, alvenarias, pisos cer\u00e2micos, azulejos, box de banheiros, telhas e constru\u00e7\u00e3o, reforma e transforma\u00e7\u00f5es de ve\u00edculos. Usado tamb\u00e9m na forma\u00e7\u00e3o de juntas de pisos e paredes, dilata\u00e7\u00e3o e folgas entre tijolos, excelente desempenho para \u00e1reas que existam vibra\u00e7\u00f5es, suporta tens\u00f5es, alem de absorver impactos.<\/p>\n<p>Aplica\u00e7\u00e3o:<br \/>\nO adesivo de poliuretano MS FIXA TUDO foi desenvolvido para aplica\u00e7\u00f5es de veda\u00e7\u00e3o, colagem e fixa\u00e7\u00e3o de diversos materiais:<br \/>\n\u2022 Preenchimento de juntas em geral, concretos, alvenarias, madeiras, metais e outros materiais para a constru\u00e7\u00e3o civil;<br \/>\n\u2022 Veda\u00e7\u00e3o em placas de pr\u00e9-moldados;<br \/>\n\u2022 Veda\u00e7\u00e3o em portas e janelas;<br \/>\n\u2022 Veda\u00e7\u00e3o em telhados, como rufos; calhas, dutos e outros;<br \/>\n\u2022 Colagem e veda\u00e7\u00e3o de cubas em pias de m\u00e1rmore e granito;<br \/>\n\u2022 Colagem de vidros e espelhos;<br \/>\n\u2022 Servi\u00e7os diversos de bricolagem;<br \/>\n\u2022 Fixa\u00e7\u00f5es e veda\u00e7\u00f5es de reparos e manuten\u00e7\u00f5es residenciais em geral;<br \/>\n\u2022 Uso Geral. Vantagens:<br \/>\n\u2022Muito bom para aplica\u00e7\u00f5es verticais;<br \/>\n\u2022Isento de solvente e isocianatos;<br \/>\n\u2022Boa ader\u00eancia na maioria dos substratos;<br \/>\n\u2022Alongamento equilibrado;<br \/>\n\u2022Aceita pintura ap\u00f3s a cura;<br \/>\n\u2022F\u00e1cil de aplicar e manipular;<br \/>\n\u2022Boa resist\u00eancia ao rasgo;<br \/>\n\u2022Alta pega inicial;<br \/>\n\u2022Resist\u00eancia \u00e0s intemp\u00e9ries e raios U.V.<\/p>\n","protected":false},"featured_media":1572,"comment_status":"open","ping_status":"closed","template":"","meta":[],"product_cat":[1048],"product_tag":[840],"_links":{"self":[{"href":"https:\/\/trenaferragens.com.br\/index.php?rest_route=\/wp\/v2\/product\/4287"}],"collection":[{"href":"https:\/\/trenaferragens.com.br\/index.php?rest_route=\/wp\/v2\/product"}],"about":[{"href":"https:\/\/trenaferragens.com.br\/index.php?rest_route=\/wp\/v2\/types\/product"}],"replies":[{"embeddable":true,"href":"https:\/\/trenaferragens.com.br\/index.php?rest_route=%2Fwp%2Fv2%2Fcomments&post=4287"}],"wp:featuredmedia":[{"embeddable":true,"href":"https:\/\/trenaferragens.com.br\/index.php?rest_route=\/wp\/v2\/media\/1572"}],"wp:attachment":[{"href":"https:\/\/trenaferragens.com.br\/index.php?rest_route=%2Fwp%2Fv2%2Fmedia&parent=4287"}],"wp:term":[{"taxonomy":"product_cat","embeddable":true,"href":"https:\/\/trenaferragens.com.br\/index.php?rest_route=%2Fwp%2Fv2%2Fproduct_cat&post=4287"},{"taxonomy":"product_tag","embeddable":true,"href":"https:\/\/trenaferragens.com.br\/index.php?rest_route=%2Fwp%2Fv2%2Fproduct_tag&post=4287"}],"curies":[{"name":"wp","href":"https:\/\/api.w.org\/{rel}","templated":true}]}}