{"id":4288,"date":"2018-08-01T15:31:44","date_gmt":"2018-08-01T15:31:44","guid":{"rendered":"http:\/\/trenaferragens1.hospedagemdesites.ws\/produto\/import-placeholder-for-5954\/"},"modified":"2018-08-01T15:32:09","modified_gmt":"2018-08-01T15:32:09","slug":"veda-calha-280gr","status":"publish","type":"product","link":"https:\/\/trenaferragens.com.br\/?product=veda-calha-280gr","title":{"rendered":"Veda Calha 280GR"},"content":{"rendered":"<p>Veda Calha 280GR<\/p>\n<p>AMAZONAS<\/p>\n<p>O Grupo Amazonas produz mais de 1.400 variedades de adesivos e selantes para os mais diversos segmentos, com destaque para constru\u00e7\u00e3o civil, cal\u00e7ados, embalagens, m\u00f3veis, estofados, colch\u00f5es, artesanato, gr\u00e1fico e automotivo.<\/p>\n<p>A inova\u00e7\u00e3o est\u00e1 no DNA da empresa, sendo a primeira ind\u00fastria brasileira a desenvolver adesivos para solados \u2013 at\u00e9 ent\u00e3o esse trabalho era feito com pregos ou grude de farinha! No segmento de constru\u00e7\u00e3o foi pioneira no lan\u00e7amento do FixaTudo, produto ideal para fixa\u00e7\u00e3o, veda\u00e7\u00e3o, reparos e manuten\u00e7\u00f5es residenciais em geral, e que se tornou um marco no setor.<\/p>\n<p>A empresa, que tamb\u00e9m foi a primeira a fabricar no Brasil adesivos base \u00e1gua, sem tolueno, e a pioneira no fornecimento de cola em espuma antichama para o setor moveleiro, continua inovando e, hoje, tem entre seus carros-chefes os adesivos hotmelt, as modernas linhas de metalocenos e PSA, processando, ao todo, mais de 43 mil toneladas\/ano entre adesivos e selantes.<\/p>\n<p>Como qualidade \u00e9 quest\u00e3o essencial, uma preocupa\u00e7\u00e3o do Grupo Amazonas \u00e9 fazer com que os adesivos e selantes tenham excelente rendimento e efici\u00eancia. Para isso, a ind\u00fastria prioriza os materiais nobres, empregando o que h\u00e1 de mais moderno na ind\u00fastria qu\u00edmica, sem perder de vista a sustentabilidade do produto.<\/p>\n<p>&nbsp;<\/p>\n","protected":false},"excerpt":{"rendered":"<p>Veda Calha 280GR<\/p>\n<p>Adesivo vedante \u00e0 base de pol\u00edmeros sint\u00e9ticos especialmente desenvolvidos para veda\u00e7\u00e3o de calhas e rufos. A cura acontece quando da elimina\u00e7\u00e3o total dos solventes, formando um composto polim\u00e9rico de alta resist\u00eancia \u00e0s intemp\u00e9ries e fungos, com \u00f3tima for\u00e7a de coes\u00e3o e resist\u00eancia \u00e0 abras\u00e3o.<\/p>\n<p><b>Aplica\u00e7\u00e3o<\/b>: Uni\u00e3o de calhas de zinco, dispensando o uso da solda.<\/p>\n<p><b>Cor<\/b>: Alum\u00ednio<\/p>\n<p><b>Embalagens<\/b>: Cartucho 280 gr Caixa 12 unidades<\/p>\n","protected":false},"featured_media":1574,"comment_status":"open","ping_status":"closed","template":"","meta":[],"product_cat":[1048],"product_tag":[841],"_links":{"self":[{"href":"https:\/\/trenaferragens.com.br\/index.php?rest_route=\/wp\/v2\/product\/4288"}],"collection":[{"href":"https:\/\/trenaferragens.com.br\/index.php?rest_route=\/wp\/v2\/product"}],"about":[{"href":"https:\/\/trenaferragens.com.br\/index.php?rest_route=\/wp\/v2\/types\/product"}],"replies":[{"embeddable":true,"href":"https:\/\/trenaferragens.com.br\/index.php?rest_route=%2Fwp%2Fv2%2Fcomments&post=4288"}],"wp:featuredmedia":[{"embeddable":true,"href":"https:\/\/trenaferragens.com.br\/index.php?rest_route=\/wp\/v2\/media\/1574"}],"wp:attachment":[{"href":"https:\/\/trenaferragens.com.br\/index.php?rest_route=%2Fwp%2Fv2%2Fmedia&parent=4288"}],"wp:term":[{"taxonomy":"product_cat","embeddable":true,"href":"https:\/\/trenaferragens.com.br\/index.php?rest_route=%2Fwp%2Fv2%2Fproduct_cat&post=4288"},{"taxonomy":"product_tag","embeddable":true,"href":"https:\/\/trenaferragens.com.br\/index.php?rest_route=%2Fwp%2Fv2%2Fproduct_tag&post=4288"}],"curies":[{"name":"wp","href":"https:\/\/api.w.org\/{rel}","templated":true}]}}