{"id":4292,"date":"2018-08-01T15:31:46","date_gmt":"2018-08-01T15:31:46","guid":{"rendered":"http:\/\/trenaferragens1.hospedagemdesites.ws\/produto\/import-placeholder-for-5963\/"},"modified":"2018-08-01T15:32:34","modified_gmt":"2018-08-01T15:32:34","slug":"veda-porta-aluminio-80cm","status":"publish","type":"product","link":"https:\/\/trenaferragens.com.br\/?product=veda-porta-aluminio-80cm","title":{"rendered":"Veda Porta Alum\u00ednio 80CM"},"content":{"rendered":"<p>Veda Porta Alum\u00ednio 80CM<\/p>\n<p>A Portalex, S.A. foi fundada em 1971, ent\u00e3o com a denomina\u00e7\u00e3o: Pillar Portuguesa (Alum\u00ednio) Portalex, Lda.<\/p>\n<p>Realizada a transfer\u00eancia para o grupo noruegu\u00eas Norsk Hydro, inicia-se em 1997 o plano de moderniza\u00e7\u00e3o e reorganiza\u00e7\u00e3o da empresa que incluir\u00e1 a instala\u00e7\u00e3o de uma moderna unidade de reciclagem de sucata de alum\u00ednio.<\/p>\n<p>Em 1999 a Hydro Alum\u00ednio Portalex v\u00ea conclu\u00eddo o processo de certifica\u00e7\u00e3o pela norma ISO 9002, posteriormente renovado para a norma ISO 9001:2000.<\/p>\n<p>A fus\u00e3o por incorpora\u00e7\u00e3o da Tecnilaca-Lacagem de Metais, Lda. na Hydro Alum\u00ednio Portalex, S.A., teve lugar em 2003 o que permitiu incluir a totalidade do ciclo produtivo do alum\u00ednio, desde a extrus\u00e3o ao acabamento, com a reconhecida qualidade e valor acrescentado que isso representa.<\/p>\n<p>Os perfis extrudidos destinam-se \u00e0s mais diversificadas ind\u00fastrias, que v\u00e3o desde as ind\u00fastrias da constru\u00e7\u00e3o civil e arquitectura de interiores, at\u00e9 \u00e0s mais avan\u00e7adas ind\u00fastrias de electr\u00f3nica e autom\u00f3vel.<\/p>\n<p>Em Agosto 2012 a Portalex SA tornou-se uma extrusora independente, detida pelo grupo alem\u00e3o Bavaria Industrie Capital, possibilitando-lhe uma abordagem ao mercado mais eficiente e flex\u00edvel, mas conservando todas a qualidade e excel\u00eancia de processos que o seu passado lhe proporcionou.<\/p>\n","protected":false},"excerpt":{"rendered":"<p>Veda Porta Alum\u00ednio 80CM<\/p>\n","protected":false},"featured_media":1578,"comment_status":"open","ping_status":"closed","template":"","meta":[],"product_cat":[1094],"product_tag":[845],"_links":{"self":[{"href":"https:\/\/trenaferragens.com.br\/index.php?rest_route=\/wp\/v2\/product\/4292"}],"collection":[{"href":"https:\/\/trenaferragens.com.br\/index.php?rest_route=\/wp\/v2\/product"}],"about":[{"href":"https:\/\/trenaferragens.com.br\/index.php?rest_route=\/wp\/v2\/types\/product"}],"replies":[{"embeddable":true,"href":"https:\/\/trenaferragens.com.br\/index.php?rest_route=%2Fwp%2Fv2%2Fcomments&post=4292"}],"wp:featuredmedia":[{"embeddable":true,"href":"https:\/\/trenaferragens.com.br\/index.php?rest_route=\/wp\/v2\/media\/1578"}],"wp:attachment":[{"href":"https:\/\/trenaferragens.com.br\/index.php?rest_route=%2Fwp%2Fv2%2Fmedia&parent=4292"}],"wp:term":[{"taxonomy":"product_cat","embeddable":true,"href":"https:\/\/trenaferragens.com.br\/index.php?rest_route=%2Fwp%2Fv2%2Fproduct_cat&post=4292"},{"taxonomy":"product_tag","embeddable":true,"href":"https:\/\/trenaferragens.com.br\/index.php?rest_route=%2Fwp%2Fv2%2Fproduct_tag&post=4292"}],"curies":[{"name":"wp","href":"https:\/\/api.w.org\/{rel}","templated":true}]}}