{"id":4294,"date":"2018-08-01T15:31:47","date_gmt":"2018-08-01T15:31:47","guid":{"rendered":"http:\/\/trenaferragens1.hospedagemdesites.ws\/produto\/import-placeholder-for-5970\/"},"modified":"2022-11-22T10:56:17","modified_gmt":"2022-11-22T10:56:17","slug":"tecryl-muros-e-fachadas","status":"publish","type":"product","link":"https:\/\/trenaferragens.com.br\/?product=tecryl-muros-e-fachadas","title":{"rendered":"Tecryl Muros e Fachadas"},"content":{"rendered":"<p>Tecryl Muros e Fachadas<\/p>\n<p>TECRYL<\/p>\n<p>H\u00e1 30 anos, introduzimos uma nova classe de produtos no mercado nacional, atendendo aos anseios de grandes empresas que buscavam novas op\u00e7\u00f5es para solucionar de forma mais duradoura problemas como infiltra\u00e7\u00f5es, vazamentos e corros\u00f5es, respons\u00e1veis pelas mais severas patologias estruturais. Dessa forma, com a colabora\u00e7\u00e3o de profissionais altamente qualificados foi desenvolvida a linha TECRYL para impermeabiliza\u00e7\u00e3o e prote\u00e7\u00e3o contra a \u00e1gua. A linha TECRYL combina pol\u00edmeros acr\u00edlicos e mat\u00e9rias primas de qualidade incontest\u00e1vel com um rigoroso controle de produ\u00e7\u00e3o e qualidade, que confere aos nossos produtos um desempenho perfeito, atendendo totalmente a satisfa\u00e7\u00e3o de nossos clientes. Por isso podemos afirmar que a linha TECRYL \u00e9 a solu\u00e7\u00e3o perfeita para proteger seu patrim\u00f4nio contra os efeitos indesej\u00e1veis da \u00e1gua. AJ.L. BUENO IND. E COM LTDA, possui duas unidades de produ\u00e7\u00e3o: Natal RN e Niter\u00f3i RJ e disponibiliza a linha TECRYL para o mercado varejista nacional e internacional. Por isso, na hora de definir os produtos para impermeabiliza\u00e7\u00e3o e prote\u00e7\u00e3o contra a a\u00e7\u00e3o indesejada da \u00e1gua escolha a marca TECRYL- A SOLU\u00c7\u00c3O DEFINITIVA!<\/p>\n<p>&nbsp;<\/p>\n","protected":false},"excerpt":{"rendered":"<p>Tecryl Muros e Fachadas<\/p>\n<p>DISPON\u00cdVEL NAS OP\u00c7\u00d5ES<\/p>\n<p>Tecryl Muros e Fachadas 20KG Branco<\/p>\n<p>Tecryl Muros e Fachadas 20KG Concreto<\/p>\n<p>Tecryl Muros e Fachadas 20KG Flamingo<\/p>\n<p>Tecryl Muros e Fachadas 20KG Palha<\/p>\n<p>TECRYL MUROS &amp; FACHADAS \u00e9 uma tinta impermeabilizante e protetora de superf\u00edcies externas de base acr\u00edlica e refor\u00e7ada com poliuretano alif\u00e1tico que garantem caracter\u00edsticas qu\u00edmica e polim\u00e9rica de alta performance e durabilidade proporcionando at\u00e9 quatro fun\u00e7\u00f5es em um s\u00f3 produto: acabamento de TINTA emborrachada, SELADORA para reboco curado, IMPERMEABILIZANTE flex\u00edvel e como REFLETOR DE CALOR na cor branco neve.<\/p>\n<p>Com grande poder de ader\u00eancia, durabilidade e impermeabilizante faz do TECRYL MUROS &amp; FACHADAS o mais completo produto 4 em 1 hoje no mercado.<br \/>\nIndica\u00e7\u00f5es<\/p>\n<p>\u00c9 indicada para impermeabilizar superf\u00edcies VERTICAIS expostas diretamente aos intemp\u00e9ries e sujeito a BATIDA DE CHUVAS. Nas regi\u00f5es de praia \u00e9 excelente no combate aos ataques de MARESIA e AR SALINO.<\/p>\n<p>Para uso em FACHADAS DE PR\u00c9DIOS, GALP\u00d5ES, IND\u00daSTRIAS, CASAS, MUROS, PONTES E OUTROS IM\u00d3VEIS COM GRANDES FACHADAS.<\/p>\n<p>TECRYL MUROS &amp; FACHADAS \u00e9 produzido dentro dos mais altos padr\u00f5es de qualidade, quando aplicado, forma uma manta imperme\u00e1vel de grande ader\u00eancia, excelente estabilidade t\u00e9rmica e de grande resist\u00eancia a a\u00e7\u00e3o dos raios ultravioletas, pois ocorre um processo de umecta\u00e7\u00e3o molecular, tornando-a mais flex\u00edvel.<\/p>\n<p>O Produto n\u00e3o \u00e9 recomendado para superf\u00edcies de tr\u00e2nsito, metais, lajes e outros que tenham acumulo de \u00e1gua.<\/p>\n","protected":false},"featured_media":1580,"comment_status":"open","ping_status":"closed","template":"","meta":[],"product_cat":[166,272],"product_tag":[846],"_links":{"self":[{"href":"https:\/\/trenaferragens.com.br\/index.php?rest_route=\/wp\/v2\/product\/4294"}],"collection":[{"href":"https:\/\/trenaferragens.com.br\/index.php?rest_route=\/wp\/v2\/product"}],"about":[{"href":"https:\/\/trenaferragens.com.br\/index.php?rest_route=\/wp\/v2\/types\/product"}],"replies":[{"embeddable":true,"href":"https:\/\/trenaferragens.com.br\/index.php?rest_route=%2Fwp%2Fv2%2Fcomments&post=4294"}],"wp:featuredmedia":[{"embeddable":true,"href":"https:\/\/trenaferragens.com.br\/index.php?rest_route=\/wp\/v2\/media\/1580"}],"wp:attachment":[{"href":"https:\/\/trenaferragens.com.br\/index.php?rest_route=%2Fwp%2Fv2%2Fmedia&parent=4294"}],"wp:term":[{"taxonomy":"product_cat","embeddable":true,"href":"https:\/\/trenaferragens.com.br\/index.php?rest_route=%2Fwp%2Fv2%2Fproduct_cat&post=4294"},{"taxonomy":"product_tag","embeddable":true,"href":"https:\/\/trenaferragens.com.br\/index.php?rest_route=%2Fwp%2Fv2%2Fproduct_tag&post=4294"}],"curies":[{"name":"wp","href":"https:\/\/api.w.org\/{rel}","templated":true}]}}