{"id":4296,"date":"2018-08-01T15:31:49","date_gmt":"2018-08-01T15:31:49","guid":{"rendered":"http:\/\/trenaferragens1.hospedagemdesites.ws\/produto\/import-placeholder-for-6007\/"},"modified":"2018-08-01T15:32:38","modified_gmt":"2018-08-01T15:32:38","slug":"lavatorio-pequeno-izy-395x295mm-17-br","status":"publish","type":"product","link":"https:\/\/trenaferragens.com.br\/?product=lavatorio-pequeno-izy-395x295mm-17-br","title":{"rendered":"Lavat\u00f3rio Pequeno Izy 395x295MM 17 BR"},"content":{"rendered":"<p>Lavat\u00f3rio Pequeno Izy 395x295MM 17 BR<\/p>\n<p>DECA<\/p>\n<p>Design, qualidade e inova\u00e7\u00e3o sempre foram conceitos que diferenciaram a Deca ao longo de sua hist\u00f3ria. S\u00e3o eles que fazem da empresa a maior fabricante de lou\u00e7as e metais sanit\u00e1rios do Hemisf\u00e9rio Sul e l\u00edder no mercado brasileiro, al\u00e9m de exportadora para os quatro continentes. Investindo constantemente em pesquisa e desenvolvimento tecnol\u00f3gico, a Deca se preocupa em oferecer produtos e solu\u00e7\u00f5es para clientes e consumidores, sempre buscando a excel\u00eancia em servi\u00e7os e uma gest\u00e3o sustent\u00e1vel.<\/p>\n","protected":false},"excerpt":{"rendered":"<p>Lavat\u00f3rio Pequeno Izy 395x295MM 17 BR<\/p>\n<p class=\"title-description\">IZY<\/p>\n<p>Uma linha com qualidade e tecnologia Deca que garante a seu banheiro funcionalidade.<\/p>\n","protected":false},"featured_media":1582,"comment_status":"open","ping_status":"closed","template":"","meta":[],"product_cat":[312,168],"product_tag":[848],"_links":{"self":[{"href":"https:\/\/trenaferragens.com.br\/index.php?rest_route=\/wp\/v2\/product\/4296"}],"collection":[{"href":"https:\/\/trenaferragens.com.br\/index.php?rest_route=\/wp\/v2\/product"}],"about":[{"href":"https:\/\/trenaferragens.com.br\/index.php?rest_route=\/wp\/v2\/types\/product"}],"replies":[{"embeddable":true,"href":"https:\/\/trenaferragens.com.br\/index.php?rest_route=%2Fwp%2Fv2%2Fcomments&post=4296"}],"wp:featuredmedia":[{"embeddable":true,"href":"https:\/\/trenaferragens.com.br\/index.php?rest_route=\/wp\/v2\/media\/1582"}],"wp:attachment":[{"href":"https:\/\/trenaferragens.com.br\/index.php?rest_route=%2Fwp%2Fv2%2Fmedia&parent=4296"}],"wp:term":[{"taxonomy":"product_cat","embeddable":true,"href":"https:\/\/trenaferragens.com.br\/index.php?rest_route=%2Fwp%2Fv2%2Fproduct_cat&post=4296"},{"taxonomy":"product_tag","embeddable":true,"href":"https:\/\/trenaferragens.com.br\/index.php?rest_route=%2Fwp%2Fv2%2Fproduct_tag&post=4296"}],"curies":[{"name":"wp","href":"https:\/\/api.w.org\/{rel}","templated":true}]}}