{"id":4298,"date":"2018-08-01T15:31:50","date_gmt":"2018-08-01T15:31:50","guid":{"rendered":"http:\/\/trenaferragens1.hospedagemdesites.ws\/produto\/import-placeholder-for-6012\/"},"modified":"2018-08-01T15:32:41","modified_gmt":"2018-08-01T15:32:41","slug":"tanque-c-coluna-br","status":"publish","type":"product","link":"https:\/\/trenaferragens.com.br\/?product=tanque-c-coluna-br","title":{"rendered":"Tanque C\/Coluna BR"},"content":{"rendered":"<p>Tanque C\/Coluna BR<\/p>\n<p>DECA<\/p>\n<p>Design, qualidade e inova\u00e7\u00e3o sempre foram conceitos que diferenciaram a Deca ao longo de sua hist\u00f3ria. S\u00e3o eles que fazem da empresa a maior fabricante de lou\u00e7as e metais sanit\u00e1rios do Hemisf\u00e9rio Sul e l\u00edder no mercado brasileiro, al\u00e9m de exportadora para os quatro continentes. Investindo constantemente em pesquisa e desenvolvimento tecnol\u00f3gico, a Deca se preocupa em oferecer produtos e solu\u00e7\u00f5es para clientes e consumidores, sempre buscando a excel\u00eancia em servi\u00e7os e uma gest\u00e3o sustent\u00e1vel.<\/p>\n","protected":false},"excerpt":{"rendered":"<p>Tanque C\/Coluna BR<\/p>\n<p class=\"title-description\">TANQUES<\/p>\n<p>Os tanques Deca foram desenvolvidos para harmonia perfeita com a sua \u00e1rea de servi\u00e7o. O tamanho e formato projetado garantem o conforto dos usu\u00e1rios.<\/p>\n","protected":false},"featured_media":1584,"comment_status":"open","ping_status":"closed","template":"","meta":[],"product_cat":[312,168],"product_tag":[850],"_links":{"self":[{"href":"https:\/\/trenaferragens.com.br\/index.php?rest_route=\/wp\/v2\/product\/4298"}],"collection":[{"href":"https:\/\/trenaferragens.com.br\/index.php?rest_route=\/wp\/v2\/product"}],"about":[{"href":"https:\/\/trenaferragens.com.br\/index.php?rest_route=\/wp\/v2\/types\/product"}],"replies":[{"embeddable":true,"href":"https:\/\/trenaferragens.com.br\/index.php?rest_route=%2Fwp%2Fv2%2Fcomments&post=4298"}],"wp:featuredmedia":[{"embeddable":true,"href":"https:\/\/trenaferragens.com.br\/index.php?rest_route=\/wp\/v2\/media\/1584"}],"wp:attachment":[{"href":"https:\/\/trenaferragens.com.br\/index.php?rest_route=%2Fwp%2Fv2%2Fmedia&parent=4298"}],"wp:term":[{"taxonomy":"product_cat","embeddable":true,"href":"https:\/\/trenaferragens.com.br\/index.php?rest_route=%2Fwp%2Fv2%2Fproduct_cat&post=4298"},{"taxonomy":"product_tag","embeddable":true,"href":"https:\/\/trenaferragens.com.br\/index.php?rest_route=%2Fwp%2Fv2%2Fproduct_tag&post=4298"}],"curies":[{"name":"wp","href":"https:\/\/api.w.org\/{rel}","templated":true}]}}