{"id":4312,"date":"2018-08-01T15:32:25","date_gmt":"2018-08-01T15:32:25","guid":{"rendered":"http:\/\/trenaferragens1.hospedagemdesites.ws\/produto\/import-placeholder-for-6065\/"},"modified":"2018-08-01T15:33:17","modified_gmt":"2018-08-01T15:33:17","slug":"lampada-superled-dicroica-gu10-br-bivolt","status":"publish","type":"product","link":"https:\/\/trenaferragens.com.br\/?product=lampada-superled-dicroica-gu10-br-bivolt","title":{"rendered":"L\u00e2mpada SuperLed Dicr\u00f3ica GU10 BR Bivolt"},"content":{"rendered":"<p class=\"product-title entry-title\">L\u00e2mpada SuperLed Dicr\u00f3ica GU10 BR Bivolt<\/p>\n<p>OUROLUX<\/p>\n<p>O Mercado Mundial de Ilumina\u00e7\u00e3o passa por grande transforma\u00e7\u00e3o.<\/p>\n<p>Neste cen\u00e1rio, somente fortes empresas, com vis\u00e3o global, poder\u00e3o oferecer as melhores solu\u00e7\u00f5es.<\/p>\n<p>O Mercado brasileiro de ilumina\u00e7\u00e3o tamb\u00e9m exige, a cada ano, mais profissionalismo, tecnologia e qualidade.<\/p>\n<p>Neste ambiente competitivo se destaca a Ourolux, uma empresa especializada em ilumina\u00e7\u00e3o com mais de 20 anos de experi\u00eancia e refer\u00eancia no cen\u00e1rio nacional.<\/p>\n<p>Estruturada para a transforma\u00e7\u00e3o deste setor, a Ourolux tem sua sede administrativa no estado de S\u00e3o Paulo, a maior e mais competitiva pra\u00e7a para o segmento de ilumina\u00e7\u00e3o.<\/p>\n<p>Instalada no cora\u00e7\u00e3o da cidade, na regi\u00e3o da Avenida Paulista, modernos escrit\u00f3rios e um Show Room para treinamento e eventos, recebem os clientes que a todo momento s\u00e3o convidados para conhecerem as novidades.<\/p>\n<p>Contando com uma poderosa for\u00e7a de vendas com mais de 200 colaboradores, a OUROLUX atende a mais de 5 mil clientes de todos os portes por todo o pa\u00eds, da pequena loja de bairro \u00e0s grandes lojas, cadeias de supermercados, Atacados e Home centers presentes no Brasil, construindo uma rela\u00e7\u00e3o de confian\u00e7a e fidelidade com cada um deles.<\/p>\n<p>Para atender a esta demanda, a estrutura da Ourolux tamb\u00e9m conta com mais de 20 mil metros de \u00e1rea de estocagem, distribu\u00eddos em quatro centros de distribui\u00e7\u00e3o estrategicamente localizados pr\u00f3ximos aos principais Aeroportos, Portos e Estradas.<\/p>\n<p>Toda essa estrutura log\u00edstica possibilita agilidade e seguran\u00e7a aos clientes, com alto padr\u00e3o de excel\u00eancia comprovado e reconhecido pelo mercado.<\/p>\n<p>Trabalhando com mais de 500 itens de ilumina\u00e7\u00e3o, a Ourolux continua desenvolvendo e patenteando produtos inovadores, como no pioneirismo da Tecnologia SUPERLED para uso comercial e residencial, que garante hoje a lideran\u00e7a no setor e gera benef\u00edcios a todos que comercializam e utilizam nossos produtos.<\/p>\n<p>Tudo isto com muita seguran\u00e7a e qualidade! Produtos dentro dos padr\u00f5es da ABNT e aprovados pelo INMETRO. Atrav\u00e9s de um rigoroso controle de qualidade a OUROLUX garante o sucesso de toda sua linha nas mais importantes obras do Brasil.<\/p>\n<p>\u00c9tica, respeito ao meio ambiente, trabalho profissional e uma equipe altamente qualificada, colocam a OUROLUX entre as l\u00edderes e refer\u00eancia em todo o pa\u00eds&#8230;<\/p>\n<p>&nbsp;<\/p>\n","protected":false},"excerpt":{"rendered":"<p class=\"product-title entry-title\">L\u00e2mpada SuperLed Dicr\u00f3ica GU10 BR Bivolt<\/p>\n<p>DISPON\u00cdVEL NAS OP\u00c7\u00d5ES<\/p>\n<p>L\u00e2mpada SuperLed Dicr\u00f3ica 5W GU10 3000K BR Bivolt<\/p>\n<p>L\u00e2mpada SuperLed Dicr\u00f3ica 5W GU10 6400K BR Bivolt<\/p>\n<p>A Linha Superled Bivolt Dimeriz\u00e1vel \u00e9 ideal para ambientes que precisam de ilumina\u00e7\u00e3o controlada, como quarto de crian\u00e7a, sala de TV, salas de proje\u00e7\u00e3o, \u00e1reas de descanso, salas com aulas especiais e at\u00e9 escrit\u00f3rios.<\/p>\n","protected":false},"featured_media":1621,"comment_status":"open","ping_status":"closed","template":"","meta":[],"product_cat":[203],"product_tag":[863],"_links":{"self":[{"href":"https:\/\/trenaferragens.com.br\/index.php?rest_route=\/wp\/v2\/product\/4312"}],"collection":[{"href":"https:\/\/trenaferragens.com.br\/index.php?rest_route=\/wp\/v2\/product"}],"about":[{"href":"https:\/\/trenaferragens.com.br\/index.php?rest_route=\/wp\/v2\/types\/product"}],"replies":[{"embeddable":true,"href":"https:\/\/trenaferragens.com.br\/index.php?rest_route=%2Fwp%2Fv2%2Fcomments&post=4312"}],"wp:featuredmedia":[{"embeddable":true,"href":"https:\/\/trenaferragens.com.br\/index.php?rest_route=\/wp\/v2\/media\/1621"}],"wp:attachment":[{"href":"https:\/\/trenaferragens.com.br\/index.php?rest_route=%2Fwp%2Fv2%2Fmedia&parent=4312"}],"wp:term":[{"taxonomy":"product_cat","embeddable":true,"href":"https:\/\/trenaferragens.com.br\/index.php?rest_route=%2Fwp%2Fv2%2Fproduct_cat&post=4312"},{"taxonomy":"product_tag","embeddable":true,"href":"https:\/\/trenaferragens.com.br\/index.php?rest_route=%2Fwp%2Fv2%2Fproduct_tag&post=4312"}],"curies":[{"name":"wp","href":"https:\/\/api.w.org\/{rel}","templated":true}]}}