{"id":4325,"date":"2018-08-01T15:33:00","date_gmt":"2018-08-01T15:33:00","guid":{"rendered":"http:\/\/trenaferragens1.hospedagemdesites.ws\/produto\/import-placeholder-for-6111\/"},"modified":"2018-08-01T15:33:29","modified_gmt":"2018-08-01T15:33:29","slug":"cadeado-papaiz-haste-longa","status":"publish","type":"product","link":"https:\/\/trenaferragens.com.br\/?product=cadeado-papaiz-haste-longa","title":{"rendered":"Cadeado Papaiz Haste Longa"},"content":{"rendered":"<p>Cadeado Papaiz Haste Longa<\/p>\n<p>De origem italiana, a Papaiz foi fundada no Brasil em 1952, por Luigi Papaiz, que com uma vis\u00e3o empreendedora transformou a marca em refer\u00eancia em cadeados e fechaduras.<\/p>\n<p>Presente em mais de 20 pa\u00edses, o portf\u00f3lio da Papaiz conta com cadeados, fechaduras residenciais e para m\u00f3veis, dobradi\u00e7as e acess\u00f3rios.<\/p>\n<p>Ao inserir o conceito de estilo e design no mundo dos cadeados e fechaduras resid\u00eanciais, a Papaiz \u00e9 reconhecida como empresa que dita tend\u00eanciais. As parcerias com nomes de destaque do design brasileiro fizeram com que os itens de seguran\u00e7a, aos poucos, se transformassem em objetos de desejo, resguardados de modo seguro e harmonioso.<\/p>\n<p>Em 2015, a Papaiz foi adquirida pelo gupo sueco ASSA ABLOY, que compreende mais de 400 empresas subsidi\u00e1rias em 70 pa\u00edses.<\/p>\n<p>No Brasil, desde 2005, a ASSA ABLOY Brasil adquiriu marcas nacionais de grande qualidade e prest\u00edgio entre os brasileiros como La Fonte, Papaiz, Silvana, Udinese, Metalika e Vault. Al\u00e9m das marcas locais, o Grupo possui uma infinidade de solu\u00e7\u00f5es de marcas internacionais como Yale, Securitron, Norton, Medeco, Hes, entre outras.<\/p>\n<p>Tanto no Brasil como no resto do mundo, a for\u00e7a do grupo \u00e9 a variedade de produtos tradicionais e principalmente os que agregam novas tecnologias e que podem ser combinados para criar solu\u00e7\u00f5es completas de seguran\u00e7a e de abertura de portas.<\/p>\n","protected":false},"excerpt":{"rendered":"<p>Cadeado Papaiz Haste Longa<\/p>\n<p>DISPON\u00cdVEL NAS OP\u00c7\u00d5ES<\/p>\n<p>&nbsp;<\/p>\n<p>Cadeado Papaiz Haste Longa 30&#215;50<\/p>\n<p>Cadeado Papaiz Haste Longa 30&#215;70<\/p>\n<p>Cadeado Papaiz Haste Longa 35&#215;50<\/p>\n<p>Cadeado Papaiz Haste Longa 35&#215;70<\/p>\n<p>Cadeado Papaiz Haste Longa 50&#215;80<\/p>\n<p>Prote\u00e7\u00e3o de longo alcance: possui haste alongada para situa\u00e7\u00f5es em que a haste normal n\u00e3o alcan\u00e7a a \u00e1rea de fechamento do objeto a ser protegido.<\/p>\n<p><strong>Informa\u00e7\u00f5es T\u00e9cnicas:<\/strong><\/p>\n<p>Produzido em lat\u00e3o maci\u00e7o, haste de a\u00e7o cementada e cromada. 2 chaves de lat\u00e3o niqueladas.<\/p>\n<p><strong>Utiliza\u00e7\u00e3o:<\/strong><\/p>\n<p>Port\u00f5es e Janelas<\/p>\n","protected":false},"featured_media":1660,"comment_status":"open","ping_status":"closed","template":"","meta":[],"product_cat":[198],"product_tag":[875],"_links":{"self":[{"href":"https:\/\/trenaferragens.com.br\/index.php?rest_route=\/wp\/v2\/product\/4325"}],"collection":[{"href":"https:\/\/trenaferragens.com.br\/index.php?rest_route=\/wp\/v2\/product"}],"about":[{"href":"https:\/\/trenaferragens.com.br\/index.php?rest_route=\/wp\/v2\/types\/product"}],"replies":[{"embeddable":true,"href":"https:\/\/trenaferragens.com.br\/index.php?rest_route=%2Fwp%2Fv2%2Fcomments&post=4325"}],"wp:featuredmedia":[{"embeddable":true,"href":"https:\/\/trenaferragens.com.br\/index.php?rest_route=\/wp\/v2\/media\/1660"}],"wp:attachment":[{"href":"https:\/\/trenaferragens.com.br\/index.php?rest_route=%2Fwp%2Fv2%2Fmedia&parent=4325"}],"wp:term":[{"taxonomy":"product_cat","embeddable":true,"href":"https:\/\/trenaferragens.com.br\/index.php?rest_route=%2Fwp%2Fv2%2Fproduct_cat&post=4325"},{"taxonomy":"product_tag","embeddable":true,"href":"https:\/\/trenaferragens.com.br\/index.php?rest_route=%2Fwp%2Fv2%2Fproduct_tag&post=4325"}],"curies":[{"name":"wp","href":"https:\/\/api.w.org\/{rel}","templated":true}]}}