{"id":4332,"date":"2018-08-01T15:33:06","date_gmt":"2018-08-01T15:33:06","guid":{"rendered":"http:\/\/trenaferragens1.hospedagemdesites.ws\/produto\/import-placeholder-for-6127\/"},"modified":"2018-08-01T15:33:32","modified_gmt":"2018-08-01T15:33:32","slug":"fechadura-stam-401-07-esp-inox","status":"publish","type":"product","link":"https:\/\/trenaferragens.com.br\/?product=fechadura-stam-401-07-esp-inox","title":{"rendered":"Fechadura Stam 401\/07 Esp. Inox"},"content":{"rendered":"<p>Fechadura Stam 401\/07 Esp. Inox<\/p>\n<p>Em 1971, o empreendedor Francisco Faria dava in\u00edcio ao que seria uma das maiores e mais modernas empresas do Brasil. Focada, desde sua funda\u00e7\u00e3o, no mercado de cadeados e fechaduras, a proposta da Stam sempre teve como objetivo principal a qualidade de seus produtos e a satisfa\u00e7\u00e3o total de seus consumidores e parceiros de neg\u00f3cio.<\/p>\n<p>A empresa come\u00e7ou na garagem da fam\u00edlia Faria, em mar\u00e7o de 1971, e na d\u00e9cada de 80 iniciou a constru\u00e7\u00e3o da f\u00e1brica em Conselheiro Paulino, Nova Friburgo (RJ), onde funciona at\u00e9 hoje.<\/p>\n","protected":false},"excerpt":{"rendered":"<p>Fechadura Stam 401\/07 Esp. Inox<\/p>\n<p>&nbsp;<\/p>\n<p>&nbsp;<\/p>\n","protected":false},"featured_media":1679,"comment_status":"open","ping_status":"closed","template":"","meta":[],"product_cat":[198],"product_tag":[882],"_links":{"self":[{"href":"https:\/\/trenaferragens.com.br\/index.php?rest_route=\/wp\/v2\/product\/4332"}],"collection":[{"href":"https:\/\/trenaferragens.com.br\/index.php?rest_route=\/wp\/v2\/product"}],"about":[{"href":"https:\/\/trenaferragens.com.br\/index.php?rest_route=\/wp\/v2\/types\/product"}],"replies":[{"embeddable":true,"href":"https:\/\/trenaferragens.com.br\/index.php?rest_route=%2Fwp%2Fv2%2Fcomments&post=4332"}],"wp:featuredmedia":[{"embeddable":true,"href":"https:\/\/trenaferragens.com.br\/index.php?rest_route=\/wp\/v2\/media\/1679"}],"wp:attachment":[{"href":"https:\/\/trenaferragens.com.br\/index.php?rest_route=%2Fwp%2Fv2%2Fmedia&parent=4332"}],"wp:term":[{"taxonomy":"product_cat","embeddable":true,"href":"https:\/\/trenaferragens.com.br\/index.php?rest_route=%2Fwp%2Fv2%2Fproduct_cat&post=4332"},{"taxonomy":"product_tag","embeddable":true,"href":"https:\/\/trenaferragens.com.br\/index.php?rest_route=%2Fwp%2Fv2%2Fproduct_tag&post=4332"}],"curies":[{"name":"wp","href":"https:\/\/api.w.org\/{rel}","templated":true}]}}