{"id":4339,"date":"2018-08-01T15:33:36","date_gmt":"2018-08-01T15:33:36","guid":{"rendered":"http:\/\/trenaferragens1.hospedagemdesites.ws\/produto\/import-placeholder-for-6142\/"},"modified":"2018-08-01T15:34:42","modified_gmt":"2018-08-01T15:34:42","slug":"fechadura-haga-brava-externa","status":"publish","type":"product","link":"https:\/\/trenaferragens.com.br\/?product=fechadura-haga-brava-externa","title":{"rendered":"Fechadura Haga Brava Externa"},"content":{"rendered":"<p>Fechadura Haga Brava Externa<\/p>\n<p>HAGA<\/p>\n<p>Em 1\u00ba de Abril de 1937 nasce a FERRAGENS HAGA Ltda, com 15 oper\u00e1rios, cujo nome foi formado com as s\u00edlabas iniciais de seu nome e sobrenome.<\/p>\n<p>O Eng. Hans Gaiser foi o percursor da hist\u00f3ria da ind\u00fastria metal-mec\u00e3nica em Nova Friburgo, dando in\u00edcio a produ\u00e7\u00e3o de fechaduras e na montagem de uma fundi\u00e7\u00e3o, a primeira no pa\u00eds, de ferro male\u00e1vel branco.<\/p>\n","protected":false},"excerpt":{"rendered":"<p>Fechadura Haga Brava Externa<\/p>\n<p>Ma\u00e7aneta em Zamac e Espelho em A\u00e7o Inox \/ A\u00e7o Carbono<br \/>\nBroca : 45 \/ 55 mm<br \/>\nTesta: Inox<br \/>\nContra Testa: Inox &#8211; Ref. 1501 \/ 1600 &#8211; 3 furos<\/p>\n","protected":false},"featured_media":1686,"comment_status":"closed","ping_status":"closed","template":"","meta":[],"product_cat":[198],"product_tag":[889],"_links":{"self":[{"href":"https:\/\/trenaferragens.com.br\/index.php?rest_route=\/wp\/v2\/product\/4339"}],"collection":[{"href":"https:\/\/trenaferragens.com.br\/index.php?rest_route=\/wp\/v2\/product"}],"about":[{"href":"https:\/\/trenaferragens.com.br\/index.php?rest_route=\/wp\/v2\/types\/product"}],"replies":[{"embeddable":true,"href":"https:\/\/trenaferragens.com.br\/index.php?rest_route=%2Fwp%2Fv2%2Fcomments&post=4339"}],"wp:featuredmedia":[{"embeddable":true,"href":"https:\/\/trenaferragens.com.br\/index.php?rest_route=\/wp\/v2\/media\/1686"}],"wp:attachment":[{"href":"https:\/\/trenaferragens.com.br\/index.php?rest_route=%2Fwp%2Fv2%2Fmedia&parent=4339"}],"wp:term":[{"taxonomy":"product_cat","embeddable":true,"href":"https:\/\/trenaferragens.com.br\/index.php?rest_route=%2Fwp%2Fv2%2Fproduct_cat&post=4339"},{"taxonomy":"product_tag","embeddable":true,"href":"https:\/\/trenaferragens.com.br\/index.php?rest_route=%2Fwp%2Fv2%2Fproduct_tag&post=4339"}],"curies":[{"name":"wp","href":"https:\/\/api.w.org\/{rel}","templated":true}]}}