{"id":4342,"date":"2018-08-01T15:33:40","date_gmt":"2018-08-01T15:33:40","guid":{"rendered":"http:\/\/trenaferragens1.hospedagemdesites.ws\/produto\/import-placeholder-for-6148\/"},"modified":"2018-08-01T16:10:48","modified_gmt":"2018-08-01T16:10:48","slug":"fechadura-haga-portao","status":"publish","type":"product","link":"https:\/\/trenaferragens.com.br\/?product=fechadura-haga-portao","title":{"rendered":"Fechadura Haga Port\u00e3o"},"content":{"rendered":"<p>Fechadura Haga Port\u00e3o<\/p>\n<p>HAGA<\/p>\n<p>Em 1\u00ba de Abril de 1937 nasce a FERRAGENS HAGA Ltda, com 15 oper\u00e1rios, cujo nome foi formado com as s\u00edlabas iniciais de seu nome e sobrenome.<\/p>\n<p>O Eng. Hans Gaiser foi o percursor da hist\u00f3ria da ind\u00fastria metal-mec\u00e3nica em Nova Friburgo, dando in\u00edcio a produ\u00e7\u00e3o de fechaduras e na montagem de uma fundi\u00e7\u00e3o, a primeira no pa\u00eds, de ferro male\u00e1vel branco.<\/p>\n","protected":false},"excerpt":{"rendered":"<p>Fechadura Haga Port\u00e3o<\/p>\n<p>Aba com travamento patente n\u00ba MU-8600852-8<br \/>\nTesta para batente a partir de 17mm<br \/>\nAba com cantos arredondados<br \/>\nPara ambientes internos e externos sujeito \u00e0 intemp\u00e9ries<br \/>\nCom 6.250 segredos<\/p>\n","protected":false},"featured_media":1689,"comment_status":"closed","ping_status":"closed","template":"","meta":[],"product_cat":[198],"product_tag":[892],"_links":{"self":[{"href":"https:\/\/trenaferragens.com.br\/index.php?rest_route=\/wp\/v2\/product\/4342"}],"collection":[{"href":"https:\/\/trenaferragens.com.br\/index.php?rest_route=\/wp\/v2\/product"}],"about":[{"href":"https:\/\/trenaferragens.com.br\/index.php?rest_route=\/wp\/v2\/types\/product"}],"replies":[{"embeddable":true,"href":"https:\/\/trenaferragens.com.br\/index.php?rest_route=%2Fwp%2Fv2%2Fcomments&post=4342"}],"wp:featuredmedia":[{"embeddable":true,"href":"https:\/\/trenaferragens.com.br\/index.php?rest_route=\/wp\/v2\/media\/1689"}],"wp:attachment":[{"href":"https:\/\/trenaferragens.com.br\/index.php?rest_route=%2Fwp%2Fv2%2Fmedia&parent=4342"}],"wp:term":[{"taxonomy":"product_cat","embeddable":true,"href":"https:\/\/trenaferragens.com.br\/index.php?rest_route=%2Fwp%2Fv2%2Fproduct_cat&post=4342"},{"taxonomy":"product_tag","embeddable":true,"href":"https:\/\/trenaferragens.com.br\/index.php?rest_route=%2Fwp%2Fv2%2Fproduct_tag&post=4342"}],"curies":[{"name":"wp","href":"https:\/\/api.w.org\/{rel}","templated":true}]}}