{"id":4343,"date":"2018-08-01T15:33:41","date_gmt":"2018-08-01T15:33:41","guid":{"rendered":"http:\/\/trenaferragens1.hospedagemdesites.ws\/produto\/import-placeholder-for-6151\/"},"modified":"2018-08-01T16:10:49","modified_gmt":"2018-08-01T16:10:49","slug":"fechadura-haga-berlim","status":"publish","type":"product","link":"https:\/\/trenaferragens.com.br\/?product=fechadura-haga-berlim","title":{"rendered":"Fechadura Haga Berlim"},"content":{"rendered":"<p>Fechadura Haga Berlim<\/p>\n<p>HAGA<\/p>\n<p>Em 1\u00ba de Abril de 1937 nasce a FERRAGENS HAGA Ltda, com 15 oper\u00e1rios, cujo nome foi formado com as s\u00edlabas iniciais de seu nome e sobrenome.<\/p>\n<p>O Eng. Hans Gaiser foi o percursor da hist\u00f3ria da ind\u00fastria metal-mec\u00e3nica em Nova Friburgo, dando in\u00edcio a produ\u00e7\u00e3o de fechaduras e na montagem de uma fundi\u00e7\u00e3o, a primeira no pa\u00eds, de ferro male\u00e1vel branco.<\/p>\n","protected":false},"excerpt":{"rendered":"<p>Fechadura Haga Berlim<\/p>\n<div id=\"prod\">Ma\u00e7aneta em Zamac e Espelho em A\u00e7o Inox \/ A\u00e7o Carbono<br \/>\n<b>Broca: 21mm<\/b><br \/>\nTesta: A\u00e7o Carbono<br \/>\nContraTesta: A\u00e7o Carbono &#8211; Ref. 1500 -2 furos<br \/>\nDispon\u00edvel na configura\u00e7\u00e3o: A\/A -A\/B<br \/>\nA dist\u00e2ncia da broca est\u00e1 dimensionada por dentro da testa<\/div>\n","protected":false},"featured_media":1690,"comment_status":"closed","ping_status":"closed","template":"","meta":[],"product_cat":[198],"product_tag":[893],"_links":{"self":[{"href":"https:\/\/trenaferragens.com.br\/index.php?rest_route=\/wp\/v2\/product\/4343"}],"collection":[{"href":"https:\/\/trenaferragens.com.br\/index.php?rest_route=\/wp\/v2\/product"}],"about":[{"href":"https:\/\/trenaferragens.com.br\/index.php?rest_route=\/wp\/v2\/types\/product"}],"replies":[{"embeddable":true,"href":"https:\/\/trenaferragens.com.br\/index.php?rest_route=%2Fwp%2Fv2%2Fcomments&post=4343"}],"wp:featuredmedia":[{"embeddable":true,"href":"https:\/\/trenaferragens.com.br\/index.php?rest_route=\/wp\/v2\/media\/1690"}],"wp:attachment":[{"href":"https:\/\/trenaferragens.com.br\/index.php?rest_route=%2Fwp%2Fv2%2Fmedia&parent=4343"}],"wp:term":[{"taxonomy":"product_cat","embeddable":true,"href":"https:\/\/trenaferragens.com.br\/index.php?rest_route=%2Fwp%2Fv2%2Fproduct_cat&post=4343"},{"taxonomy":"product_tag","embeddable":true,"href":"https:\/\/trenaferragens.com.br\/index.php?rest_route=%2Fwp%2Fv2%2Fproduct_tag&post=4343"}],"curies":[{"name":"wp","href":"https:\/\/api.w.org\/{rel}","templated":true}]}}