{"id":4344,"date":"2018-08-01T15:33:42","date_gmt":"2018-08-01T15:33:42","guid":{"rendered":"http:\/\/trenaferragens1.hospedagemdesites.ws\/produto\/import-placeholder-for-6155\/"},"modified":"2018-08-01T16:10:50","modified_gmt":"2018-08-01T16:10:50","slug":"fechadura-haga-turin-1502-externo-ferro","status":"publish","type":"product","link":"https:\/\/trenaferragens.com.br\/?product=fechadura-haga-turin-1502-externo-ferro","title":{"rendered":"Fechadura Haga Turin 1502 Externo Ferro"},"content":{"rendered":"<p>Fechadura Haga Turin 1502 Externo Ferro<\/p>\n<p>HAGA<\/p>\n<p>Em 1\u00ba de Abril de 1937 nasce a FERRAGENS HAGA Ltda, com 15 oper\u00e1rios, cujo nome foi formado com as s\u00edlabas iniciais de seu nome e sobrenome.<\/p>\n<p>O Eng. Hans Gaiser foi o percursor da hist\u00f3ria da ind\u00fastria metal-mec\u00e3nica em Nova Friburgo, dando in\u00edcio a produ\u00e7\u00e3o de fechaduras e na montagem de uma fundi\u00e7\u00e3o, a primeira no pa\u00eds, de ferro male\u00e1vel branco.<\/p>\n","protected":false},"excerpt":{"rendered":"<p>Fechadura Haga Turin 1502 Externo Ferro<\/p>\n<div id=\"prod\">Ma\u00e7aneta em Zamac e Espelho em A\u00e7o Inox \/ A\u00e7o Carbono<br \/>\n<b>Broca: 27mm<\/b><br \/>\nTesta: A\u00e7o Carbono<br \/>\nContraTesta: A\u00e7o Carbono &#8211; Ref. 1500 &#8211; 2 furos<br \/>\nDispon\u00edvel na configura\u00e7\u00e3o: A\/A &#8211; A\/B<\/div>\n","protected":false},"featured_media":1691,"comment_status":"closed","ping_status":"closed","template":"","meta":[],"product_cat":[198],"product_tag":[894],"_links":{"self":[{"href":"https:\/\/trenaferragens.com.br\/index.php?rest_route=\/wp\/v2\/product\/4344"}],"collection":[{"href":"https:\/\/trenaferragens.com.br\/index.php?rest_route=\/wp\/v2\/product"}],"about":[{"href":"https:\/\/trenaferragens.com.br\/index.php?rest_route=\/wp\/v2\/types\/product"}],"replies":[{"embeddable":true,"href":"https:\/\/trenaferragens.com.br\/index.php?rest_route=%2Fwp%2Fv2%2Fcomments&post=4344"}],"wp:featuredmedia":[{"embeddable":true,"href":"https:\/\/trenaferragens.com.br\/index.php?rest_route=\/wp\/v2\/media\/1691"}],"wp:attachment":[{"href":"https:\/\/trenaferragens.com.br\/index.php?rest_route=%2Fwp%2Fv2%2Fmedia&parent=4344"}],"wp:term":[{"taxonomy":"product_cat","embeddable":true,"href":"https:\/\/trenaferragens.com.br\/index.php?rest_route=%2Fwp%2Fv2%2Fproduct_cat&post=4344"},{"taxonomy":"product_tag","embeddable":true,"href":"https:\/\/trenaferragens.com.br\/index.php?rest_route=%2Fwp%2Fv2%2Fproduct_tag&post=4344"}],"curies":[{"name":"wp","href":"https:\/\/api.w.org\/{rel}","templated":true}]}}