{"id":4387,"date":"2018-08-01T16:10:46","date_gmt":"2018-08-01T16:10:46","guid":{"rendered":"http:\/\/trenaferragens1.hospedagemdesites.ws\/produto\/import-placeholder-for-6211\/"},"modified":"2018-08-01T16:11:06","modified_gmt":"2018-08-01T16:11:06","slug":"torneira-cozinha-movel-parede-piatto-1168","status":"publish","type":"product","link":"https:\/\/trenaferragens.com.br\/?product=torneira-cozinha-movel-parede-piatto-1168","title":{"rendered":"Torneira Cozinha M\u00f3vel Parede Piatto 1168"},"content":{"rendered":"<p>Torneira Cozinha M\u00f3vel Parede Piatto 1168<\/p>\n<p>Sobre a Fabrimar: Fundada em 1962, a Fabrimar, tradicional fabricante de metais para cozinhas e banheiros, chega aos seus 50 anos com uma linha de mais de 4 mil produtos. Com um parque industrial de 50.000m\u00b2 de \u00e1rea total e 33.000m\u00b2 de \u00e1rea constru\u00edda, localizado na zona norte do Rio de Janeiro, a companhia possui cerca de 1.100 funcion\u00e1rios, al\u00e9m de escrit\u00f3rios de venda nas principais capitais, representantes e assist\u00eancia t\u00e9cnica em todo Brasil. \u00c9 pioneira em participar do Programa Brasileiro de Qualidade e Produtividade do Habitat (PBQP-H), avalia\u00e7\u00e3o do governo federal que garante a qualidade dos produtos usados na constru\u00e7\u00e3o civil. Para estar dentro do programa, a Fabrimar \u00e9 auditada por seus t\u00e9cnicos a cada tr\u00eas meses, renovando assim o certificado. Al\u00e9m da preocupa\u00e7\u00e3o em oferecer produtos e solu\u00e7\u00f5es com qualidade e alta durabilidade, todos com dez anos de garantia, a empresa levanta a bandeira do uso racional da \u00e1gua com o desenvolvimento de mais de 150 produtos e acess\u00f3rios economizadores para uso residencial e p\u00fablico.<\/p>\n<p>A Fabrimar\u00a0possu\u00ed\u00a0linhas completas de metais sanit\u00e1rios com design plano, quadrangular e linhas retas para o segmento luxo. Com o intuito de oferecer um desenho minimalista e elegante, as linhas foram desenvolvidas exclusivamente para a marca e composta de misturadores, torneiras de bancadas e parede, al\u00e9m de duchas higi\u00eanicas e acabamentos.<\/p>\n","protected":false},"excerpt":{"rendered":"<p>Torneira Cozinha M\u00f3vel Parede Piatto 1168<\/p>\n<p class=\"font-light font-gray texto-produto\">&#8216;Torneira de cozinha parede.<br \/>\nLinha Piatto, design robusto e moderno, acionamento com mini alavanca, praticidade para acionar o produtos.<br \/>\nPossui mecanismo cer\u00e2mico de 1\/4&#8243; de volta de alt\u00edssima durabilidade.<br \/>\nPossui tubo m\u00f3vel.<br \/>\nArejador articul\u00e1vel, jato concentrado e sem respingos na pia.<br \/>\nPossui indicadores de temperatura para \u00e1gua quente e fria.<br \/>\nEquipado com rabichos flex\u00edveis.<br \/>\nEntrada de 1\/2&#8243;.<br \/>\nAcabamento superficial cromado de alt\u00edssima durabilidade.<\/p>\n","protected":false},"featured_media":1748,"comment_status":"open","ping_status":"closed","template":"","meta":[],"product_cat":[212,1188],"product_tag":[914],"_links":{"self":[{"href":"https:\/\/trenaferragens.com.br\/index.php?rest_route=\/wp\/v2\/product\/4387"}],"collection":[{"href":"https:\/\/trenaferragens.com.br\/index.php?rest_route=\/wp\/v2\/product"}],"about":[{"href":"https:\/\/trenaferragens.com.br\/index.php?rest_route=\/wp\/v2\/types\/product"}],"replies":[{"embeddable":true,"href":"https:\/\/trenaferragens.com.br\/index.php?rest_route=%2Fwp%2Fv2%2Fcomments&post=4387"}],"wp:featuredmedia":[{"embeddable":true,"href":"https:\/\/trenaferragens.com.br\/index.php?rest_route=\/wp\/v2\/media\/1748"}],"wp:attachment":[{"href":"https:\/\/trenaferragens.com.br\/index.php?rest_route=%2Fwp%2Fv2%2Fmedia&parent=4387"}],"wp:term":[{"taxonomy":"product_cat","embeddable":true,"href":"https:\/\/trenaferragens.com.br\/index.php?rest_route=%2Fwp%2Fv2%2Fproduct_cat&post=4387"},{"taxonomy":"product_tag","embeddable":true,"href":"https:\/\/trenaferragens.com.br\/index.php?rest_route=%2Fwp%2Fv2%2Fproduct_tag&post=4387"}],"curies":[{"name":"wp","href":"https:\/\/api.w.org\/{rel}","templated":true}]}}