{"id":4440,"date":"2018-08-01T16:12:24","date_gmt":"2018-08-01T16:12:24","guid":{"rendered":"http:\/\/trenaferragens1.hospedagemdesites.ws\/produto\/import-placeholder-for-6343\/"},"modified":"2018-08-01T16:12:42","modified_gmt":"2018-08-01T16:12:42","slug":"torneira-eletrica-parede-250-vision-av","status":"publish","type":"product","link":"https:\/\/trenaferragens.com.br\/?product=torneira-eletrica-parede-250-vision-av","title":{"rendered":"Torneira El\u00e9trica Parede 250 Vision AV"},"content":{"rendered":"<p>Torneira El\u00e9trica Parede 250 Vision AV<\/p>\n<p>Sobre a Fabrimar: Fundada em 1962, a Fabrimar, tradicional fabricante de metais para cozinhas e banheiros, chega aos seus 50 anos com uma linha de mais de 4 mil produtos. Com um parque industrial de 50.000m\u00b2 de \u00e1rea total e 33.000m\u00b2 de \u00e1rea constru\u00edda, localizado na zona norte do Rio de Janeiro, a companhia possui cerca de 1.100 funcion\u00e1rios, al\u00e9m de escrit\u00f3rios de venda nas principais capitais, representantes e assist\u00eancia t\u00e9cnica em todo Brasil. \u00c9 pioneira em participar do Programa Brasileiro de Qualidade e Produtividade do Habitat (PBQP-H), avalia\u00e7\u00e3o do governo federal que garante a qualidade dos produtos usados na constru\u00e7\u00e3o civil. Para estar dentro do programa, a Fabrimar \u00e9 auditada por seus t\u00e9cnicos a cada tr\u00eas meses, renovando assim o certificado. Al\u00e9m da preocupa\u00e7\u00e3o em oferecer produtos e solu\u00e7\u00f5es com qualidade e alta durabilidade, todos com dez anos de garantia, a empresa levanta a bandeira do uso racional da \u00e1gua com o desenvolvimento de mais de 150 produtos e acess\u00f3rios economizadores para uso residencial e p\u00fablico.<\/p>\n<p>A Fabrimar\u00a0possu\u00ed\u00a0linhas completas de metais sanit\u00e1rios com design plano, quadrangular e linhas retas para o segmento luxo. Com o intuito de oferecer um desenho minimalista e elegante, as linhas foram desenvolvidas exclusivamente para a marca e composta de misturadores, torneiras de bancadas e parede, al\u00e9m de duchas higi\u00eanicas e acabamentos.<\/p>\n","protected":false},"excerpt":{"rendered":"<p>Torneira El\u00e9trica Parede 250 Vision AV<\/p>\n<p>A Linha Vision \u00e9 a tradu\u00e7\u00e3o de como devem ser os produtos do novo mil\u00eanio: ecologicamente corretos, inteligentes e adapt\u00e1veis as necessidades do usu\u00e1rio e do meio ambiente. Higiene total e conforto, com economia de \u00e1gua e energia. Dispon\u00edvel em dois modelos, Standard e Antivandalismo, com acionamento el\u00e9trico.<br \/>\nAs torneiras de acionamento eletr\u00f4nico &#8211; com alimenta\u00e7\u00e3o el\u00e9trica. Ideais para locais p\u00fablicos, consult\u00f3rios diminuindo o risco de contamina\u00e7\u00e3o. Dispositivos eletr\u00f4nicos protegido por caixa inox super resistente e fixada com parafuso antivandalismo. A torneira permanecer\u00e1 aberta por tempo suficiente para que o usu\u00e1rio lave as m\u00e3os e automaticamente se fecha, t\u00e3o logo o usu\u00e1rio se afaste, sem que haja contato manual, garantindo economia de \u00e1gua e higiene completa. Dispon\u00edvel em dois tamanhos de tubo 200 e 250 mm.<\/p>\n","protected":false},"featured_media":1848,"comment_status":"open","ping_status":"closed","template":"","meta":[],"product_cat":[212,1188],"product_tag":[965],"_links":{"self":[{"href":"https:\/\/trenaferragens.com.br\/index.php?rest_route=\/wp\/v2\/product\/4440"}],"collection":[{"href":"https:\/\/trenaferragens.com.br\/index.php?rest_route=\/wp\/v2\/product"}],"about":[{"href":"https:\/\/trenaferragens.com.br\/index.php?rest_route=\/wp\/v2\/types\/product"}],"replies":[{"embeddable":true,"href":"https:\/\/trenaferragens.com.br\/index.php?rest_route=%2Fwp%2Fv2%2Fcomments&post=4440"}],"wp:featuredmedia":[{"embeddable":true,"href":"https:\/\/trenaferragens.com.br\/index.php?rest_route=\/wp\/v2\/media\/1848"}],"wp:attachment":[{"href":"https:\/\/trenaferragens.com.br\/index.php?rest_route=%2Fwp%2Fv2%2Fmedia&parent=4440"}],"wp:term":[{"taxonomy":"product_cat","embeddable":true,"href":"https:\/\/trenaferragens.com.br\/index.php?rest_route=%2Fwp%2Fv2%2Fproduct_cat&post=4440"},{"taxonomy":"product_tag","embeddable":true,"href":"https:\/\/trenaferragens.com.br\/index.php?rest_route=%2Fwp%2Fv2%2Fproduct_tag&post=4440"}],"curies":[{"name":"wp","href":"https:\/\/api.w.org\/{rel}","templated":true}]}}