{"id":4490,"date":"2018-08-01T16:13:17","date_gmt":"2018-08-01T16:13:17","guid":{"rendered":"http:\/\/trenaferragens1.hospedagemdesites.ws\/produto\/import-placeholder-for-6453\/"},"modified":"2018-08-01T16:13:35","modified_gmt":"2018-08-01T16:13:35","slug":"ducha-higienica-gyro-2195","status":"publish","type":"product","link":"https:\/\/trenaferragens.com.br\/?product=ducha-higienica-gyro-2195","title":{"rendered":"Ducha Higi\u00eanica Gyro 2195"},"content":{"rendered":"<p>Ducha Higi\u00eanica Gyro 2195<\/p>\n<p>Sobre a Fabrimar: Fundada em 1962, a Fabrimar, tradicional fabricante de metais para cozinhas e banheiros, chega aos seus 50 anos com uma linha de mais de 4 mil produtos. Com um parque industrial de 50.000m\u00b2 de \u00e1rea total e 33.000m\u00b2 de \u00e1rea constru\u00edda, localizado na zona norte do Rio de Janeiro, a companhia possui cerca de 1.100 funcion\u00e1rios, al\u00e9m de escrit\u00f3rios de venda nas principais capitais, representantes e assist\u00eancia t\u00e9cnica em todo Brasil. \u00c9 pioneira em participar do Programa Brasileiro de Qualidade e Produtividade do Habitat (PBQP-H), avalia\u00e7\u00e3o do governo federal que garante a qualidade dos produtos usados na constru\u00e7\u00e3o civil. Para estar dentro do programa, a Fabrimar \u00e9 auditada por seus t\u00e9cnicos a cada tr\u00eas meses, renovando assim o certificado. Al\u00e9m da preocupa\u00e7\u00e3o em oferecer produtos e solu\u00e7\u00f5es com qualidade e alta durabilidade, todos com dez anos de garantia, a empresa levanta a bandeira do uso racional da \u00e1gua com o desenvolvimento de mais de 150 produtos e acess\u00f3rios economizadores para uso residencial e p\u00fablico.<\/p>\n<p>A Fabrimar\u00a0possu\u00ed\u00a0linhas completas de metais sanit\u00e1rios com design plano, quadrangular e linhas retas para o segmento luxo. Com o intuito de oferecer um desenho minimalista e elegante, as linhas foram desenvolvidas exclusivamente para a marca e composta de misturadores, torneiras de bancadas e parede, al\u00e9m de duchas higi\u00eanicas e acabamentos.<\/p>\n","protected":false},"excerpt":{"rendered":"<p>Ducha Higi\u00eanica Gyro 2195<\/p>\n<p>A linha Gyro oferece a comprovada qualidade Fabrimar com o melhor custo benef\u00edcio do mercado.<br \/>\nAs Duchas Acqua-Jet v\u00eam equipadas com mangueiras pl\u00e1stica de 1,20 m, ganho de espa\u00e7o sem abrir m\u00e3o da higiene.<br \/>\nAcabamento de tr\u00eas pontas, perfeita ergonimia para abrir e fechar o produto.<br \/>\nAcionamento convencional.<br \/>\nAcabamento superficial cromado de alt\u00edssima qualidade.<br \/>\nA sa\u00edda de \u00e1gua dever\u00e1 estar voltada sempre para baixo, para evitar danos \u00e0 mangueira.<br \/>\nO ponto de alimenta\u00e7\u00e3o podem ser instalados \u00e0 direita ou \u00e0 esquerda do vaso.<br \/>\nMantenha sempre fechado o registro quando n\u00e3o estiver em uso, assim voc\u00ea evitar\u00e1 o rompimento da mangueira em press\u00f5es elevadas.<br \/>\nEntrada de 1\/2&#8243;.<\/p>\n","protected":false},"featured_media":2339,"comment_status":"open","ping_status":"closed","template":"","meta":[],"product_cat":[212,1188],"product_tag":[1203],"_links":{"self":[{"href":"https:\/\/trenaferragens.com.br\/index.php?rest_route=\/wp\/v2\/product\/4490"}],"collection":[{"href":"https:\/\/trenaferragens.com.br\/index.php?rest_route=\/wp\/v2\/product"}],"about":[{"href":"https:\/\/trenaferragens.com.br\/index.php?rest_route=\/wp\/v2\/types\/product"}],"replies":[{"embeddable":true,"href":"https:\/\/trenaferragens.com.br\/index.php?rest_route=%2Fwp%2Fv2%2Fcomments&post=4490"}],"wp:featuredmedia":[{"embeddable":true,"href":"https:\/\/trenaferragens.com.br\/index.php?rest_route=\/wp\/v2\/media\/2339"}],"wp:attachment":[{"href":"https:\/\/trenaferragens.com.br\/index.php?rest_route=%2Fwp%2Fv2%2Fmedia&parent=4490"}],"wp:term":[{"taxonomy":"product_cat","embeddable":true,"href":"https:\/\/trenaferragens.com.br\/index.php?rest_route=%2Fwp%2Fv2%2Fproduct_cat&post=4490"},{"taxonomy":"product_tag","embeddable":true,"href":"https:\/\/trenaferragens.com.br\/index.php?rest_route=%2Fwp%2Fv2%2Fproduct_tag&post=4490"}],"curies":[{"name":"wp","href":"https:\/\/api.w.org\/{rel}","templated":true}]}}