{"id":4509,"date":"2018-08-01T16:13:52","date_gmt":"2018-08-01T16:13:52","guid":{"rendered":"http:\/\/trenaferragens1.hospedagemdesites.ws\/produto\/import-placeholder-for-6494\/"},"modified":"2018-08-01T16:14:10","modified_gmt":"2018-08-01T16:14:10","slug":"registro-gaveta-bruto-fabrimar-1510","status":"publish","type":"product","link":"https:\/\/trenaferragens.com.br\/?product=registro-gaveta-bruto-fabrimar-1510","title":{"rendered":"Registro Gaveta Bruto Fabrimar &#8211; 1510"},"content":{"rendered":"<p>Registro Gaveta Bruto Fabrimar &#8211; 1510<\/p>\n<p>Sobre a Fabrimar: Fundada em 1962, a Fabrimar, tradicional fabricante de metais para cozinhas e banheiros, chega aos seus 50 anos com uma linha de mais de 4 mil produtos. Com um parque industrial de 50.000m\u00b2 de \u00e1rea total e 33.000m\u00b2 de \u00e1rea constru\u00edda, localizado na zona norte do Rio de Janeiro, a companhia possui cerca de 1.100 funcion\u00e1rios, al\u00e9m de escrit\u00f3rios de venda nas principais capitais, representantes e assist\u00eancia t\u00e9cnica em todo Brasil. \u00c9 pioneira em participar do Programa Brasileiro de Qualidade e Produtividade do Habitat (PBQP-H), avalia\u00e7\u00e3o do governo federal que garante a qualidade dos produtos usados na constru\u00e7\u00e3o civil. Para estar dentro do programa, a Fabrimar \u00e9 auditada por seus t\u00e9cnicos a cada tr\u00eas meses, renovando assim o certificado. Al\u00e9m da preocupa\u00e7\u00e3o em oferecer produtos e solu\u00e7\u00f5es com qualidade e alta durabilidade, todos com dez anos de garantia, a empresa levanta a bandeira do uso racional da \u00e1gua com o desenvolvimento de mais de 150 produtos e acess\u00f3rios economizadores para uso residencial e p\u00fablico.<\/p>\n<p>A Fabrimar\u00a0possu\u00ed\u00a0linhas completas de metais sanit\u00e1rios com design plano, quadrangular e linhas retas para o segmento luxo. Com o intuito de oferecer um desenho minimalista e elegante, as linhas foram desenvolvidas exclusivamente para a marca e composta de misturadores, torneiras de bancadas e parede, al\u00e9m de duchas higi\u00eanicas e acabamentos.<\/p>\n","protected":false},"excerpt":{"rendered":"<p>Registro Gaveta Bruto Fabrimar &#8211; 1510<\/p>\n<p>DISPON\u00cdVEL NAS OP\u00c7\u00d5ES:<\/p>\n<p>Registro Gaveta Bruto Fabrimar &#8211; 1510 1\/2<\/p>\n<p>Registro Gaveta Bruto Fabrimar &#8211; 1510 3\/4<\/p>\n<p>Registro Gaveta Bruto Fabrimar &#8211; 1510 1<\/p>\n<p>Registro Gaveta Bruto Fabrimar &#8211; 1510 11\/4<\/p>\n<p>Registro Gaveta Bruto Fabrimar &#8211; 1510 11\/2<\/p>\n<p>Registro Gaveta Bruto Fabrimar &#8211; 1510 2<\/p>\n<p>Registro Gaveta Bruto Fabrimar &#8211; 1510 21\/2<\/p>\n<p>Registro Gaveta Bruto Fabrimar &#8211; 1510 3<\/p>\n<p>Registro Gaveta Bruto Fabrimar &#8211; 1510 4<\/p>\n<p>O registro de Gaveta Bruto \u00e9 instalado como registro geral de \u00e1gua. \u00c9 produzido em lat\u00e3o forjado. Seu acionamento se d\u00e1 atrav\u00e9s de volante em termopl\u00e1stico resistente \u00e0 corros\u00e3o.<br \/>\nDispon\u00edvel nas Bitolas:<br \/>\n1\/2&#8243;, 3\/4&#8243;, 1&#8243;, 1 1\/2&#8243;, 2&#8243;, 2 1\/2&#8243;, 3&#8243;, 4&#8243;.<br \/>\nDeve ser usado totalmente aberto ou totalmente fechado. Para instala\u00e7\u00e3o do registros de gaveta b\u00e1sico ou bruto, manter a gaveta sempre fechada.<\/p>\n","protected":false},"featured_media":2389,"comment_status":"open","ping_status":"closed","template":"","meta":[],"product_cat":[212,168],"product_tag":[1222],"_links":{"self":[{"href":"https:\/\/trenaferragens.com.br\/index.php?rest_route=\/wp\/v2\/product\/4509"}],"collection":[{"href":"https:\/\/trenaferragens.com.br\/index.php?rest_route=\/wp\/v2\/product"}],"about":[{"href":"https:\/\/trenaferragens.com.br\/index.php?rest_route=\/wp\/v2\/types\/product"}],"replies":[{"embeddable":true,"href":"https:\/\/trenaferragens.com.br\/index.php?rest_route=%2Fwp%2Fv2%2Fcomments&post=4509"}],"wp:featuredmedia":[{"embeddable":true,"href":"https:\/\/trenaferragens.com.br\/index.php?rest_route=\/wp\/v2\/media\/2389"}],"wp:attachment":[{"href":"https:\/\/trenaferragens.com.br\/index.php?rest_route=%2Fwp%2Fv2%2Fmedia&parent=4509"}],"wp:term":[{"taxonomy":"product_cat","embeddable":true,"href":"https:\/\/trenaferragens.com.br\/index.php?rest_route=%2Fwp%2Fv2%2Fproduct_cat&post=4509"},{"taxonomy":"product_tag","embeddable":true,"href":"https:\/\/trenaferragens.com.br\/index.php?rest_route=%2Fwp%2Fv2%2Fproduct_tag&post=4509"}],"curies":[{"name":"wp","href":"https:\/\/api.w.org\/{rel}","templated":true}]}}