{"id":4527,"date":"2018-08-01T16:14:24","date_gmt":"2018-08-01T16:14:24","guid":{"rendered":"http:\/\/trenaferragens1.hospedagemdesites.ws\/produto\/import-placeholder-for-6531\/"},"modified":"2018-08-01T16:14:44","modified_gmt":"2018-08-01T16:14:44","slug":"bucha-de-reducao-soldavel-curta","status":"publish","type":"product","link":"https:\/\/trenaferragens.com.br\/?product=bucha-de-reducao-soldavel-curta","title":{"rendered":"Bucha de Redu\u00e7\u00e3o Sold\u00e1vel Curta"},"content":{"rendered":"<p>Bucha de Redu\u00e7\u00e3o Sold\u00e1vel Curta<\/p>\n<p>A Tigre Tubos e Conex\u00f5es oferta solu\u00e7\u00f5es recheadas de inova\u00e7\u00e3o e qualidade. A empresa possui linhas para os segmentos Predial, Industrial, Infraestrutura e Irriga\u00e7\u00e3o. S\u00e3o linhas completas, com produtos de excelente durabilidade, que garantem total tranquilidade na hora de construir ou reformar.<\/p>\n","protected":false},"excerpt":{"rendered":"<p>Bucha de Redu\u00e7\u00e3o Sold\u00e1vel Curta<\/p>\n<p>DISPON\u00cdVEL NOS TAMANHOS:<\/p>\n<p>Bucha de Redu\u00e7\u00e3o Sold\u00e1vel Curta 25x20MM<\/p>\n<p>Bucha de Redu\u00e7\u00e3o Sold\u00e1vel Curta 32x25MM<\/p>\n<p>Bucha de Redu\u00e7\u00e3o Sold\u00e1vel Curta 40x32MM<\/p>\n<p>Bucha de Redu\u00e7\u00e3o Sold\u00e1vel Curta 50x40MM<\/p>\n<p>Bucha de Redu\u00e7\u00e3o Sold\u00e1vel Curta 60X50MM<\/p>\n<p>Bucha de Redu\u00e7\u00e3o Sold\u00e1vel Curta 75x60MM<\/p>\n<p>Bucha de Redu\u00e7\u00e3o Sold\u00e1vel Curta 85x75MM<\/p>\n<p>Bucha de Redu\u00e7\u00e3o Sold\u00e1vel Curta 110x85MM<\/p>\n","protected":false},"featured_media":2423,"comment_status":"open","ping_status":"closed","template":"","meta":[],"product_cat":[300,186],"product_tag":[1240],"_links":{"self":[{"href":"https:\/\/trenaferragens.com.br\/index.php?rest_route=\/wp\/v2\/product\/4527"}],"collection":[{"href":"https:\/\/trenaferragens.com.br\/index.php?rest_route=\/wp\/v2\/product"}],"about":[{"href":"https:\/\/trenaferragens.com.br\/index.php?rest_route=\/wp\/v2\/types\/product"}],"replies":[{"embeddable":true,"href":"https:\/\/trenaferragens.com.br\/index.php?rest_route=%2Fwp%2Fv2%2Fcomments&post=4527"}],"wp:featuredmedia":[{"embeddable":true,"href":"https:\/\/trenaferragens.com.br\/index.php?rest_route=\/wp\/v2\/media\/2423"}],"wp:attachment":[{"href":"https:\/\/trenaferragens.com.br\/index.php?rest_route=%2Fwp%2Fv2%2Fmedia&parent=4527"}],"wp:term":[{"taxonomy":"product_cat","embeddable":true,"href":"https:\/\/trenaferragens.com.br\/index.php?rest_route=%2Fwp%2Fv2%2Fproduct_cat&post=4527"},{"taxonomy":"product_tag","embeddable":true,"href":"https:\/\/trenaferragens.com.br\/index.php?rest_route=%2Fwp%2Fv2%2Fproduct_tag&post=4527"}],"curies":[{"name":"wp","href":"https:\/\/api.w.org\/{rel}","templated":true}]}}