{"id":4567,"date":"2018-08-01T16:15:14","date_gmt":"2018-08-01T16:15:14","guid":{"rendered":"http:\/\/trenaferragens1.hospedagemdesites.ws\/produto\/import-placeholder-for-6627\/"},"modified":"2018-08-01T16:15:35","modified_gmt":"2018-08-01T16:15:35","slug":"tubo-soldavel-6m-pbs-classe-20","status":"publish","type":"product","link":"https:\/\/trenaferragens.com.br\/?product=tubo-soldavel-6m-pbs-classe-20","title":{"rendered":"Tubo Sold\u00e1vel 6M PBS CLASSE 20"},"content":{"rendered":"<h4 class=\"title\">Tubo Sold\u00e1vel 6M PBS CLASSE 20<\/h4>\n<p>A Tigre Tubos e Conex\u00f5es oferta solu\u00e7\u00f5es recheadas de inova\u00e7\u00e3o e qualidade. A empresa possui linhas para os segmentos Predial, Industrial, Infraestrutura e Irriga\u00e7\u00e3o. S\u00e3o linhas completas, com produtos de excelente durabilidade, que garantem total tranquilidade na hora de construir ou reformar.<\/p>\n","protected":false},"excerpt":{"rendered":"<p>Tubo Sold\u00e1vel 6M PBS CLASSE 20<\/p>\n<p>DISPON\u00cdVEL NAS OP\u00c7\u00d5ES<\/p>\n<p>Tubo Sold\u00e1vel 6M PBS CLASSE 20 DN50\/ DE 60MM<\/p>\n<p>Tubo Sold\u00e1vel 6M PBS CLASSE 20 DN 75\/ DE 85MM<\/p>\n<p>Tubo Sold\u00e1vel 6M PBS CLASSE 20 DN100\/ DE 110MM<\/p>\n","protected":false},"featured_media":2494,"comment_status":"open","ping_status":"closed","template":"","meta":[],"product_cat":[300,186],"product_tag":[1280],"_links":{"self":[{"href":"https:\/\/trenaferragens.com.br\/index.php?rest_route=\/wp\/v2\/product\/4567"}],"collection":[{"href":"https:\/\/trenaferragens.com.br\/index.php?rest_route=\/wp\/v2\/product"}],"about":[{"href":"https:\/\/trenaferragens.com.br\/index.php?rest_route=\/wp\/v2\/types\/product"}],"replies":[{"embeddable":true,"href":"https:\/\/trenaferragens.com.br\/index.php?rest_route=%2Fwp%2Fv2%2Fcomments&post=4567"}],"wp:featuredmedia":[{"embeddable":true,"href":"https:\/\/trenaferragens.com.br\/index.php?rest_route=\/wp\/v2\/media\/2494"}],"wp:attachment":[{"href":"https:\/\/trenaferragens.com.br\/index.php?rest_route=%2Fwp%2Fv2%2Fmedia&parent=4567"}],"wp:term":[{"taxonomy":"product_cat","embeddable":true,"href":"https:\/\/trenaferragens.com.br\/index.php?rest_route=%2Fwp%2Fv2%2Fproduct_cat&post=4567"},{"taxonomy":"product_tag","embeddable":true,"href":"https:\/\/trenaferragens.com.br\/index.php?rest_route=%2Fwp%2Fv2%2Fproduct_tag&post=4567"}],"curies":[{"name":"wp","href":"https:\/\/api.w.org\/{rel}","templated":true}]}}