{"id":4572,"date":"2018-08-01T16:15:17","date_gmt":"2018-08-01T16:15:17","guid":{"rendered":"http:\/\/trenaferragens1.hospedagemdesites.ws\/produto\/import-placeholder-for-6636\/"},"modified":"2018-08-01T16:15:38","modified_gmt":"2018-08-01T16:15:38","slug":"bucha-reducao-esgoto","status":"publish","type":"product","link":"https:\/\/trenaferragens.com.br\/?product=bucha-reducao-esgoto","title":{"rendered":"Bucha Redu\u00e7\u00e3o Esgoto"},"content":{"rendered":"<h4 class=\"title\">Bucha Redu\u00e7\u00e3o Esgoto<\/h4>\n<p>A Tigre Tubos e Conex\u00f5es oferta solu\u00e7\u00f5es recheadas de inova\u00e7\u00e3o e qualidade. A empresa possui linhas para os segmentos Predial, Industrial, Infraestrutura e Irriga\u00e7\u00e3o. S\u00e3o linhas completas, com produtos de excelente durabilidade, que garantem total tranquilidade na hora de construir ou reformar.<\/p>\n","protected":false},"excerpt":{"rendered":"<p>Bucha Redu\u00e7\u00e3o Esgoto<\/p>\n<p>DISPON\u00cdVEL NAS OP\u00c7\u00d5ES<\/p>\n<p>Bucha Redu\u00e7\u00e3o Esgoto 50&#215;40<\/p>\n<p>Bucha Redu\u00e7\u00e3o Esgoto 75&#215;50<\/p>\n<p>Bucha Redu\u00e7\u00e3o Esgoto 100&#215;50<\/p>\n<p>Bucha Redu\u00e7\u00e3o Esgoto 100&#215;75<\/p>\n<p>Bucha Redu\u00e7\u00e3o Esgoto 150&#215;100<\/p>\n<p>Bucha Redu\u00e7\u00e3o Esgoto 200&#215;150<\/p>\n<p>Bucha Redu\u00e7\u00e3o Esgoto 250&#215;200<\/p>\n","protected":false},"featured_media":2498,"comment_status":"open","ping_status":"closed","template":"","meta":[],"product_cat":[300,186],"product_tag":[1285],"_links":{"self":[{"href":"https:\/\/trenaferragens.com.br\/index.php?rest_route=\/wp\/v2\/product\/4572"}],"collection":[{"href":"https:\/\/trenaferragens.com.br\/index.php?rest_route=\/wp\/v2\/product"}],"about":[{"href":"https:\/\/trenaferragens.com.br\/index.php?rest_route=\/wp\/v2\/types\/product"}],"replies":[{"embeddable":true,"href":"https:\/\/trenaferragens.com.br\/index.php?rest_route=%2Fwp%2Fv2%2Fcomments&post=4572"}],"wp:featuredmedia":[{"embeddable":true,"href":"https:\/\/trenaferragens.com.br\/index.php?rest_route=\/wp\/v2\/media\/2498"}],"wp:attachment":[{"href":"https:\/\/trenaferragens.com.br\/index.php?rest_route=%2Fwp%2Fv2%2Fmedia&parent=4572"}],"wp:term":[{"taxonomy":"product_cat","embeddable":true,"href":"https:\/\/trenaferragens.com.br\/index.php?rest_route=%2Fwp%2Fv2%2Fproduct_cat&post=4572"},{"taxonomy":"product_tag","embeddable":true,"href":"https:\/\/trenaferragens.com.br\/index.php?rest_route=%2Fwp%2Fv2%2Fproduct_tag&post=4572"}],"curies":[{"name":"wp","href":"https:\/\/api.w.org\/{rel}","templated":true}]}}