{"id":4610,"date":"2018-08-01T16:16:26","date_gmt":"2018-08-01T16:16:26","guid":{"rendered":"http:\/\/trenaferragens1.hospedagemdesites.ws\/produto\/import-placeholder-for-6720\/"},"modified":"2018-08-01T16:16:44","modified_gmt":"2018-08-01T16:16:44","slug":"tubo-pvc-esgoto-6m","status":"publish","type":"product","link":"https:\/\/trenaferragens.com.br\/?product=tubo-pvc-esgoto-6m","title":{"rendered":"Tubo PVC Esgoto 6M"},"content":{"rendered":"<h4 class=\"title\">Tubo PVC Esgoto 6M<\/h4>\n<p>A Tigre Tubos e Conex\u00f5es oferta solu\u00e7\u00f5es recheadas de inova\u00e7\u00e3o e qualidade. A empresa possui linhas para os segmentos Predial, Industrial, Infraestrutura e Irriga\u00e7\u00e3o. S\u00e3o linhas completas, com produtos de excelente durabilidade, que garantem total tranquilidade na hora de construir ou reformar.<\/p>\n","protected":false},"excerpt":{"rendered":"<p>Tubo PVC Esgoto 6M<\/p>\n<p>DISPON\u00cdVEL NAS OP\u00c7\u00d5ES<\/p>\n<p>Tubo PVC Esgoto 6M 40MM<\/p>\n<p>Tubo PVC Esgoto 6M 50MM<\/p>\n<p>Tubo PVC Esgoto 6M 75MM<\/p>\n<p>Tubo PVC Esgoto 6M 100MM<\/p>\n<p>Tubo PVC Esgoto 6M 150MM<\/p>\n<p>Tubo PVC Esgoto 6M 200MM<\/p>\n<p>Tubo PVC Esgoto 6M 250MMx3.0MM<\/p>\n<p>Tubo PVC Esgoto 6M 300MMx3.5MM<\/p>\n<p>Tubo PVC Esgoto 6M 350MMx4.0MM C\/Pontas<\/p>\n<p>Tubo PVC Esgoto 6M 400MMx4.5MM<\/p>\n","protected":false},"featured_media":2571,"comment_status":"open","ping_status":"closed","template":"","meta":[],"product_cat":[300,186],"product_tag":[1323],"_links":{"self":[{"href":"https:\/\/trenaferragens.com.br\/index.php?rest_route=\/wp\/v2\/product\/4610"}],"collection":[{"href":"https:\/\/trenaferragens.com.br\/index.php?rest_route=\/wp\/v2\/product"}],"about":[{"href":"https:\/\/trenaferragens.com.br\/index.php?rest_route=\/wp\/v2\/types\/product"}],"replies":[{"embeddable":true,"href":"https:\/\/trenaferragens.com.br\/index.php?rest_route=%2Fwp%2Fv2%2Fcomments&post=4610"}],"wp:featuredmedia":[{"embeddable":true,"href":"https:\/\/trenaferragens.com.br\/index.php?rest_route=\/wp\/v2\/media\/2571"}],"wp:attachment":[{"href":"https:\/\/trenaferragens.com.br\/index.php?rest_route=%2Fwp%2Fv2%2Fmedia&parent=4610"}],"wp:term":[{"taxonomy":"product_cat","embeddable":true,"href":"https:\/\/trenaferragens.com.br\/index.php?rest_route=%2Fwp%2Fv2%2Fproduct_cat&post=4610"},{"taxonomy":"product_tag","embeddable":true,"href":"https:\/\/trenaferragens.com.br\/index.php?rest_route=%2Fwp%2Fv2%2Fproduct_tag&post=4610"}],"curies":[{"name":"wp","href":"https:\/\/api.w.org\/{rel}","templated":true}]}}