{"id":4612,"date":"2018-08-01T16:16:27","date_gmt":"2018-08-01T16:16:27","guid":{"rendered":"http:\/\/trenaferragens1.hospedagemdesites.ws\/produto\/import-placeholder-for-6725\/"},"modified":"2018-08-01T16:16:45","modified_gmt":"2018-08-01T16:16:45","slug":"valvula-de-retencao-soldavel","status":"publish","type":"product","link":"https:\/\/trenaferragens.com.br\/?product=valvula-de-retencao-soldavel","title":{"rendered":"V\u00e1lvula de Reten\u00e7\u00e3o Sold\u00e1vel"},"content":{"rendered":"<h4 class=\"title\">V\u00e1lvula de Reten\u00e7\u00e3o Sold\u00e1vel<\/h4>\n<p>A Tigre Tubos e Conex\u00f5es oferta solu\u00e7\u00f5es recheadas de inova\u00e7\u00e3o e qualidade. A empresa possui linhas para os segmentos Predial, Industrial, Infraestrutura e Irriga\u00e7\u00e3o. S\u00e3o linhas completas, com produtos de excelente durabilidade, que garantem total tranquilidade na hora de construir ou reformar.<\/p>\n","protected":false},"excerpt":{"rendered":"<p>V\u00e1lvula de Reten\u00e7\u00e3o Sold\u00e1vel<\/p>\n<p>DISPON\u00cdVEL NAS OP\u00c7\u00d5ES<\/p>\n<p>V\u00e1lvula de Reten\u00e7\u00e3o Sold\u00e1vel 32MM<\/p>\n<p>V\u00e1lvula de Reten\u00e7\u00e3o Sold\u00e1vel 50MM<\/p>\n<p>V\u00e1lvula de Reten\u00e7\u00e3o Sold\u00e1vel 60MM<\/p>\n","protected":false},"featured_media":2573,"comment_status":"open","ping_status":"closed","template":"","meta":[],"product_cat":[300,186],"product_tag":[1325],"_links":{"self":[{"href":"https:\/\/trenaferragens.com.br\/index.php?rest_route=\/wp\/v2\/product\/4612"}],"collection":[{"href":"https:\/\/trenaferragens.com.br\/index.php?rest_route=\/wp\/v2\/product"}],"about":[{"href":"https:\/\/trenaferragens.com.br\/index.php?rest_route=\/wp\/v2\/types\/product"}],"replies":[{"embeddable":true,"href":"https:\/\/trenaferragens.com.br\/index.php?rest_route=%2Fwp%2Fv2%2Fcomments&post=4612"}],"wp:featuredmedia":[{"embeddable":true,"href":"https:\/\/trenaferragens.com.br\/index.php?rest_route=\/wp\/v2\/media\/2573"}],"wp:attachment":[{"href":"https:\/\/trenaferragens.com.br\/index.php?rest_route=%2Fwp%2Fv2%2Fmedia&parent=4612"}],"wp:term":[{"taxonomy":"product_cat","embeddable":true,"href":"https:\/\/trenaferragens.com.br\/index.php?rest_route=%2Fwp%2Fv2%2Fproduct_cat&post=4612"},{"taxonomy":"product_tag","embeddable":true,"href":"https:\/\/trenaferragens.com.br\/index.php?rest_route=%2Fwp%2Fv2%2Fproduct_tag&post=4612"}],"curies":[{"name":"wp","href":"https:\/\/api.w.org\/{rel}","templated":true}]}}