{"id":4633,"date":"2018-08-01T16:16:39","date_gmt":"2018-08-01T16:16:39","guid":{"rendered":"http:\/\/trenaferragens1.hospedagemdesites.ws\/produto\/import-placeholder-for-6777\/"},"modified":"2018-08-01T16:17:00","modified_gmt":"2018-08-01T16:17:00","slug":"anti-infiltracao-gira-facil","status":"publish","type":"product","link":"https:\/\/trenaferragens.com.br\/?product=anti-infiltracao-gira-facil","title":{"rendered":"Anti-infiltra\u00e7\u00e3o Gira F\u00e1cil"},"content":{"rendered":"<h4 class=\"title\">Anti-infiltra\u00e7\u00e3o Gira F\u00e1cil<\/h4>\n<p>A Tigre Tubos e Conex\u00f5es oferta solu\u00e7\u00f5es recheadas de inova\u00e7\u00e3o e qualidade. A empresa possui linhas para os segmentos Predial, Industrial, Infraestrutura e Irriga\u00e7\u00e3o. S\u00e3o linhas completas, com produtos de excelente durabilidade, que garantem total tranquilidade na hora de construir ou reformar.<\/p>\n","protected":false},"excerpt":{"rendered":"<p>Anti-infiltra\u00e7\u00e3o Gira F\u00e1cil<\/p>\n<p>DIPON\u00cdVEL NAS OP\u00c7\u00d5ES<\/p>\n<p>Anti-infiltra\u00e7\u00e3o Gira F\u00e1cil 100MM<\/p>\n<p>Anti-infiltra\u00e7\u00e3o Gira F\u00e1cil 150MM<\/p>\n","protected":false},"featured_media":2632,"comment_status":"open","ping_status":"closed","template":"","meta":[],"product_cat":[300,186],"product_tag":[1346],"_links":{"self":[{"href":"https:\/\/trenaferragens.com.br\/index.php?rest_route=\/wp\/v2\/product\/4633"}],"collection":[{"href":"https:\/\/trenaferragens.com.br\/index.php?rest_route=\/wp\/v2\/product"}],"about":[{"href":"https:\/\/trenaferragens.com.br\/index.php?rest_route=\/wp\/v2\/types\/product"}],"replies":[{"embeddable":true,"href":"https:\/\/trenaferragens.com.br\/index.php?rest_route=%2Fwp%2Fv2%2Fcomments&post=4633"}],"wp:featuredmedia":[{"embeddable":true,"href":"https:\/\/trenaferragens.com.br\/index.php?rest_route=\/wp\/v2\/media\/2632"}],"wp:attachment":[{"href":"https:\/\/trenaferragens.com.br\/index.php?rest_route=%2Fwp%2Fv2%2Fmedia&parent=4633"}],"wp:term":[{"taxonomy":"product_cat","embeddable":true,"href":"https:\/\/trenaferragens.com.br\/index.php?rest_route=%2Fwp%2Fv2%2Fproduct_cat&post=4633"},{"taxonomy":"product_tag","embeddable":true,"href":"https:\/\/trenaferragens.com.br\/index.php?rest_route=%2Fwp%2Fv2%2Fproduct_tag&post=4633"}],"curies":[{"name":"wp","href":"https:\/\/api.w.org\/{rel}","templated":true}]}}