{"id":4634,"date":"2018-08-01T16:17:02","date_gmt":"2018-08-01T16:17:02","guid":{"rendered":"http:\/\/trenaferragens1.hospedagemdesites.ws\/produto\/import-placeholder-for-6779\/"},"modified":"2018-08-01T16:17:19","modified_gmt":"2018-08-01T16:17:19","slug":"caixa-dagua-polietileno","status":"publish","type":"product","link":"https:\/\/trenaferragens.com.br\/?product=caixa-dagua-polietileno","title":{"rendered":"Caixa D&#8217;\u00c1gua Polietileno"},"content":{"rendered":"<h4 class=\"title\">Caixa D&#8217;\u00c1gua Polietileno<\/h4>\n<p>A Tigre Tubos e Conex\u00f5es oferta solu\u00e7\u00f5es recheadas de inova\u00e7\u00e3o e qualidade. A empresa possui linhas para os segmentos Predial, Industrial, Infraestrutura e Irriga\u00e7\u00e3o. S\u00e3o linhas completas, com produtos de excelente durabilidade, que garantem total tranquilidade na hora de construir ou reformar.<\/p>\n","protected":false},"excerpt":{"rendered":"<div class=\"field field--name-field-texto-tecnico field--type-text-long field--label-hidden field--item\">\n<p>Caixa D&#8217;\u00c1gua Polietileno<\/p>\n<p>&#8211; Mat\u00e9ria-prima &#8211; Fabricada em polietileno de M\u00e9dia Densidade;<\/p>\n<p>&#8211; Capacidade de armazenamento \u2013 310, 500, 750, 1000, 1500, 2000, 3000 e 5000 litros;<\/p>\n<p>&#8211; Processo de Fabrica\u00e7\u00e3o &#8211;\u00a0Rotomoldagem;<\/p>\n<p>&#8211; Sistema de fechamento total e seguro &#8211;\u00a0A tampa possui uma aba que se encaixa perfeitamente ao corpo;<\/p>\n<p>&#8211; Marca\u00e7\u00e3o para furos no corpo da caixa &#8211;\u00a0Garantia de fura\u00e7\u00e3o sem erro;<\/p>\n<p>&#8211; Manual de Instru\u00e7\u00e3o &#8211;\u00a0Adesivo colado no corpo do produto;<\/p>\n<p>&#8211; Normas de Refer\u00eancia: NBR 14799 e NBR 15682.<\/p>\n<\/div>\n<div class=\"table-content\">\n<h4 class=\"h4\">ESPECIFICA\u00c7\u00d5ES<\/h4>\n<div class=\"table-responsive\">\n<table class=\"table table-hover\">\n<thead>\n<tr>\n<th>CAPACIDADE (LITROS)<\/th>\n<th>D1<\/th>\n<th>D2<\/th>\n<th>H1<\/th>\n<th>H2<\/th>\n<\/tr>\n<\/thead>\n<tbody>\n<tr>\n<td>500L<\/td>\n<td>1212,0<\/td>\n<td>978,3<\/td>\n<td>719,0<\/td>\n<td>573,1<\/td>\n<\/tr>\n<\/tbody>\n<\/table>\n<h3 class=\"h4 product-description-sub\">BENEF\u00cdCIOS<\/h3>\n<p>&#8211; Elevada durabilidade \u2013 Devido ao aditivo UV;<\/p>\n<p>&#8211; Seguran\u00e7a total \u2013 Encaixe perfeito\u00a0entre corpo e tampa que impede a prolifera\u00e7\u00e3o do Aedes Aegypti e tamb\u00e9m protege contra os raios de sol evitando o desenvolvimento de algas e bact\u00e9rias garantido potabilidade da \u00e1gua;<\/p>\n<p>&#8211; Instala\u00e7\u00e3o simplificada \u2013 J\u00e1 vem com marca\u00e7\u00e3o para furos, facilitando a instala\u00e7\u00e3o;<\/p>\n<p>&#8211; Facilidade de limpeza \u2013 superf\u00edcie interna lisa que evita incrusta\u00e7\u00f5es.<\/p>\n<h3 class=\"h4 product-description-sub\">INSTRU\u00c7\u00d5ES<\/h3>\n<p>Voc\u00ea j\u00e1 sabe onde vai instalar a Caixa d\u2019\u00c1gua? O local pode ser de concreto ou madeira, mas deve ser maior que a largura do fundo da caixa e ter resist\u00eancia compat\u00edvel com o seu peso. Observe se a base est\u00e1 lisa, nivelada, isenta de sujeira e materiais pontiagudos. Se for colocada em uma base de madeira, as t\u00e1buas devem ser resistentes e sem espa\u00e7amento entre elas. No v\u00eddeo de instala\u00e7\u00e3o ou na ficha t\u00e9cnica do produto voc\u00ea acompanha o passo a passo da instala\u00e7\u00e3o.<\/p>\n<\/div>\n<\/div>\n","protected":false},"featured_media":2633,"comment_status":"open","ping_status":"closed","template":"","meta":[],"product_cat":[300,186],"product_tag":[1347],"_links":{"self":[{"href":"https:\/\/trenaferragens.com.br\/index.php?rest_route=\/wp\/v2\/product\/4634"}],"collection":[{"href":"https:\/\/trenaferragens.com.br\/index.php?rest_route=\/wp\/v2\/product"}],"about":[{"href":"https:\/\/trenaferragens.com.br\/index.php?rest_route=\/wp\/v2\/types\/product"}],"replies":[{"embeddable":true,"href":"https:\/\/trenaferragens.com.br\/index.php?rest_route=%2Fwp%2Fv2%2Fcomments&post=4634"}],"wp:featuredmedia":[{"embeddable":true,"href":"https:\/\/trenaferragens.com.br\/index.php?rest_route=\/wp\/v2\/media\/2633"}],"wp:attachment":[{"href":"https:\/\/trenaferragens.com.br\/index.php?rest_route=%2Fwp%2Fv2%2Fmedia&parent=4634"}],"wp:term":[{"taxonomy":"product_cat","embeddable":true,"href":"https:\/\/trenaferragens.com.br\/index.php?rest_route=%2Fwp%2Fv2%2Fproduct_cat&post=4634"},{"taxonomy":"product_tag","embeddable":true,"href":"https:\/\/trenaferragens.com.br\/index.php?rest_route=%2Fwp%2Fv2%2Fproduct_tag&post=4634"}],"curies":[{"name":"wp","href":"https:\/\/api.w.org\/{rel}","templated":true}]}}