{"id":4678,"date":"2018-08-01T16:17:48","date_gmt":"2018-08-01T16:17:48","guid":{"rendered":"http:\/\/trenaferragens1.hospedagemdesites.ws\/produto\/import-placeholder-for-6884\/"},"modified":"2022-11-29T06:46:17","modified_gmt":"2022-11-29T06:46:17","slug":"cabeceira-direita-aquapluv","status":"publish","type":"product","link":"https:\/\/trenaferragens.com.br\/?product=cabeceira-direita-aquapluv","title":{"rendered":"Cabeceira Direita Aquapluv"},"content":{"rendered":"<h4 class=\"title\">Cabeceira Direita Aquapluv<\/h4>\n<p>A Tigre Tubos e Conex\u00f5es oferta solu\u00e7\u00f5es recheadas de inova\u00e7\u00e3o e qualidade. A empresa possui linhas para os segmentos Predial, Industrial, Infraestrutura e Irriga\u00e7\u00e3o. S\u00e3o linhas completas, com produtos de excelente durabilidade, que garantem total tranquilidade na hora de construir ou reformar.<\/p>\n","protected":false},"excerpt":{"rendered":"<h4>Cabeceira Direita Aquapluv<\/h4>\n<p>DISPON\u00cdVEL NAS OP\u00c7\u00d5ES<\/p>\n<p>Cabeceira Direita Aquapluv 880-4-125MM<\/p>\n<h4>BENEF\u00cdCIOS<\/h4>\n<ul>\n<li>Resist\u00eancia a esfor\u00e7os mec\u00e2nicos e \u00e0 temperatura superior a da linha Esgoto S\u00e9rie Normal;<\/li>\n<li>Linha completa para atender as necessidades dos sistemas prediais de esgoto;<\/li>\n<li>Facilidade de instala\u00e7\u00e3o: simples execu\u00e7\u00e3o das juntas, leveza dos materiais;<\/li>\n<li>Estanqueidade: tanto o sistema sold\u00e1vel quanto o de junta el\u00e1stica garantem estanqueidade, sendo bem executados;<\/li>\n<li>F\u00e1cil solu\u00e7\u00e3o para reparos atrav\u00e9s da Luva de Correr da linha;<\/li>\n<li>Elevada resist\u00eancia qu\u00edmica, gra\u00e7as \u00e0 mat\u00e9ria-prima.<\/li>\n<\/ul>\n<h4>CARACTER\u00cdSTICAS<\/h4>\n<ul>\n<li>Tubos e conex\u00f5es fabricados de PVC r\u00edgido na cor bege p\u00e9rola;<\/li>\n<li>Tubos de 6 e 3 metros com ponta e bolsa;<\/li>\n<li>Di\u00e2metros: DN 40, DN 50, DN 75, DN 100, DN 150 e DN 200;<\/li>\n<li>Classe de Rigidez:<\/li>\n<li>&#8211; 40mm = 23.790Pa<\/li>\n<li>&#8211; 50mm = 12.270Pa<\/li>\n<li>&#8211; 100mm = 3.700Pa<\/li>\n<li>&#8211; 150mm = 3.400Pa<\/li>\n<li>Juntas que aceitam o sistema sold\u00e1vel (com adesivo pl\u00e1stico) ou el\u00e1stico (com anel de borracha);<\/li>\n<li>Temperatura m\u00e1xima de trabalho: 75\u00baC em regime n\u00e3o cont\u00ednuo;<\/li>\n<li>Superf\u00edcie interna lisa.<\/li>\n<\/ul>\n","protected":false},"featured_media":2709,"comment_status":"open","ping_status":"closed","template":"","meta":[],"product_cat":[300,186],"product_tag":[1391],"_links":{"self":[{"href":"https:\/\/trenaferragens.com.br\/index.php?rest_route=\/wp\/v2\/product\/4678"}],"collection":[{"href":"https:\/\/trenaferragens.com.br\/index.php?rest_route=\/wp\/v2\/product"}],"about":[{"href":"https:\/\/trenaferragens.com.br\/index.php?rest_route=\/wp\/v2\/types\/product"}],"replies":[{"embeddable":true,"href":"https:\/\/trenaferragens.com.br\/index.php?rest_route=%2Fwp%2Fv2%2Fcomments&post=4678"}],"wp:featuredmedia":[{"embeddable":true,"href":"https:\/\/trenaferragens.com.br\/index.php?rest_route=\/wp\/v2\/media\/2709"}],"wp:attachment":[{"href":"https:\/\/trenaferragens.com.br\/index.php?rest_route=%2Fwp%2Fv2%2Fmedia&parent=4678"}],"wp:term":[{"taxonomy":"product_cat","embeddable":true,"href":"https:\/\/trenaferragens.com.br\/index.php?rest_route=%2Fwp%2Fv2%2Fproduct_cat&post=4678"},{"taxonomy":"product_tag","embeddable":true,"href":"https:\/\/trenaferragens.com.br\/index.php?rest_route=%2Fwp%2Fv2%2Fproduct_tag&post=4678"}],"curies":[{"name":"wp","href":"https:\/\/api.w.org\/{rel}","templated":true}]}}