{"id":4690,"date":"2018-08-01T16:17:57","date_gmt":"2018-08-01T16:17:57","guid":{"rendered":"http:\/\/trenaferragens1.hospedagemdesites.ws\/produto\/import-placeholder-for-6909\/"},"modified":"2018-08-01T16:18:13","modified_gmt":"2018-08-01T16:18:13","slug":"tubo-condutor-aquapluv","status":"publish","type":"product","link":"https:\/\/trenaferragens.com.br\/?product=tubo-condutor-aquapluv","title":{"rendered":"Tubo Condutor Aquapluv"},"content":{"rendered":"<h4 class=\"title\">Tubo Condutor Aquapluv<\/h4>\n<p>A Tigre Tubos e Conex\u00f5es oferta solu\u00e7\u00f5es recheadas de inova\u00e7\u00e3o e qualidade. A empresa possui linhas para os segmentos Predial, Industrial, Infraestrutura e Irriga\u00e7\u00e3o. S\u00e3o linhas completas, com produtos de excelente durabilidade, que garantem total tranquilidade na hora de construir ou reformar.<\/p>\n","protected":false},"excerpt":{"rendered":"<h4 class=\"title\">Tubo Condutor Aquapluv<\/h4>\n<p>DISPON\u00cdVEL NAS OP\u00c7\u00d5ES<\/p>\n<h4 class=\"title\">Tubo Condutor Aquapluv 113-3-3<\/h4>\n<p>&nbsp;<\/p>\n<h4 class=\"h4 product-description-sub\">BENEF\u00cdCIOS<\/h4>\n<p>&#8211; Durabilidade &#8211;\u00a0resistente \u00e0 a\u00e7\u00e3o das intemp\u00e9ries e corros\u00e3o;<\/p>\n<p>&#8211; Facilidade de instala\u00e7\u00e3o, garantida pela padroniza\u00e7\u00e3o das pe\u00e7as, montagem por simples encaixe e veda\u00e7\u00e3o atrav\u00e9s de juntas el\u00e1sticas.<\/p>\n<h4 class=\"h4 product-description-sub\">INSTRU\u00c7\u00d5ES<\/h4>\n<p>Para instalar o Condutor Circular Aquapluv, a primeira etapa \u00e9 medir a altura e cortar os segmentos, conforme a necessidade. Deve-se sempre instalar as conex\u00f5es com as pontas voltadas para baixo. A emenda dos condutores \u00e9 feita por simples encaixe. Na Ficha T\u00e9cnica do produto voc\u00ea acompanha o passo a passo de instala\u00e7\u00e3o.<\/p>\n","protected":false},"featured_media":2739,"comment_status":"open","ping_status":"closed","template":"","meta":[],"product_cat":[300,186],"product_tag":[1403],"_links":{"self":[{"href":"https:\/\/trenaferragens.com.br\/index.php?rest_route=\/wp\/v2\/product\/4690"}],"collection":[{"href":"https:\/\/trenaferragens.com.br\/index.php?rest_route=\/wp\/v2\/product"}],"about":[{"href":"https:\/\/trenaferragens.com.br\/index.php?rest_route=\/wp\/v2\/types\/product"}],"replies":[{"embeddable":true,"href":"https:\/\/trenaferragens.com.br\/index.php?rest_route=%2Fwp%2Fv2%2Fcomments&post=4690"}],"wp:featuredmedia":[{"embeddable":true,"href":"https:\/\/trenaferragens.com.br\/index.php?rest_route=\/wp\/v2\/media\/2739"}],"wp:attachment":[{"href":"https:\/\/trenaferragens.com.br\/index.php?rest_route=%2Fwp%2Fv2%2Fmedia&parent=4690"}],"wp:term":[{"taxonomy":"product_cat","embeddable":true,"href":"https:\/\/trenaferragens.com.br\/index.php?rest_route=%2Fwp%2Fv2%2Fproduct_cat&post=4690"},{"taxonomy":"product_tag","embeddable":true,"href":"https:\/\/trenaferragens.com.br\/index.php?rest_route=%2Fwp%2Fv2%2Fproduct_tag&post=4690"}],"curies":[{"name":"wp","href":"https:\/\/api.w.org\/{rel}","templated":true}]}}