{"id":4691,"date":"2018-08-01T16:17:58","date_gmt":"2018-08-01T16:17:58","guid":{"rendered":"http:\/\/trenaferragens1.hospedagemdesites.ws\/produto\/import-placeholder-for-6911\/"},"modified":"2018-08-01T16:18:14","modified_gmt":"2018-08-01T16:18:14","slug":"vedacao-aquapluv","status":"publish","type":"product","link":"https:\/\/trenaferragens.com.br\/?product=vedacao-aquapluv","title":{"rendered":"Veda\u00e7\u00e3o Aquapluv"},"content":{"rendered":"<h4 class=\"title\">Veda\u00e7\u00e3o Aquapluv<\/h4>\n<p>A Tigre Tubos e Conex\u00f5es oferta solu\u00e7\u00f5es recheadas de inova\u00e7\u00e3o e qualidade. A empresa possui linhas para os segmentos Predial, Industrial, Infraestrutura e Irriga\u00e7\u00e3o. S\u00e3o linhas completas, com produtos de excelente durabilidade, que garantem total tranquilidade na hora de construir ou reformar.<\/p>\n","protected":false},"excerpt":{"rendered":"<h4 class=\"title\">Veda\u00e7\u00e3o Aquapluv<\/h4>\n<p>DISPON\u00cdVEL NAS OP\u00c7\u00d5ES<\/p>\n<h4 class=\"title\">Veda\u00e7\u00e3o Aquapluv 125MM<\/h4>\n<h3 class=\"h4 product-description-sub\">BENEF\u00cdCIOS<\/h3>\n<p>&#8211; Maior adapta\u00e7\u00e3o aos projetos;<\/p>\n<p>&#8211; Produto recicl\u00e1vel &#8211; n\u00e3o gera descarte ou substitui\u00e7\u00e3o frequente;<\/p>\n<p>&#8211; Cor combina com outros elementos construtivos;<\/p>\n<p>&#8211; Facilidade de instala\u00e7\u00e3o, devido \u00e0 padroniza\u00e7\u00e3o das pe\u00e7as, fixa\u00e7\u00e3o e montagem por meio de juntas el\u00e1sticas, utilizando-se de simples encaixe;<\/p>\n<p>&#8211; Qualidade Tigre traz seguran\u00e7a para o especificador e instalador;<\/p>\n<p>&#8211; Durabilidade &#8211; resistente \u00e0 a\u00e7\u00e3o das intemp\u00e9ries;<\/p>\n<p>&#8211; Em resid\u00eancia, o sistema de coleta das \u00e1guas de chuva permite um melhor escoamento dessas \u00e1guas, evitando alagamentos, eros\u00e3o do solo e outros problemas;<\/p>\n<p>&#8211; N\u00e3o sofre corros\u00e3o;<\/p>\n<p>&#8211; Veda\u00e7\u00e3o perfeita.<\/p>\n<h3 class=\"h4 product-description-sub\">INSTRU\u00c7\u00d5ES<\/h3>\n<p>A Veda\u00e7\u00e3o Aquapluv \u00e9 por simples encaixe da borracha na caneleta da conex\u00e3o. Na Ficha T\u00e9cnica voc\u00ea acompanha o passo a passo da linha Aquapluv, composta de calha, condutores, conex\u00f5es e suportes.<\/p>\n","protected":false},"featured_media":2740,"comment_status":"open","ping_status":"closed","template":"","meta":[],"product_cat":[300,186],"product_tag":[1404],"_links":{"self":[{"href":"https:\/\/trenaferragens.com.br\/index.php?rest_route=\/wp\/v2\/product\/4691"}],"collection":[{"href":"https:\/\/trenaferragens.com.br\/index.php?rest_route=\/wp\/v2\/product"}],"about":[{"href":"https:\/\/trenaferragens.com.br\/index.php?rest_route=\/wp\/v2\/types\/product"}],"replies":[{"embeddable":true,"href":"https:\/\/trenaferragens.com.br\/index.php?rest_route=%2Fwp%2Fv2%2Fcomments&post=4691"}],"wp:featuredmedia":[{"embeddable":true,"href":"https:\/\/trenaferragens.com.br\/index.php?rest_route=\/wp\/v2\/media\/2740"}],"wp:attachment":[{"href":"https:\/\/trenaferragens.com.br\/index.php?rest_route=%2Fwp%2Fv2%2Fmedia&parent=4691"}],"wp:term":[{"taxonomy":"product_cat","embeddable":true,"href":"https:\/\/trenaferragens.com.br\/index.php?rest_route=%2Fwp%2Fv2%2Fproduct_cat&post=4691"},{"taxonomy":"product_tag","embeddable":true,"href":"https:\/\/trenaferragens.com.br\/index.php?rest_route=%2Fwp%2Fv2%2Fproduct_tag&post=4691"}],"curies":[{"name":"wp","href":"https:\/\/api.w.org\/{rel}","templated":true}]}}