{"id":4713,"date":"2018-08-01T16:18:30","date_gmt":"2018-08-01T16:18:30","guid":{"rendered":"http:\/\/trenaferragens1.hospedagemdesites.ws\/produto\/import-placeholder-for-6961\/"},"modified":"2018-08-01T16:18:46","modified_gmt":"2018-08-01T16:18:46","slug":"uniao-aquatherm","status":"publish","type":"product","link":"https:\/\/trenaferragens.com.br\/?product=uniao-aquatherm","title":{"rendered":"Uni\u00e3o AQUATHERM"},"content":{"rendered":"<h4 class=\"title\">Uni\u00e3o AQUATHERM<\/h4>\n<p>A Tigre Tubos e Conex\u00f5es oferta solu\u00e7\u00f5es recheadas de inova\u00e7\u00e3o e qualidade. A empresa possui linhas para os segmentos Predial, Industrial, Infraestrutura e Irriga\u00e7\u00e3o. S\u00e3o linhas completas, com produtos de excelente durabilidade, que garantem total tranquilidade na hora de construir ou reformar.<\/p>\n","protected":false},"excerpt":{"rendered":"<h4 class=\"title\">Uni\u00e3o AQUATHERM<\/h4>\n<p>DISPON\u00cdVEL NAS OP\u00c7\u00d5ES<\/p>\n<p>Uni\u00e3o AQUATHERM 15MM<\/p>\n<p>Uni\u00e3o AQUATHERM 22MM<\/p>\n<p>Uni\u00e3o AQUATHERM 28MM<\/p>\n<p>Uni\u00e3o AQUATHERM 35MM<\/p>\n<p>Uni\u00e3o AQUATHERM 42MM<\/p>\n<p>Uni\u00e3o AQUATHERM 73MM<\/p>\n<p>Uni\u00e3o AQUATHERM 89MM<\/p>\n<h3 class=\"h4 product-description-sub\">BENEF\u00cdCIOS<\/h3>\n<p>&#8211; Facilidade de instala\u00e7\u00e3o &#8211;\u00a0Dispensa equipamentos especiais e m\u00e3o de obra especializada. As juntas s\u00e3o sold\u00e1veis a frio (com adesivo pr\u00f3prio);<\/p>\n<p>&#8211; Bom isolamento t\u00e9rmico &#8211;\u00a0Devido a sua baixa condutividade t\u00e9rmica, os tubos e conex\u00f5es Aquatherm\u00ae n\u00e3o exigem a aplica\u00e7\u00e3o de isolantes t\u00e9rmicos quando utilizados embutidos ou em trechos aparentes;<\/p>\n<p>&#8211; Durabilidade: O CPVC Aquatherm\u00ae n\u00e3o sofre ataque qu\u00edmico das subst\u00e2ncias da \u00e1gua. Isto evita oxida\u00e7\u00e3o, ferrugem ou corros\u00e3o dos componentes, e incrusta\u00e7\u00f5es que comprometem a vaz\u00e3o de projeto ao longo da vida \u00fatil.<\/p>\n<h3 class=\"h4 product-description-sub\">INSTRU\u00c7\u00d5ES<\/h3>\n<p>Antes de soldar, verifique se o encaixe entre a ponta do tubo e a bolsa da conex\u00e3o est\u00e1 bem justo. \u00c9 necess\u00e1rio que exista uma interfer\u00eancia entre as pe\u00e7as, pois n\u00e3o se estabelece a soldagem se n\u00e3o ocorrer press\u00e3o entre as superf\u00edcies que est\u00e3o sendo unidas. Quando for necess\u00e1rio realizar uma conex\u00e3o com pe\u00e7as met\u00e1licas, ou ponto de consumo como, por exemplo, torneiras e chuveiros, ou entradas e sa\u00eddas de aquecedores, a linha Aquatherm\u00ae possui conex\u00f5es de transi\u00e7\u00e3o especificas para esta aplica\u00e7\u00e3o. Nesses casos ser\u00e1 necess\u00e1rio realizar juntas rosc\u00e1veis. Na Ficha T\u00e9cnica voc\u00ea verifica todas as instru\u00e7\u00f5es de uso e instala\u00e7\u00e3o da Uni\u00e3o Aquatherm\u00ae.<\/p>\n","protected":false},"featured_media":2779,"comment_status":"open","ping_status":"closed","template":"","meta":[],"product_cat":[300,186],"product_tag":[1426],"_links":{"self":[{"href":"https:\/\/trenaferragens.com.br\/index.php?rest_route=\/wp\/v2\/product\/4713"}],"collection":[{"href":"https:\/\/trenaferragens.com.br\/index.php?rest_route=\/wp\/v2\/product"}],"about":[{"href":"https:\/\/trenaferragens.com.br\/index.php?rest_route=\/wp\/v2\/types\/product"}],"replies":[{"embeddable":true,"href":"https:\/\/trenaferragens.com.br\/index.php?rest_route=%2Fwp%2Fv2%2Fcomments&post=4713"}],"wp:featuredmedia":[{"embeddable":true,"href":"https:\/\/trenaferragens.com.br\/index.php?rest_route=\/wp\/v2\/media\/2779"}],"wp:attachment":[{"href":"https:\/\/trenaferragens.com.br\/index.php?rest_route=%2Fwp%2Fv2%2Fmedia&parent=4713"}],"wp:term":[{"taxonomy":"product_cat","embeddable":true,"href":"https:\/\/trenaferragens.com.br\/index.php?rest_route=%2Fwp%2Fv2%2Fproduct_cat&post=4713"},{"taxonomy":"product_tag","embeddable":true,"href":"https:\/\/trenaferragens.com.br\/index.php?rest_route=%2Fwp%2Fv2%2Fproduct_tag&post=4713"}],"curies":[{"name":"wp","href":"https:\/\/api.w.org\/{rel}","templated":true}]}}