{"id":4717,"date":"2018-08-01T16:18:32","date_gmt":"2018-08-01T16:18:32","guid":{"rendered":"http:\/\/trenaferragens1.hospedagemdesites.ws\/produto\/import-placeholder-for-6969\/"},"modified":"2018-08-01T16:18:48","modified_gmt":"2018-08-01T16:18:48","slug":"caixa-de-luz-amarela","status":"publish","type":"product","link":"https:\/\/trenaferragens.com.br\/?product=caixa-de-luz-amarela","title":{"rendered":"Caixa de Luz Amarela"},"content":{"rendered":"<h4 class=\"title\">Caixa de Luz Amarela<\/h4>\n<p>A Tigre Tubos e Conex\u00f5es oferta solu\u00e7\u00f5es recheadas de inova\u00e7\u00e3o e qualidade. A empresa possui linhas para os segmentos Predial, Industrial, Infraestrutura e Irriga\u00e7\u00e3o. S\u00e3o linhas completas, com produtos de excelente durabilidade, que garantem total tranquilidade na hora de construir ou reformar.<\/p>\n","protected":false},"excerpt":{"rendered":"<h4 class=\"title\">Caixa de Luz Amarela<\/h4>\n<p>DISPON\u00cdVEL NAS OP\u00c7\u00d5ES<\/p>\n<p>Caixa de Luz Amarela 3&#215;3<\/p>\n<p>Caixa de Luz Amarela 4&#215;2<\/p>\n<p>&nbsp;<\/p>\n","protected":false},"featured_media":2804,"comment_status":"open","ping_status":"closed","template":"","meta":[],"product_cat":[300,186],"product_tag":[1430],"_links":{"self":[{"href":"https:\/\/trenaferragens.com.br\/index.php?rest_route=\/wp\/v2\/product\/4717"}],"collection":[{"href":"https:\/\/trenaferragens.com.br\/index.php?rest_route=\/wp\/v2\/product"}],"about":[{"href":"https:\/\/trenaferragens.com.br\/index.php?rest_route=\/wp\/v2\/types\/product"}],"replies":[{"embeddable":true,"href":"https:\/\/trenaferragens.com.br\/index.php?rest_route=%2Fwp%2Fv2%2Fcomments&post=4717"}],"wp:featuredmedia":[{"embeddable":true,"href":"https:\/\/trenaferragens.com.br\/index.php?rest_route=\/wp\/v2\/media\/2804"}],"wp:attachment":[{"href":"https:\/\/trenaferragens.com.br\/index.php?rest_route=%2Fwp%2Fv2%2Fmedia&parent=4717"}],"wp:term":[{"taxonomy":"product_cat","embeddable":true,"href":"https:\/\/trenaferragens.com.br\/index.php?rest_route=%2Fwp%2Fv2%2Fproduct_cat&post=4717"},{"taxonomy":"product_tag","embeddable":true,"href":"https:\/\/trenaferragens.com.br\/index.php?rest_route=%2Fwp%2Fv2%2Fproduct_tag&post=4717"}],"curies":[{"name":"wp","href":"https:\/\/api.w.org\/{rel}","templated":true}]}}