{"id":4754,"date":"2018-08-01T16:19:44","date_gmt":"2018-08-01T16:19:44","guid":{"rendered":"http:\/\/trenaferragens1.hospedagemdesites.ws\/produto\/import-placeholder-for-7047\/"},"modified":"2018-08-01T16:20:12","modified_gmt":"2018-08-01T16:20:12","slug":"valvula-pe-roscavel","status":"publish","type":"product","link":"https:\/\/trenaferragens.com.br\/?product=valvula-pe-roscavel","title":{"rendered":"V\u00e1lvula PE Rosc\u00e1vel"},"content":{"rendered":"<p class=\"title\">V\u00e1lvula PE Rosc\u00e1vel<\/p>\n<p>A Tigre Tubos e Conex\u00f5es oferta solu\u00e7\u00f5es recheadas de inova\u00e7\u00e3o e qualidade. A empresa possui linhas para os segmentos Predial, Industrial, Infraestrutura e Irriga\u00e7\u00e3o. S\u00e3o linhas completas, com produtos de excelente durabilidade, que garantem total tranquilidade na hora de construir ou reformar.<\/p>\n","protected":false},"excerpt":{"rendered":"<h4 class=\"title\">V\u00e1lvula PE Rosc\u00e1vel<\/h4>\n<p>DISPON\u00cdVEL NAS OP\u00c7\u00d5ES<\/p>\n<h4 class=\"title\">V\u00e1lvula PE Rosc\u00e1vel 11\/4<\/h4>\n<h4 class=\"title\">V\u00e1lvula PE Rosc\u00e1vel 1.1\/2<\/h4>\n<h4 class=\"title\">V\u00e1lvula PE Rosc\u00e1vel 25MM<\/h4>\n<h4 class=\"title\">V\u00e1lvula PE Rosc\u00e1vel 3\/4<\/h4>\n<h3 class=\"h4 product-description-sub\">BENEF\u00cdCIOS<\/h3>\n<ul>\n<li>Evita a necessidade de escorva freq\u00fcente.<\/li>\n<li>Longa durabilidade.<\/li>\n<li>Facilidade de instala\u00e7\u00e3o.<\/li>\n<\/ul>\n<h4>CARACTER\u00cdSTICAS<\/h4>\n<ul>\n<li>Solu\u00e7\u00e3o econ\u00f4mica.<\/li>\n<li>Facilidade de instala\u00e7\u00e3o &#8211; praticidade e leveza.<\/li>\n<li>Dispensa manuten\u00e7\u00e3o.<\/li>\n<li>Durabilidade.<\/li>\n<li>Veda\u00e7\u00e3o eficiente.<\/li>\n<\/ul>\n","protected":false},"featured_media":2878,"comment_status":"open","ping_status":"closed","template":"","meta":[],"product_cat":[300,186],"product_tag":[1467],"_links":{"self":[{"href":"https:\/\/trenaferragens.com.br\/index.php?rest_route=\/wp\/v2\/product\/4754"}],"collection":[{"href":"https:\/\/trenaferragens.com.br\/index.php?rest_route=\/wp\/v2\/product"}],"about":[{"href":"https:\/\/trenaferragens.com.br\/index.php?rest_route=\/wp\/v2\/types\/product"}],"replies":[{"embeddable":true,"href":"https:\/\/trenaferragens.com.br\/index.php?rest_route=%2Fwp%2Fv2%2Fcomments&post=4754"}],"wp:featuredmedia":[{"embeddable":true,"href":"https:\/\/trenaferragens.com.br\/index.php?rest_route=\/wp\/v2\/media\/2878"}],"wp:attachment":[{"href":"https:\/\/trenaferragens.com.br\/index.php?rest_route=%2Fwp%2Fv2%2Fmedia&parent=4754"}],"wp:term":[{"taxonomy":"product_cat","embeddable":true,"href":"https:\/\/trenaferragens.com.br\/index.php?rest_route=%2Fwp%2Fv2%2Fproduct_cat&post=4754"},{"taxonomy":"product_tag","embeddable":true,"href":"https:\/\/trenaferragens.com.br\/index.php?rest_route=%2Fwp%2Fv2%2Fproduct_tag&post=4754"}],"curies":[{"name":"wp","href":"https:\/\/api.w.org\/{rel}","templated":true}]}}