{"id":4782,"date":"2018-08-01T16:20:32","date_gmt":"2018-08-01T16:20:32","guid":{"rendered":"http:\/\/trenaferragens1.hospedagemdesites.ws\/produto\/import-placeholder-for-7115\/"},"modified":"2018-08-01T16:20:55","modified_gmt":"2018-08-01T16:20:55","slug":"tubo-cobre-elumagas","status":"publish","type":"product","link":"https:\/\/trenaferragens.com.br\/?product=tubo-cobre-elumagas","title":{"rendered":"Tubo Cobre ElumaG\u00e1s"},"content":{"rendered":"<p>Tubo Cobre ElumaG\u00e1s<\/p>\n<p>Os tubos de cobre s\u00e3o fabricados por extrus\u00e3o e podem ser fornecidos nos formatos reto, rolo, carretel, panqueca, entre outros, com dimensionais variados dentro de um limite de fabrica\u00e7\u00e3o amplo.<\/p>\n<p>Atualmente a Paranapanema produz os tubos em ligas de cobre, para diversos segmentos de mercado, atendendo assim uma vasta quantidade de aplica\u00e7\u00f5es.<\/p>\n<p>Os tubos de cobre s\u00e3o utilizados na fabrica\u00e7\u00e3o de trocadores de calor, na utiliza\u00e7\u00e3o de gabinetes de refrigera\u00e7\u00e3o, frigor\u00edficos, aquecedores solar, usinas de a\u00e7\u00facar e radiadores automotivos. Al\u00e9m do nosso limite de fabrica\u00e7\u00e3o, que compreende as ligas acima, sempre estamos abertos para novas oportunidades, ligas novas e aplica\u00e7\u00f5es que requeiram grande aporte tecnol\u00f3gico.<\/p>\n","protected":false},"excerpt":{"rendered":"<p>Tubo Cobre ElumaG\u00e1s<\/p>\n<p>DISPON\u00cdVEL NOS TAMANHOS:<\/p>\n<p>Tubo Cobre ElumaG\u00e1s 1\/4 (6,35X0, 79MM) EMB. 45 KG<\/p>\n<p>Tubo Cobre ElumaG\u00e1s 5\/8 (15,87X0, 79MM) EMB. 35KG<\/p>\n","protected":false},"featured_media":2936,"comment_status":"open","ping_status":"closed","template":"","meta":[],"product_cat":[235,186],"product_tag":[1494],"_links":{"self":[{"href":"https:\/\/trenaferragens.com.br\/index.php?rest_route=\/wp\/v2\/product\/4782"}],"collection":[{"href":"https:\/\/trenaferragens.com.br\/index.php?rest_route=\/wp\/v2\/product"}],"about":[{"href":"https:\/\/trenaferragens.com.br\/index.php?rest_route=\/wp\/v2\/types\/product"}],"replies":[{"embeddable":true,"href":"https:\/\/trenaferragens.com.br\/index.php?rest_route=%2Fwp%2Fv2%2Fcomments&post=4782"}],"wp:featuredmedia":[{"embeddable":true,"href":"https:\/\/trenaferragens.com.br\/index.php?rest_route=\/wp\/v2\/media\/2936"}],"wp:attachment":[{"href":"https:\/\/trenaferragens.com.br\/index.php?rest_route=%2Fwp%2Fv2%2Fmedia&parent=4782"}],"wp:term":[{"taxonomy":"product_cat","embeddable":true,"href":"https:\/\/trenaferragens.com.br\/index.php?rest_route=%2Fwp%2Fv2%2Fproduct_cat&post=4782"},{"taxonomy":"product_tag","embeddable":true,"href":"https:\/\/trenaferragens.com.br\/index.php?rest_route=%2Fwp%2Fv2%2Fproduct_tag&post=4782"}],"curies":[{"name":"wp","href":"https:\/\/api.w.org\/{rel}","templated":true}]}}