{"id":4783,"date":"2018-08-01T16:20:33","date_gmt":"2018-08-01T16:20:33","guid":{"rendered":"http:\/\/trenaferragens1.hospedagemdesites.ws\/produto\/import-placeholder-for-7119\/"},"modified":"2018-08-01T16:20:55","modified_gmt":"2018-08-01T16:20:55","slug":"tubo-de-aco-carbono-5580m-apolo","status":"publish","type":"product","link":"https:\/\/trenaferragens.com.br\/?product=tubo-de-aco-carbono-5580m-apolo","title":{"rendered":"Tubo de A\u00e7o Carbono 5580M Apolo"},"content":{"rendered":"<p>Tubo de A\u00e7o Carbono 5580M Apolo<\/p>\n<p>A Apolo come\u00e7ou a operar em 1938, primeira empresa industrial do Grupo Peixoto de Castro e pioneira no Brasil na fabrica\u00e7\u00e3o de tubos de a\u00e7o ERW. A Apolo Tubos e Equipamentos est\u00e1 instalada em uma unidade fabril no Rio de Janeiro em um dos principais p\u00f3los industriais do pa\u00eds.<\/p>\n<p>Muito desta trajet\u00f3ria vitoriosa pode ser atribu\u00eddo \u00e0 dedica\u00e7\u00e3o do elemento humano, o que proporcionou a forma\u00e7\u00e3o de profissionais altamente qualificados, sempre atentos \u00e0 satisfa\u00e7\u00e3o de seus clientes e sempre conscientes das necessidades de seus fornecedores. Enfim, uma atua\u00e7\u00e3o voltada para o sucesso dos parceiros como a forma de obter suas pr\u00f3prias vit\u00f3rias.<\/p>\n<p>Essa agilidade em definir novos horizontes possibilitou uma precisa adequa\u00e7\u00e3o ao mundo globalizado, sobretudo gra\u00e7as ao processo de verticaliza\u00e7\u00e3o dos neg\u00f3cios, dos pesados investimentos em tecnologia, do compromisso com o meio ambiente, das parcerias com empresas especializadas, do esfor\u00e7o cont\u00ednuo pela competitividade internacional; uma postura que, al\u00e9m de garantir a conquista das normas ISO por toda as empresas do Grupo, nos traz a certeza de outros anos \u00e0 frente.<\/p>\n<p>&nbsp;<\/p>\n","protected":false},"excerpt":{"rendered":"<p>Tubo de A\u00e7o Carbono 5580M Apolo<\/p>\n<p>Contamos com um estoque completo de tubos preto para condu\u00e7\u00e3o de ar comprimido, \u00f3leo, \u00e1gua e outros flu\u00eddos.<\/p>\n<p>Seguimos padr\u00f5es internacionais de qualidade, nossa linha de tubos preto est\u00e1 qualificada dentro das normas de qualidade e seguran\u00e7a do mercado, como NBR 5590, NBR 5580, DIN 2440 e outras.<\/p>\n<p>Aplicamos as melhores tecnologias para oferecer produtos de qualidade e com o melhor custo-benef\u00edcio para nossos clientes.<\/p>\n<p>DISPON\u00cdVEL NOS TAMANHOS:<\/p>\n<p>TUBO DE ACO CARBONO PRETO 5580M (DIM) 3\/4 APOLO<\/p>\n<p>Tubo de A\u00e7o Carbono 5580M Apolo (DIM) 1 APOLO<\/p>\n<p>Tubo de A\u00e7o Carbono 5580M Apolo (DIM) 1.1\/4 APOLO<\/p>\n<p>Tubo de A\u00e7o Carbono 5580M Apolo (DIM) 1.1\/2 APOLO<\/p>\n<p>Tubo de A\u00e7o Carbono 5580M Apolo (DIM) 2 APOLO<\/p>\n<p>Tubo de A\u00e7o Carbono 5580M Apolo (DIM) 2.1\/2 APOLO<\/p>\n<p>Tubo de A\u00e7o Carbono 5580M Apolo (DIM) 3 APOLO<\/p>\n<p>Tubo de A\u00e7o Carbono 5580M Apolo (DIM) 4 APOLO<\/p>\n<p>Tubo de A\u00e7o Carbono 5580M Apolo (DIM) 5 APOLO<\/p>\n<p>Tubo de A\u00e7o Carbono 5580M Apolo (DIM) 6 APOLO<\/p>\n<p>Tubo de A\u00e7o Carbono 5580M Apolo PRETO NBR6591 7.3MM &#8211; 8 APOLO<\/p>\n","protected":false},"featured_media":275,"comment_status":"open","ping_status":"closed","template":"","meta":[],"product_cat":[185,186],"product_tag":[1495],"_links":{"self":[{"href":"https:\/\/trenaferragens.com.br\/index.php?rest_route=\/wp\/v2\/product\/4783"}],"collection":[{"href":"https:\/\/trenaferragens.com.br\/index.php?rest_route=\/wp\/v2\/product"}],"about":[{"href":"https:\/\/trenaferragens.com.br\/index.php?rest_route=\/wp\/v2\/types\/product"}],"replies":[{"embeddable":true,"href":"https:\/\/trenaferragens.com.br\/index.php?rest_route=%2Fwp%2Fv2%2Fcomments&post=4783"}],"wp:featuredmedia":[{"embeddable":true,"href":"https:\/\/trenaferragens.com.br\/index.php?rest_route=\/wp\/v2\/media\/275"}],"wp:attachment":[{"href":"https:\/\/trenaferragens.com.br\/index.php?rest_route=%2Fwp%2Fv2%2Fmedia&parent=4783"}],"wp:term":[{"taxonomy":"product_cat","embeddable":true,"href":"https:\/\/trenaferragens.com.br\/index.php?rest_route=%2Fwp%2Fv2%2Fproduct_cat&post=4783"},{"taxonomy":"product_tag","embeddable":true,"href":"https:\/\/trenaferragens.com.br\/index.php?rest_route=%2Fwp%2Fv2%2Fproduct_tag&post=4783"}],"curies":[{"name":"wp","href":"https:\/\/api.w.org\/{rel}","templated":true}]}}