{"id":4787,"date":"2018-08-01T16:20:36","date_gmt":"2018-08-01T16:20:36","guid":{"rendered":"http:\/\/trenaferragens1.hospedagemdesites.ws\/produto\/import-placeholder-for-7125\/"},"modified":"2018-08-01T16:20:58","modified_gmt":"2018-08-01T16:20:58","slug":"mola-p-porta-200-2-dorma","status":"publish","type":"product","link":"https:\/\/trenaferragens.com.br\/?product=mola-p-porta-200-2-dorma","title":{"rendered":"Mola P\/Porta 200\/2 Dorma"},"content":{"rendered":"<p>Mola P\/Porta 200\/2 Dorma<\/p>\n<p>DORMA foi fundada em 1908, em Ennepetal, Alemanha. No Brasil, iniciou suas atividades em 1984, estabelecendo-se em Tambor\u00e9, S\u00e3o Paulo, em 1986, atendendo toda a Am\u00e9rica Latina. O p\u00fablico em geral associa este nome de marca com molas a\u00e9reas e de piso. No entanto, para os experts (especialistas, arquitetos e engenheiros), a reputa\u00e7\u00e3o de excel\u00eancia da DORMA em molas a\u00e9reas e de piso se estende para uma ampla gama de produtos. E n\u00e3o poderia ser diferente: n\u00e3o existe um \u00fanico grande aeroporto, shopping, hospital ou hotel por todo o pa\u00eds em que n\u00e3o se encontre uma solu\u00e7\u00e3o dada pela DORMA.<\/p>\n<p>No Brasil, pr\u00f3ximo de 3.000 itens s\u00e3o produzidos. N\u00e3o somente o mercado brasileiro se beneficia desta produ\u00e7\u00e3o, milh\u00f5es de pessoas ao redor do mundo fazem uso di\u00e1rio da tecnologia DORMA produzida no Brasil.<\/p>\n","protected":false},"excerpt":{"rendered":"<p>Mola P\/Porta 200\/2 Dorma<\/p>\n<p>Caracter\u00edsticas T\u00e9cnicas<\/p>\n<ul>\n<li>Solu\u00e7\u00e3o ideal para portas convencionais<\/li>\n<li>Um \u00fanico modelo para qualquer tamanho de porta de 700 a 1100mm &#8211; o quesimplifica o estoque<\/li>\n<li>Aplica\u00e7\u00e3o direita e esquerda<\/li>\n<li>Instala\u00e7\u00e3o f\u00e1cil e r\u00e1pida<\/li>\n<li>Pode ser instalada em qualquer tipo de porta<\/li>\n<li>Um modelo \u00fanico para qualquer posi\u00e7\u00e3o de instala\u00e7\u00e3o<\/li>\n<li>Otimiza\u00e7\u00e3o da velocidade de fechamento com duas v\u00e1lvulas de regulagem<\/li>\n<\/ul>\n<p>Aplica\u00e7\u00e3o<\/p>\n<p>\u2022 Solu\u00e7\u00e3o ideal para portas convencionais.<\/p>\n<p>\u2022 Um \u00fanico modelo para qualquer tamanho de porta de 700 a 1100mm &#8211; o quesimplifica o estoque.<\/p>\n<p>Caracter\u00edstica<\/p>\n<p>\u2022 Aplica\u00e7\u00e3o direita e esquerda<\/p>\n<p>\u2022 Instala\u00e7\u00e3o f\u00e1cil e r\u00e1pida<\/p>\n<p>\u2022 Pode ser instalada em qualquer tipo de porta<\/p>\n<p>\u2022 Um modelo \u00fanico para qualquer posi\u00e7\u00e3o de instala\u00e7\u00e3o<\/p>\n<p>\u2022 Otimiza\u00e7\u00e3o da velocidade de fechamento com duas v\u00e1lvulas de regulagem<\/p>\n<p>DISPON\u00cdVEL NAS OP\u00c7\u00d5ES<\/p>\n<ul>\n<li>Mola P\/Porta 200\/2 Dorma &#8211; Branca<\/li>\n<li>Mola P\/Porta 200\/2 Dorma &#8211; Ouro<\/li>\n<li>Mola P\/Porta 200\/2 Dorma &#8211; Prata<\/li>\n<\/ul>\n","protected":false},"featured_media":2938,"comment_status":"closed","ping_status":"closed","template":"","meta":[],"product_cat":[1852],"product_tag":[1499],"_links":{"self":[{"href":"https:\/\/trenaferragens.com.br\/index.php?rest_route=\/wp\/v2\/product\/4787"}],"collection":[{"href":"https:\/\/trenaferragens.com.br\/index.php?rest_route=\/wp\/v2\/product"}],"about":[{"href":"https:\/\/trenaferragens.com.br\/index.php?rest_route=\/wp\/v2\/types\/product"}],"replies":[{"embeddable":true,"href":"https:\/\/trenaferragens.com.br\/index.php?rest_route=%2Fwp%2Fv2%2Fcomments&post=4787"}],"wp:featuredmedia":[{"embeddable":true,"href":"https:\/\/trenaferragens.com.br\/index.php?rest_route=\/wp\/v2\/media\/2938"}],"wp:attachment":[{"href":"https:\/\/trenaferragens.com.br\/index.php?rest_route=%2Fwp%2Fv2%2Fmedia&parent=4787"}],"wp:term":[{"taxonomy":"product_cat","embeddable":true,"href":"https:\/\/trenaferragens.com.br\/index.php?rest_route=%2Fwp%2Fv2%2Fproduct_cat&post=4787"},{"taxonomy":"product_tag","embeddable":true,"href":"https:\/\/trenaferragens.com.br\/index.php?rest_route=%2Fwp%2Fv2%2Fproduct_tag&post=4787"}],"curies":[{"name":"wp","href":"https:\/\/api.w.org\/{rel}","templated":true}]}}