{"id":4807,"date":"2018-08-01T16:21:14","date_gmt":"2018-08-01T16:21:14","guid":{"rendered":"http:\/\/trenaferragens1.hospedagemdesites.ws\/produto\/import-placeholder-for-7174\/"},"modified":"2018-08-01T16:21:44","modified_gmt":"2018-08-01T16:21:44","slug":"solda-bombeiro-tubete-soft-metais","status":"publish","type":"product","link":"https:\/\/trenaferragens.com.br\/?product=solda-bombeiro-tubete-soft-metais","title":{"rendered":"Solda Bombeiro Tubete Soft Metais"},"content":{"rendered":"<p>Solda Bombeiro Tubete Soft Metais<\/p>\n<p>A Soft Metais ltda.<\/p>\n<p>Fundada em 1986, a\u00a0Soft Metais\u00a0fabrica, comercializa e distribui todos os tipos de ligas a base de estanho para as mais diversas utiliza\u00e7\u00f5es, al\u00e9m de fluxos para soldagem e fios de zinco para utiliza\u00e7\u00e3o em revestimentos de superf\u00edcies atrav\u00e9s de pistolas de metaliza\u00e7\u00e3o em spray (a arco voltaico ou chama).<\/p>\n<p>Estabelecida em sede pr\u00f3pria na cidade de Bebedouro no norte do estado de S\u00e3o Paulo desde 1994, tem no potencial humano seu maior patrim\u00f4nio e fonte de investimento. Empresa orientada para o atendimento ao cliente, tem seu sistema de qualidade certificado pelas normas da s\u00e9rie ISO 9000 desde dezembro de 1997. Laborat\u00f3rios pr\u00f3prios garantem o controle de tudo aquilo que \u00e9 adquirido, processado e tamb\u00e9m de todos os produtos vendidos, que s\u00e3o sempre acompanhados do competente certificado de qualidade.<\/p>\n<p>Baseada em s\u00f3lidas parceiras com grupos mineradores no Brasil e no exterior, tem abastecimento das mat\u00e9rias primas met\u00e1licas garantido o ano todo. Este fato, aliado \u00e0 enorme capacidade de transforma\u00e7\u00e3o, permite o r\u00e1pido atendimento ao cliente em toda sua extensa linha de produtos com mais de 600 itens.<\/p>\n<p>Parcerias de transfer\u00eancia de tecnologia com empresas alem\u00e3s e norte-americanas garantem a fabrica\u00e7\u00e3o sob licen\u00e7a e distribui\u00e7\u00e3o dos produtos mais avan\u00e7ados para a ind\u00fastria eletr\u00f4nica, tais como pasta em solda e adesivos para SMD, fluxos especiais e outros produtos utilizados globalmente pelas montadoras de celulares, aparelhos de som &amp; imagem, telecomunica\u00e7\u00f5es e outros.<\/p>\n","protected":false},"excerpt":{"rendered":"<p align=\"justify\">Solda Bombeiro Tubete Soft Metais<\/p>\n","protected":false},"featured_media":2972,"comment_status":"open","ping_status":"closed","template":"","meta":[],"product_cat":[1854],"product_tag":[1519],"_links":{"self":[{"href":"https:\/\/trenaferragens.com.br\/index.php?rest_route=\/wp\/v2\/product\/4807"}],"collection":[{"href":"https:\/\/trenaferragens.com.br\/index.php?rest_route=\/wp\/v2\/product"}],"about":[{"href":"https:\/\/trenaferragens.com.br\/index.php?rest_route=\/wp\/v2\/types\/product"}],"replies":[{"embeddable":true,"href":"https:\/\/trenaferragens.com.br\/index.php?rest_route=%2Fwp%2Fv2%2Fcomments&post=4807"}],"wp:featuredmedia":[{"embeddable":true,"href":"https:\/\/trenaferragens.com.br\/index.php?rest_route=\/wp\/v2\/media\/2972"}],"wp:attachment":[{"href":"https:\/\/trenaferragens.com.br\/index.php?rest_route=%2Fwp%2Fv2%2Fmedia&parent=4807"}],"wp:term":[{"taxonomy":"product_cat","embeddable":true,"href":"https:\/\/trenaferragens.com.br\/index.php?rest_route=%2Fwp%2Fv2%2Fproduct_cat&post=4807"},{"taxonomy":"product_tag","embeddable":true,"href":"https:\/\/trenaferragens.com.br\/index.php?rest_route=%2Fwp%2Fv2%2Fproduct_tag&post=4807"}],"curies":[{"name":"wp","href":"https:\/\/api.w.org\/{rel}","templated":true}]}}