{"id":4811,"date":"2018-08-01T16:21:17","date_gmt":"2018-08-01T16:21:17","guid":{"rendered":"http:\/\/trenaferragens1.hospedagemdesites.ws\/produto\/import-placeholder-for-7181\/"},"modified":"2018-08-01T16:21:47","modified_gmt":"2018-08-01T16:21:47","slug":"canaleta-aluminio-l-c-3mt","status":"publish","type":"product","link":"https:\/\/trenaferragens.com.br\/?product=canaleta-aluminio-l-c-3mt","title":{"rendered":"Canaleta Alum\u00ednio L C\/3MT"},"content":{"rendered":"<p>Canaleta Alum\u00ednio L C\/3MT<\/p>\n<p>&nbsp;<\/p>\n","protected":false},"excerpt":{"rendered":"<p>Canaleta Alum\u00ednio L C\/3MT<\/p>\n<p>DISPON\u00cdVEL NAS OP\u00c7\u00d5ES<\/p>\n<p>Canaleta Alum\u00ednio L C\/3MT 5\/8<\/p>\n<p>Canaleta Alum\u00ednio L C\/3MT 3\/4<\/p>\n<p>Canaleta Alum\u00ednio L C\/3MT 1<\/p>\n","protected":false},"featured_media":2989,"comment_status":"open","ping_status":"closed","template":"","meta":[],"product_cat":[1094],"product_tag":[1523],"_links":{"self":[{"href":"https:\/\/trenaferragens.com.br\/index.php?rest_route=\/wp\/v2\/product\/4811"}],"collection":[{"href":"https:\/\/trenaferragens.com.br\/index.php?rest_route=\/wp\/v2\/product"}],"about":[{"href":"https:\/\/trenaferragens.com.br\/index.php?rest_route=\/wp\/v2\/types\/product"}],"replies":[{"embeddable":true,"href":"https:\/\/trenaferragens.com.br\/index.php?rest_route=%2Fwp%2Fv2%2Fcomments&post=4811"}],"wp:featuredmedia":[{"embeddable":true,"href":"https:\/\/trenaferragens.com.br\/index.php?rest_route=\/wp\/v2\/media\/2989"}],"wp:attachment":[{"href":"https:\/\/trenaferragens.com.br\/index.php?rest_route=%2Fwp%2Fv2%2Fmedia&parent=4811"}],"wp:term":[{"taxonomy":"product_cat","embeddable":true,"href":"https:\/\/trenaferragens.com.br\/index.php?rest_route=%2Fwp%2Fv2%2Fproduct_cat&post=4811"},{"taxonomy":"product_tag","embeddable":true,"href":"https:\/\/trenaferragens.com.br\/index.php?rest_route=%2Fwp%2Fv2%2Fproduct_tag&post=4811"}],"curies":[{"name":"wp","href":"https:\/\/api.w.org\/{rel}","templated":true}]}}