{"id":4814,"date":"2018-08-01T16:21:20","date_gmt":"2018-08-01T16:21:20","guid":{"rendered":"http:\/\/trenaferragens1.hospedagemdesites.ws\/produto\/import-placeholder-for-7187\/"},"modified":"2018-08-01T16:21:50","modified_gmt":"2018-08-01T16:21:50","slug":"lixa-dagua-2","status":"publish","type":"product","link":"https:\/\/trenaferragens.com.br\/?product=lixa-dagua-2","title":{"rendered":"Lixa D&#8217;\u00c1gua"},"content":{"rendered":"<p>Lixa D&#8217;\u00c1gua<\/p>\n<p>LIXAS TATU<\/p>\n<p class=\"font_7\">Fundada em 1903, a GK Abrasivos detentora da marca Lixas Tatu iniciou seus trabalhos como fabricantes de lixas e pouco tempo depois j\u00e1 era considerada um dos grandes nomes do segmento.<\/p>\n<p class=\"font_7\">A marca Lixas Tatu busca continuamente oferecer a m\u00e1xima qualidade e performance de produtos inovando e aprimorando sempre seus processos de fabrica\u00e7\u00e3o. Ind\u00fastria 100% Nacional e tradicionalmente conhecida pelo \u201cTatu\u201d, tem um portif\u00f3lio completo de abrasivos revestidos para uma ampla variedade de segmentos, desde a constru\u00e7\u00e3o civil, passando pela ind\u00fastria moveleira, repara\u00e7\u00e3o automotiva e metalurgia at\u00e9 a \u00e1rea de beleza.<\/p>\n<p class=\"font_7\">A GK Abrasivos al\u00e9m de administrar a marca Lixas Tatu tem parceria com Luigui T\u00eaxtil e Aut\u00eantica.<\/p>\n","protected":false},"excerpt":{"rendered":"<p>Lixa D&#8217;\u00c1gua<\/p>\n<p class=\"font_8\">Lixa indicada para remo\u00e7\u00e3o e acabamento de vernizes, tintas, primers, massa pl\u00e1stica e poli\u00e9ster em superf\u00edcies met\u00e1licas, fibra de vidro e repara\u00e7\u00e3o automotiva para as opera\u00e7\u00f5es de lixamento e polimento. Produzida com papel l\u00e1tex \u00e0 prova d\u00b4\u00e1gua proporcionando maior flexibilidade e melhor acabamento.<\/p>\n<p class=\"font_8\">Folhas: 225mm x 275mm<\/p>\n<p class=\"font_8\">Embalagem: 50 folhas<\/p>\n<p class=\"font_8\">Rolos: 225mm x 45.000mm<\/p>\n<p class=\"font_8\">Discos: 5\u00a8, 6\u00a8e 9\u00a8- Costado com pluma<\/p>\n<p class=\"font_8\">Desbaste: 80 \/ 100<\/p>\n<p class=\"font_8\">Semi acabamento: 120 \/ 150 \/ 180<\/p>\n<p class=\"font_8\">Acabamento: 220 \/ 240 \/ 280 \/ 320<\/p>\n<p class=\"font_8\">Fino acabamento: 360 \/ 400 \/ 600<\/p>\n","protected":false},"featured_media":2992,"comment_status":"open","ping_status":"closed","template":"","meta":[],"product_cat":[178],"product_tag":[267],"_links":{"self":[{"href":"https:\/\/trenaferragens.com.br\/index.php?rest_route=\/wp\/v2\/product\/4814"}],"collection":[{"href":"https:\/\/trenaferragens.com.br\/index.php?rest_route=\/wp\/v2\/product"}],"about":[{"href":"https:\/\/trenaferragens.com.br\/index.php?rest_route=\/wp\/v2\/types\/product"}],"replies":[{"embeddable":true,"href":"https:\/\/trenaferragens.com.br\/index.php?rest_route=%2Fwp%2Fv2%2Fcomments&post=4814"}],"wp:featuredmedia":[{"embeddable":true,"href":"https:\/\/trenaferragens.com.br\/index.php?rest_route=\/wp\/v2\/media\/2992"}],"wp:attachment":[{"href":"https:\/\/trenaferragens.com.br\/index.php?rest_route=%2Fwp%2Fv2%2Fmedia&parent=4814"}],"wp:term":[{"taxonomy":"product_cat","embeddable":true,"href":"https:\/\/trenaferragens.com.br\/index.php?rest_route=%2Fwp%2Fv2%2Fproduct_cat&post=4814"},{"taxonomy":"product_tag","embeddable":true,"href":"https:\/\/trenaferragens.com.br\/index.php?rest_route=%2Fwp%2Fv2%2Fproduct_tag&post=4814"}],"curies":[{"name":"wp","href":"https:\/\/api.w.org\/{rel}","templated":true}]}}